{"id":3232,"date":"2021-07-31T08:00:05","date_gmt":"2021-07-31T08:00:05","guid":{"rendered":"https:\/\/onlineharassmentfieldmanual.pen.org\/footer-text\/"},"modified":"2021-10-13T21:44:10","modified_gmt":"2021-10-13T21:44:10","slug":"footer-text","status":"publish","type":"page","link":"https:\/\/onlineharassmentfieldmanual.pen.org\/fr\/footer-text\/","title":{"rendered":"Footer Text"},"content":{"rendered":"<div class=\"wpb-content-wrapper\">[vc_row full_width=\u00a0\u00bbstretch_row\u00a0\u00bb remove_bottom_col_margin=\u00a0\u00bbtrue\u00a0\u00bb][vc_column width=\u00a0\u00bb3\/4&Prime;][vc_column_text font_size=\u00a0\u00bb16px\u00a0\u00bb line_height=\u00a0\u00bb25px\u00a0\u00bb]<strong>A propos de PEN America:<\/strong> Fond\u00e9e 1922, l\u2019organisation PEN America travaille \u00e0 l&rsquo;intersection entre la litt\u00e9rature et les droits humains pour prot\u00e9ger la libert\u00e9 d\u2019expression aux \u00c9tats-Unis et dans le reste du monde. Nous c\u00e9l\u00e9brons la libert\u00e9 d&rsquo;\u00e9crire, en reconnaissant le pouvoir des mots et de leur capacit\u00e9 \u00e0 transformer le monde. Notre mission est de r\u00e9unir les \u00e9crivain(e)s et leurs alli\u00e9(e)s pour mettre en lumi\u00e8re l\u2019expression cr\u00e9ative et d\u00e9fendre les libert\u00e9s qui la rendent possible. Pour plus d\u2019informations: <a href=\"https:\/\/pen.org\/\">pen.org<\/a>. <em>Ce site web a pu \u00eatre r\u00e9alis\u00e9 gr\u00e2ce au soutien de New York Community Trust, Craig Newmark Philanthropies et Jigsaw.<\/em>[\/vc_column_text][\/vc_column][vc_column width=\u00a0\u00bb1\/4&Prime; css=\u00a0\u00bb.vc_custom_1524085143925{padding-top: 5px !important;}\u00a0\u00bb][vc_column_text]<img loading=\"lazy\" decoding=\"async\" class=\"alignnone wp-image-2575 size-medium\" src=\"https:\/\/onlineharassmentfieldmanual.pen.org\/wp-content\/uploads\/2019\/08\/craig-newmark-philanthropies-logo-orange-300x22.png\" alt=\"Craig Newmark Philanthropies\" width=\"300\" height=\"31\" \/><\/p>\n<p><img loading=\"lazy\" decoding=\"async\" class=\"alignright wp-image-2531 size-medium\" src=\"https:\/\/onlineharassmentfieldmanual.pen.org\/wp-content\/uploads\/2018\/04\/NYCT_logo_small-300x88.jpg\" alt=\"\" width=\"300\" height=\"88\" srcset=\"https:\/\/onlineharassmentfieldmanual.pen.org\/wp-content\/uploads\/2018\/04\/NYCT_logo_small-300x88.jpg 300w, https:\/\/onlineharassmentfieldmanual.pen.org\/wp-content\/uploads\/2018\/04\/NYCT_logo_small.jpg 500w\" sizes=\"auto, (max-width: 300px) 100vw, 300px\" \/><br \/>\n<img loading=\"lazy\" decoding=\"async\" class=\"alignnone wp-image-3303\" src=\"https:\/\/onlineharassmentfieldmanual.pen.org\/wp-content\/uploads\/2021\/10\/Jigsaw_logomark_rgb_black-1.png\" alt=\"Jigsaw logo\" width=\"548\" height=\"90\" srcset=\"https:\/\/onlineharassmentfieldmanual.pen.org\/wp-content\/uploads\/2021\/10\/Jigsaw_logomark_rgb_black-1.png 4385w, https:\/\/onlineharassmentfieldmanual.pen.org\/wp-content\/uploads\/2021\/10\/Jigsaw_logomark_rgb_black-1-300x49.png 300w, https:\/\/onlineharassmentfieldmanual.pen.org\/wp-content\/uploads\/2021\/10\/Jigsaw_logomark_rgb_black-1-1024x168.png 1024w, https:\/\/onlineharassmentfieldmanual.pen.org\/wp-content\/uploads\/2021\/10\/Jigsaw_logomark_rgb_black-1-768x126.png 768w, https:\/\/onlineharassmentfieldmanual.pen.org\/wp-content\/uploads\/2021\/10\/Jigsaw_logomark_rgb_black-1-1536x252.png 1536w, https:\/\/onlineharassmentfieldmanual.pen.org\/wp-content\/uploads\/2021\/10\/Jigsaw_logomark_rgb_black-1-2048x336.png 2048w\" sizes=\"auto, (max-width: 548px) 100vw, 548px\" \/>[\/vc_column_text][\/vc_column][\/vc_row]\n<\/div>","protected":false},"excerpt":{"rendered":"<p>[vc_row full_width=\u00a0\u00bbstretch_row\u00a0\u00bb remove_bottom_col_margin=\u00a0\u00bbtrue\u00a0\u00bb][vc_column width=\u00a0\u00bb3\/4&Prime;][vc_column_text font_size=\u00a0\u00bb16px\u00a0\u00bb line_height=\u00a0\u00bb25px\u00a0\u00bb]A propos de PEN America: Fond\u00e9e 1922, l\u2019organisation PEN America travaille \u00e0 l&rsquo;intersection entre la litt\u00e9rature et les droits humains pour prot\u00e9ger la libert\u00e9 d\u2019expression aux \u00c9tats-Unis et dans le reste du monde. Nous c\u00e9l\u00e9brons la libert\u00e9 d&rsquo;\u00e9crire, en reconnaissant le pouvoir des mots et de leur capacit\u00e9 \u00e0 transformer&hellip;<\/p>\n","protected":false},"author":23,"featured_media":0,"parent":0,"menu_order":0,"comment_status":"closed","ping_status":"closed","template":"","meta":{"footnotes":""},"categories":[],"tags":[421,422],"class_list":["post-3232","page","type-page","status-publish","hentry","tag-about-fr","tag-contact-fr","entry","no-media"],"yoast_head":"<!-- This site is optimized with the Yoast SEO plugin v27.2 - https:\/\/yoast.com\/product\/yoast-seo-wordpress\/ -->\n<title>Footer Text - Manuel de d\u00e9fense contre le cyberharc\u00e8lement<\/title>\n<meta name=\"robots\" content=\"index, follow, max-snippet:-1, max-image-preview:large, max-video-preview:-1\" \/>\n<link rel=\"canonical\" href=\"https:\/\/onlineharassmentfieldmanual.pen.org\/fr\/footer-text\/\" \/>\n<meta property=\"og:locale\" content=\"fr_FR\" \/>\n<meta property=\"og:type\" content=\"article\" \/>\n<meta property=\"og:title\" content=\"Footer Text - Manuel de d\u00e9fense contre le cyberharc\u00e8lement\" \/>\n<meta property=\"og:description\" content=\"[vc_row full_width=\u00a0\u00bbstretch_row\u00a0\u00bb remove_bottom_col_margin=\u00a0\u00bbtrue\u00a0\u00bb][vc_column width=\u00a0\u00bb3\/4&Prime;][vc_column_text font_size=\u00a0\u00bb16px\u00a0\u00bb line_height=\u00a0\u00bb25px\u00a0\u00bb]A propos de PEN America: Fond\u00e9e 1922, l\u2019organisation PEN America travaille \u00e0 l&rsquo;intersection entre la litt\u00e9rature et les droits humains pour prot\u00e9ger la libert\u00e9 d\u2019expression aux \u00c9tats-Unis et dans le reste du monde. Nous c\u00e9l\u00e9brons la libert\u00e9 d&rsquo;\u00e9crire, en reconnaissant le pouvoir des mots et de leur capacit\u00e9 \u00e0 transformer&hellip;\" \/>\n<meta property=\"og:url\" content=\"https:\/\/onlineharassmentfieldmanual.pen.org\/fr\/footer-text\/\" \/>\n<meta property=\"og:site_name\" content=\"Manuel de d\u00e9fense contre le cyberharc\u00e8lement\" \/>\n<meta property=\"article:modified_time\" content=\"2021-10-13T21:44:10+00:00\" \/>\n<meta property=\"og:image\" content=\"https:\/\/onlineharassmentfieldmanual.pen.org\/wp-content\/uploads\/2019\/08\/craig-newmark-philanthropies-logo-orange-300x22.png\" \/>\n<meta name=\"twitter:card\" content=\"summary_large_image\" \/>\n<meta name=\"twitter:label1\" content=\"Dur\u00e9e de lecture estim\u00e9e\" \/>\n\t<meta name=\"twitter:data1\" content=\"1 minute\" \/>\n<script type=\"application\/ld+json\" class=\"yoast-schema-graph\">{\"@context\":\"https:\/\/schema.org\",\"@graph\":[{\"@type\":\"WebPage\",\"@id\":\"https:\/\/onlineharassmentfieldmanual.pen.org\/fr\/footer-text\/\",\"url\":\"https:\/\/onlineharassmentfieldmanual.pen.org\/fr\/footer-text\/\",\"name\":\"Footer Text - Manuel de d\u00e9fense contre le cyberharc\u00e8lement\",\"isPartOf\":{\"@id\":\"https:\/\/onlineharassmentfieldmanual.pen.org\/#website\"},\"primaryImageOfPage\":{\"@id\":\"https:\/\/onlineharassmentfieldmanual.pen.org\/fr\/footer-text\/#primaryimage\"},\"image\":{\"@id\":\"https:\/\/onlineharassmentfieldmanual.pen.org\/fr\/footer-text\/#primaryimage\"},\"thumbnailUrl\":\"https:\/\/onlineharassmentfieldmanual.pen.org\/wp-content\/uploads\/2019\/08\/craig-newmark-philanthropies-logo-orange-300x22.png\",\"datePublished\":\"2021-07-31T08:00:05+00:00\",\"dateModified\":\"2021-10-13T21:44:10+00:00\",\"breadcrumb\":{\"@id\":\"https:\/\/onlineharassmentfieldmanual.pen.org\/fr\/footer-text\/#breadcrumb\"},\"inLanguage\":\"fr-FR\",\"potentialAction\":[{\"@type\":\"ReadAction\",\"target\":[\"https:\/\/onlineharassmentfieldmanual.pen.org\/fr\/footer-text\/\"]}]},{\"@type\":\"ImageObject\",\"inLanguage\":\"fr-FR\",\"@id\":\"https:\/\/onlineharassmentfieldmanual.pen.org\/fr\/footer-text\/#primaryimage\",\"url\":\"https:\/\/onlineharassmentfieldmanual.pen.org\/wp-content\/uploads\/2019\/08\/craig-newmark-philanthropies-logo-orange-300x22.png\",\"contentUrl\":\"https:\/\/onlineharassmentfieldmanual.pen.org\/wp-content\/uploads\/2019\/08\/craig-newmark-philanthropies-logo-orange-300x22.png\"},{\"@type\":\"BreadcrumbList\",\"@id\":\"https:\/\/onlineharassmentfieldmanual.pen.org\/fr\/footer-text\/#breadcrumb\",\"itemListElement\":[{\"@type\":\"ListItem\",\"position\":1,\"name\":\"Home\",\"item\":\"https:\/\/onlineharassmentfieldmanual.pen.org\/fr\/\"},{\"@type\":\"ListItem\",\"position\":2,\"name\":\"Footer Text\"}]},{\"@type\":\"WebSite\",\"@id\":\"https:\/\/onlineharassmentfieldmanual.pen.org\/#website\",\"url\":\"https:\/\/onlineharassmentfieldmanual.pen.org\/\",\"name\":\"Manuel de d\u00e9fense contre le cyberharc\u00e8lement\",\"description\":\"PEN America\",\"publisher\":{\"@id\":\"https:\/\/onlineharassmentfieldmanual.pen.org\/#organization\"},\"potentialAction\":[{\"@type\":\"SearchAction\",\"target\":{\"@type\":\"EntryPoint\",\"urlTemplate\":\"https:\/\/onlineharassmentfieldmanual.pen.org\/?s={search_term_string}\"},\"query-input\":{\"@type\":\"PropertyValueSpecification\",\"valueRequired\":true,\"valueName\":\"search_term_string\"}}],\"inLanguage\":\"fr-FR\"},{\"@type\":\"Organization\",\"@id\":\"https:\/\/onlineharassmentfieldmanual.pen.org\/#organization\",\"name\":\"Manuel de d\u00e9fense contre le cyberharc\u00e8lement\",\"url\":\"https:\/\/onlineharassmentfieldmanual.pen.org\/\",\"logo\":{\"@type\":\"ImageObject\",\"inLanguage\":\"fr-FR\",\"@id\":\"https:\/\/onlineharassmentfieldmanual.pen.org\/#\/schema\/logo\/image\/\",\"url\":\"https:\/\/onlineharassmentfieldmanual.pen.org\/wp-content\/uploads\/2018\/04\/pen-logo.png\",\"contentUrl\":\"https:\/\/onlineharassmentfieldmanual.pen.org\/wp-content\/uploads\/2018\/04\/pen-logo.png\",\"width\":552,\"height\":210,\"caption\":\"Manuel de d\u00e9fense contre le cyberharc\u00e8lement\"},\"image\":{\"@id\":\"https:\/\/onlineharassmentfieldmanual.pen.org\/#\/schema\/logo\/image\/\"}}]}<\/script>\n<!-- \/ Yoast SEO plugin. -->","yoast_head_json":{"title":"Footer Text - Manuel de d\u00e9fense contre le cyberharc\u00e8lement","robots":{"index":"index","follow":"follow","max-snippet":"max-snippet:-1","max-image-preview":"max-image-preview:large","max-video-preview":"max-video-preview:-1"},"canonical":"https:\/\/onlineharassmentfieldmanual.pen.org\/fr\/footer-text\/","og_locale":"fr_FR","og_type":"article","og_title":"Footer Text - Manuel de d\u00e9fense contre le cyberharc\u00e8lement","og_description":"[vc_row full_width=\u00a0\u00bbstretch_row\u00a0\u00bb remove_bottom_col_margin=\u00a0\u00bbtrue\u00a0\u00bb][vc_column width=\u00a0\u00bb3\/4&Prime;][vc_column_text font_size=\u00a0\u00bb16px\u00a0\u00bb line_height=\u00a0\u00bb25px\u00a0\u00bb]A propos de PEN America: Fond\u00e9e 1922, l\u2019organisation PEN America travaille \u00e0 l&rsquo;intersection entre la litt\u00e9rature et les droits humains pour prot\u00e9ger la libert\u00e9 d\u2019expression aux \u00c9tats-Unis et dans le reste du monde. Nous c\u00e9l\u00e9brons la libert\u00e9 d&rsquo;\u00e9crire, en reconnaissant le pouvoir des mots et de leur capacit\u00e9 \u00e0 transformer&hellip;","og_url":"https:\/\/onlineharassmentfieldmanual.pen.org\/fr\/footer-text\/","og_site_name":"Manuel de d\u00e9fense contre le cyberharc\u00e8lement","article_modified_time":"2021-10-13T21:44:10+00:00","og_image":[{"url":"https:\/\/onlineharassmentfieldmanual.pen.org\/wp-content\/uploads\/2019\/08\/craig-newmark-philanthropies-logo-orange-300x22.png","type":"","width":"","height":""}],"twitter_card":"summary_large_image","twitter_misc":{"Dur\u00e9e de lecture estim\u00e9e":"1 minute"},"schema":{"@context":"https:\/\/schema.org","@graph":[{"@type":"WebPage","@id":"https:\/\/onlineharassmentfieldmanual.pen.org\/fr\/footer-text\/","url":"https:\/\/onlineharassmentfieldmanual.pen.org\/fr\/footer-text\/","name":"Footer Text - Manuel de d\u00e9fense contre le cyberharc\u00e8lement","isPartOf":{"@id":"https:\/\/onlineharassmentfieldmanual.pen.org\/#website"},"primaryImageOfPage":{"@id":"https:\/\/onlineharassmentfieldmanual.pen.org\/fr\/footer-text\/#primaryimage"},"image":{"@id":"https:\/\/onlineharassmentfieldmanual.pen.org\/fr\/footer-text\/#primaryimage"},"thumbnailUrl":"https:\/\/onlineharassmentfieldmanual.pen.org\/wp-content\/uploads\/2019\/08\/craig-newmark-philanthropies-logo-orange-300x22.png","datePublished":"2021-07-31T08:00:05+00:00","dateModified":"2021-10-13T21:44:10+00:00","breadcrumb":{"@id":"https:\/\/onlineharassmentfieldmanual.pen.org\/fr\/footer-text\/#breadcrumb"},"inLanguage":"fr-FR","potentialAction":[{"@type":"ReadAction","target":["https:\/\/onlineharassmentfieldmanual.pen.org\/fr\/footer-text\/"]}]},{"@type":"ImageObject","inLanguage":"fr-FR","@id":"https:\/\/onlineharassmentfieldmanual.pen.org\/fr\/footer-text\/#primaryimage","url":"https:\/\/onlineharassmentfieldmanual.pen.org\/wp-content\/uploads\/2019\/08\/craig-newmark-philanthropies-logo-orange-300x22.png","contentUrl":"https:\/\/onlineharassmentfieldmanual.pen.org\/wp-content\/uploads\/2019\/08\/craig-newmark-philanthropies-logo-orange-300x22.png"},{"@type":"BreadcrumbList","@id":"https:\/\/onlineharassmentfieldmanual.pen.org\/fr\/footer-text\/#breadcrumb","itemListElement":[{"@type":"ListItem","position":1,"name":"Home","item":"https:\/\/onlineharassmentfieldmanual.pen.org\/fr\/"},{"@type":"ListItem","position":2,"name":"Footer Text"}]},{"@type":"WebSite","@id":"https:\/\/onlineharassmentfieldmanual.pen.org\/#website","url":"https:\/\/onlineharassmentfieldmanual.pen.org\/","name":"Manuel de d\u00e9fense contre le cyberharc\u00e8lement","description":"PEN America","publisher":{"@id":"https:\/\/onlineharassmentfieldmanual.pen.org\/#organization"},"potentialAction":[{"@type":"SearchAction","target":{"@type":"EntryPoint","urlTemplate":"https:\/\/onlineharassmentfieldmanual.pen.org\/?s={search_term_string}"},"query-input":{"@type":"PropertyValueSpecification","valueRequired":true,"valueName":"search_term_string"}}],"inLanguage":"fr-FR"},{"@type":"Organization","@id":"https:\/\/onlineharassmentfieldmanual.pen.org\/#organization","name":"Manuel de d\u00e9fense contre le cyberharc\u00e8lement","url":"https:\/\/onlineharassmentfieldmanual.pen.org\/","logo":{"@type":"ImageObject","inLanguage":"fr-FR","@id":"https:\/\/onlineharassmentfieldmanual.pen.org\/#\/schema\/logo\/image\/","url":"https:\/\/onlineharassmentfieldmanual.pen.org\/wp-content\/uploads\/2018\/04\/pen-logo.png","contentUrl":"https:\/\/onlineharassmentfieldmanual.pen.org\/wp-content\/uploads\/2018\/04\/pen-logo.png","width":552,"height":210,"caption":"Manuel de d\u00e9fense contre le cyberharc\u00e8lement"},"image":{"@id":"https:\/\/onlineharassmentfieldmanual.pen.org\/#\/schema\/logo\/image\/"}}]}},"_links":{"self":[{"href":"https:\/\/onlineharassmentfieldmanual.pen.org\/fr\/wp-json\/wp\/v2\/pages\/3232","targetHints":{"allow":["GET"]}}],"collection":[{"href":"https:\/\/onlineharassmentfieldmanual.pen.org\/fr\/wp-json\/wp\/v2\/pages"}],"about":[{"href":"https:\/\/onlineharassmentfieldmanual.pen.org\/fr\/wp-json\/wp\/v2\/types\/page"}],"author":[{"embeddable":true,"href":"https:\/\/onlineharassmentfieldmanual.pen.org\/fr\/wp-json\/wp\/v2\/users\/23"}],"replies":[{"embeddable":true,"href":"https:\/\/onlineharassmentfieldmanual.pen.org\/fr\/wp-json\/wp\/v2\/comments?post=3232"}],"version-history":[{"count":9,"href":"https:\/\/onlineharassmentfieldmanual.pen.org\/fr\/wp-json\/wp\/v2\/pages\/3232\/revisions"}],"predecessor-version":[{"id":3314,"href":"https:\/\/onlineharassmentfieldmanual.pen.org\/fr\/wp-json\/wp\/v2\/pages\/3232\/revisions\/3314"}],"wp:attachment":[{"href":"https:\/\/onlineharassmentfieldmanual.pen.org\/fr\/wp-json\/wp\/v2\/media?parent=3232"}],"wp:term":[{"taxonomy":"category","embeddable":true,"href":"https:\/\/onlineharassmentfieldmanual.pen.org\/fr\/wp-json\/wp\/v2\/categories?post=3232"},{"taxonomy":"post_tag","embeddable":true,"href":"https:\/\/onlineharassmentfieldmanual.pen.org\/fr\/wp-json\/wp\/v2\/tags?post=3232"}],"curies":[{"name":"wp","href":"https:\/\/api.w.org\/{rel}","templated":true}]}}