{"id":3080,"date":"2021-08-01T20:00:49","date_gmt":"2021-08-01T20:00:49","guid":{"rendered":"https:\/\/onlineharassmentfieldmanual.pen.org\/deploying-supportive-cyber-communities\/"},"modified":"2023-06-21T16:03:25","modified_gmt":"2023-06-21T16:03:25","slug":"mobiliser-une-communaute-de-soutien-en-ligne","status":"publish","type":"page","link":"https:\/\/onlineharassmentfieldmanual.pen.org\/fr\/mobiliser-une-communaute-de-soutien-en-ligne\/","title":{"rendered":"Mobiliser une communaut\u00e9 de soutien en ligne"},"content":{"rendered":"<p><span class=\"coral\">Faire appel \u00e0 des communaut\u00e9s de soutien peut faire une grande diff\u00e9rence face au cyberharc\u00e8lement.<\/span><\/p>\n<p><strong>Pour en savoir plus sur la fa\u00e7on de cr\u00e9er des communaut\u00e9s de soutien en ligne, consultez <a href=\"https:\/\/onlineharassmentfieldmanual.pen.org\/fr\/communautes-soutien-en-ligne\/\">cette section<\/a> de notre Manuel.<\/strong><\/p>\n<h2><strong>1. Trouvez des proches de confiance<\/strong><\/h2>\n<p>Si le harc\u00e8lement devient si intense que vous avez besoin de vous d\u00e9connecter un moment, et que vous voulez continuer \u00e0 suivre ce qui se dit de vous sur vos r\u00e9seaux sociaux, vous pouvez demander \u00e0 un(e) ami(e) proche ou \u00e0 un membre de votre famille de surveiller votre compte pendant un certain temps. Si vous leur accordez l&rsquo;acc\u00e8s \u00e0 votre compte, pensez \u00e0 quelques r\u00e8gles de base.<\/p>\n<p>Demandez \u00e0 la ou aux personne(s) de confiance de votre choix de stocker vos mots de passe et vos informations de connexion <a href=\"https:\/\/ssd.eff.org\/fr\/glossary\/password\" target=\"_blank\" rel=\"noopener\">en toute s\u00e9curit\u00e9<\/a>. Apr\u00e8s la fin d&rsquo;un \u00e9pisode de harc\u00e8lement, vous devez demander \u00e0 votre ou vos proche(s) de confiance de supprimer ces informations. Vous devez ensuite modifier vous-m\u00eame vos mots de passe [<a href=\"https:\/\/ssd.eff.org\/fr\/module\/cr%C3%A9er-des-mots-de-passe-robustes\" target=\"_blank\" rel=\"noopener noreferrer\">voir comment cr\u00e9er des mots de passe robustes<\/a>] afin que votre s\u00e9curit\u00e9 ne puisse \u00eatre ult\u00e9rieurement compromise.<\/p>\n<p>Vous voudrez peut-\u00eatre discuter avec eux de:<\/p>\n<ul>\n<li>Comment <a href=\"https:\/\/onlineharassmentfieldmanual.pen.org\/fr\/documenter-le-harcelement-en-ligne\/\">documenter et conserver les preuves du harc\u00e8lement<\/a>.<\/li>\n<li>Quand et comment vous souhaitez \u00eatre inform\u00e9(e) des menaces graves.<\/li>\n<li>Si vos proches doivent ou non <a href=\"https:\/\/onlineharassmentfieldmanual.pen.org\/fr\/le-signalement-aux-plateformes\/\">signaler l&rsquo;abus en votre nom aux plateformes<\/a> sur lesquelles il se d\u00e9roule.<\/li>\n<\/ul>\n<p>Pensez \u00e0 bien indiquer aux personnes qui souhaitent vous soutenir qu\u2019elles peuvent aussi potentiellement \u00eatre attaqu\u00e9es par les cyberharceleurs. Il s\u2019agit l\u00e0 d\u2019une cons\u00e9quence potentielle pour les personnes qui affichent un soutien en ligne \u00e0 une personne cyberharcel\u00e9e &#8211; d&rsquo;o\u00f9 l&rsquo;int\u00e9r\u00eat d&rsquo;\u00e9laborer une strat\u00e9gie en amont et de pr\u00e9venir les risques au maximum.<\/p>\n<p>Rappelez-vous: diff\u00e9rentes personnes peuvent jouer diff\u00e9rents r\u00f4les. Un(e) ami(e) peut surveiller votre courrier \u00e9lectronique tandis qu&rsquo;un(e) autre peut surveiller les plateformes sur lesquelles sont publi\u00e9es des messages haineux. Une troisi\u00e8me et une quatri\u00e8me personnes peuvent pr\u00eater une oreille bienveillante \u00e0 tour de r\u00f4le lorsque vous avez besoin de parler de cyberharc\u00e8lement et de son impact sur votre vie quotidienne.<\/p>\n<h2><strong>2. Publiez un appel \u00e0 l&rsquo;aide aupr\u00e8s de groupes de confiance et des m\u00e9dias<\/strong><\/h2>\n<p>Lorsque vous contactez les membres de vos communaut\u00e9s en ligne, assurez-vous d&rsquo;inclure une note qui:<\/p>\n<ul>\n<li>Identifie le probl\u00e8me et l\u00e0 o\u00f9 il a lieu. Par exemple: <em>\u00ab Les commentaires de mon blog sont noy\u00e9s sous une flop\u00e9e de messages mena\u00e7ants et \u00e0 connotation sexuelle publi\u00e9s par des trolls. \u00bb<\/em> ou <em>\u00ab Depuis que j\u2019ai publi\u00e9 mon dossier d\u2019investigation sur ce sujet, je re\u00e7ois des menaces de mort et autres messages haineux. \u00bb<\/em><\/li>\n<li>Indique clairement le type d&rsquo;aide que vous recherchez. Par exemple: <em>\u00ab Je crois en mon travail, mais j&rsquo;ai besoin d&rsquo;une pause face \u00e0 ces menaces. Si vous souhaitez m\u2019apporter votre aide en mod\u00e9rant temporairement ces messages, envoyez-moi un SMS et je vous ajouterai \u00e0 ma liste \u00e0 contacter en cas d&rsquo;urgence! \u00bb<\/em><\/li>\n<\/ul>\n<p>Ecrivez de mani\u00e8re aussi br\u00e8ve et pr\u00e9cise que possible, en particulier lorsque vous publiez ce message sur des r\u00e9seaux sociaux o\u00f9 les gens ont tendance \u00e0 avoir un temps limit\u00e9 d&rsquo;attention.<\/p>\n<h2><strong>3. Mobilisez votre communaut\u00e9 en ligne pour r\u00e9pondre \u00e0 des types sp\u00e9cifiques de cyberharc\u00e8lement<\/strong><\/h2>\n<p>Il existe de nombreuses fa\u00e7ons de mobiliser vos communaut\u00e9s sur Internet pour r\u00e9pondre au harc\u00e8lement en ligne auquel vous faites face. Vous trouverez ci-dessous quelques id\u00e9es que PEN America a collect\u00e9es aupr\u00e8s d&rsquo;\u00e9crivain(e)s cibl\u00e9(e)s par le harc\u00e8lement en ligne.<\/p>\n<h3>Lutter contre les commentaires haineux ou diffamatoires sur les r\u00e9seaux sociaux<\/h3>\n<ul>\n<li>Rep\u00e9rez les profils influents (suivis par beaucoup de followers) sur les r\u00e9seaux et invitez-les \u00e0 vous soutenir en leur exposant le probl\u00e8me et les raisons de votre demande de soutien (essayez de vous limiter sur les faits).<\/li>\n<li>Mentionnez les comptes d\u00e9di\u00e9s d\u2019organisation de d\u00e9fense des droits humains et autres organisations qui travaillent dans ce sens.<\/li>\n<li>Demandez \u00e0 votre communaut\u00e9 en ligne de publier des messages sur la plateforme o\u00f9 l&rsquo;abus a eu lieu. Encouragez les personnes qui postent \u00e0 \u00e9crire des messages qui contredisent ou condamnent directement les harceleurs sans les provoquer &#8211; cela pourrait conduire \u00e0 de nouveaux conflits. D\u00e9velopper et diffuser d\u2019autres narratifs est un excellent moyen de contrer la haine en ligne.<\/li>\n<li>Demandez \u00e0 votre communaut\u00e9 de publier ces messages en utilisant le(s) m\u00eame(s) hashtag(s) que celui (ceux) utilis\u00e9(s) par l&rsquo;agresseur, afin que vous puissiez reprendre le contr\u00f4le de la conversation (\u00e0 moins que le hashtag en soi ne soit diffamatoire ou offensant, auquel cas il est pr\u00e9f\u00e9rable de ne pas l\u2019utiliser).<\/li>\n<li>Demandez \u00e0 votre communaut\u00e9 de mentionner votre nom d&rsquo;utilisateur dans ses tweets si votre agresseur en ligne fait de m\u00eame. Cela peut contribuer \u00e0 r\u00e9\u00e9quilibrer le contenu reli\u00e9 \u00e0 votre nom d&rsquo;utilisateur dans un sens qui vous est plus favorable. Vous pouvez aussi choisir de ne pas le demander si vous ne souhaitez pas que des proches ayant d\u2019importantes communaut\u00e9s en ligne mettent en avant votre nom d\u2019utilisateur.<\/li>\n<li>Demandez \u00e0 votre communaut\u00e9 de signaler l&rsquo;abus \u00e0 la plateforme et peut-\u00eatre m\u00eame de publier un message indiquant que le cyberharceleur enfreint les conditions d\u2019utilisation. Cela peut \u00e9ventuellement aider \u00e0 faire remonter le contenu abusif et \u00e0 acc\u00e9l\u00e9rer sa suppression. Lorsqu&rsquo;un message provient de divers canaux, il est plus susceptible d&rsquo;\u00eatre entendu.<\/li>\n<li>Demandez aux membres de votre communaut\u00e9 de formuler leurs messages de soutien avec leurs propres mots, surtout si vous leur envoyez un mod\u00e8le de message \u00e0 suivre. Lorsque plusieurs internautes condamnent la haine de diff\u00e9rentes mani\u00e8res, cela ajoute de la l\u00e9gitimit\u00e9 et de l&rsquo;authenticit\u00e9 \u00e0 une campagne de soutien en ligne et contraste avec les raids num\u00e9riques, haineux et contre-productifs des faux comptes et des trolls.<\/li>\n<\/ul>\n<h3>Lutter contre le harc\u00e8lement dans les sections de commentaires<\/h3>\n<ul>\n<li>Recrutez des soutiens pour vous aider \u00e0 insuffler un ton moins virulent dans les commentaires en les encourageant \u00e0 publier un commentaire poli et constructif au moment o\u00f9 votre article est publi\u00e9. Vous pouvez les contacter \u00e0 l&rsquo;avance, en leur indiquant quand et o\u00f9 le message sera publi\u00e9.<\/li>\n<li>Invitez vos soutiens \u00e0 participer aux fils de commentaires o\u00f9 vous faites l&rsquo;objet d&rsquo;attaques <em>ad hominem<\/em> ou diffamatoires. Encouragez celles et ceux qui \u00e9crivent des publications \u00e0 laisser des messages qui contredisent ou condamnent directement les messages des harceleurs, sans pour autant les provoquer.<\/li>\n<li>Recrutez des volontaires pour mod\u00e9rer vos fils de commentaires. Si vous devez mod\u00e9rer les commentaires qui apparaissent sous votre publication et que vous \u00eates submerg\u00e9(e) par les discours de haine et\/ou les menaces, contactez vos groupes de soutien en ligne pour voir si quelqu&rsquo;un se portera volontaire pour prendre en charge les t\u00e2ches de mod\u00e9ration pendant un certain temps. Assurez-vous que vous avez d\u00e9j\u00e0 mis en place des r\u00e8gles de communaut\u00e9 claires qui expliquent quel contenu est le bienvenu sur la plateforme et lequel ne l\u2019est pas, afin que les commentateurs et les mod\u00e9rateur(trice)s invit\u00e9(e)s connaissent les r\u00e8gles r\u00e9gissant la conversation.<\/li>\n<\/ul>\n<h2><strong>4. Demandez du soutien avant de publier<\/strong><\/h2>\n<p>Lorsque vous \u00eates sur le point de publier un texte que vous savez controvers\u00e9 et\/ou susceptible d\u2019attiser la haine des harceleurs en ligne, envoyez un message \u00e0 votre ou vos groupes de soutien en ligne en demandant aux gens d\u2019intervenir sur le fil de commentaires ou sur les r\u00e9seaux sociaux o\u00f9 l&rsquo;abus en ligne est susceptible de se produire. Indiquez la date, l&rsquo;heure, la plateforme, le titre et le lien (si disponible) sous lesquels l&rsquo;article sera publi\u00e9, et indiquez au groupe de quel soutien sp\u00e9cifique vous avez besoin, comme l&rsquo;ajout de commentaires constructifs \u00e0 un fil de commentaires, la mention d&rsquo;un hashtag, etc.<\/p>\n<p>Si vous en avez les ressources et la capacit\u00e9, produisez un kit expliquant pourquoi vous avez besoin de soutien et comment vous souhaitez \u00eatre soutenu(e). Vous pouvez aussi proposer quelques messages types que vos alli\u00e9(e)s pourront partager.<\/p>\n<h2><strong>5. Demandez \u00e0 vos communaut\u00e9s de soutien leur contribution et leurs id\u00e9es<\/strong><\/h2>\n<p>Durant de tels moments, il est d\u00e9conseill\u00e9 d\u2019agir sous le coup de l\u2019\u00e9motion. Cela peut vous pousser \u00e0 prendre des positions moins avantageuses et \u00e0 vous exposer davantage. Respirez, d\u00e9connectez un moment si c\u2019est n\u00e9cessaire, puis prenez contact avec des membres de votre r\u00e9seau proche.<\/p>\n<ul>\n<li>Contactez les expert(e)s et sp\u00e9cialistes du num\u00e9rique au sein de votre communaut\u00e9 pour avoir leur avis et id\u00e9es sur la situation.<\/li>\n<li>Collectez des id\u00e9es aupr\u00e8s de vos communaut\u00e9s de soutien en ligne pour savoir comment g\u00e9rer au mieux un \u00e9pisode de cyberharc\u00e8lement. Commencez par d\u00e9crire la menace avec autant de d\u00e9tails que vous vous sentez \u00e0 l&rsquo;aise de donner, puis demandez aux membres du groupe leur avis.<\/li>\n<li>L\u2019un des objectifs du maintien d\u2019une cyber-communaut\u00e9 solidaire est d\u2019apprendre des exp\u00e9riences des autres. En partageant vos propres exp\u00e9riences et en demandant de l&rsquo;aide, vous encouragez par ailleurs les autres \u00e0 t\u00e9moigner de leur propre situation et \u00e0 rechercher des solutions au harc\u00e8lement en ligne.<\/li>\n<\/ul>\n<h2><strong>6. Apportez votre soutien en retour<\/strong><\/h2>\n<p>La meilleure mani\u00e8re de construire une communaut\u00e9 de valeurs et d\u2019alli\u00e9(e)s est de se montrer aussi pr\u00e9sent(e) pour les autres au moment o\u00f9 ils ont besoin d\u2019aide. Partager, liker, signaler ou commenter pour aider une autre personne qui peut-\u00eatre vous aidera \u00e0 son tour.<\/p>\n<p>Si vous en \u00eates capable, documentez toute l\u2019\u00e9preuve et publiez la \u00e0 travers vos supports pour aider les autres \u00e0 mieux se pr\u00e9munir d\u2019\u00e9ventuels cas de cyberharc\u00e8lement similaires au v\u00f4tre.<\/p>\n<p>Ce que vous vivez pourrait un jour arriver aux ami(e)s qui vous soutiennent actuellement. Assurez-leur que s\u2019ils ou elles rencontrent des abus en ligne, vous interviendrez \u00e9galement pour jouer un r\u00f4le de soutien, \u00e0 condition que cela ne soit pas d\u00e9clencheur d\u2019un traumatisme pour vous. Attention, promettre votre soutien peut g\u00e9n\u00e9rer des attentes le moment venu.<\/p>\n<p>Remerciez vos alli\u00e9(e)s. Vous pouvez faire des messages de remerciements apr\u00e8s l\u2019\u00e9pisode du cyberharc\u00e8lement.<\/p>\n<h2><strong>7. Passez du temps avec vos proches pour faire des activit\u00e9s (hors ligne) que vous aimez<\/strong><\/h2>\n<p>Une grande partie de nos vies se d\u00e9roule d\u00e9sormais en ligne. Nos loisirs et conversations pr\u00e9f\u00e9r\u00e9s peuvent m\u00eame avoir lieu dans un forum en ligne. Mais rien ne remplace le temps pass\u00e9 face \u00e0 face avec des ami(e)s, des membres de la famille, des enfants et vos animaux de compagnie pr\u00e9f\u00e9r\u00e9s. Il peut \u00eatre difficile d&rsquo;imaginer jouer au Ludo ou au <a href=\"https:\/\/www.regledujeu.fr\/awale\/\" target=\"_blank\" rel=\"noopener noreferrer\">jeu d\u2019Awal\u00e9<\/a> ou aller d\u00eener dans votre restaurant pr\u00e9f\u00e9r\u00e9 lorsque vous \u00eates dans un \u00e9tat de d\u00e9tresse accrue, mais choisir une activit\u00e9 simple \u00e0 faire avec un proche de confiance, comme regarder un film ou faire une marche &#8211; peut grandement contribuer \u00e0 att\u00e9nuer votre anxi\u00e9t\u00e9. Voir aussi notre section <a href=\"https:\/\/onlineharassmentfieldmanual.pen.org\/fr\/prendre-soin-de-soi-en-cas-de-cyberharcelement\">Prendre soin de soi en cas de cyberharc\u00e8lement<\/a>.<\/p>\n<p>Si la nature du cyberharc\u00e8lement prend des proportions dangereuses avec des menaces de mort vous for\u00e7ant \u00e0 quitter votre domicile et \u00e0 vous trouver refuge ailleurs, vous devez trouver le moyen s\u00e9curis\u00e9 de rester en contact avec vos proches et votre communaut\u00e9.<\/p>\n<p><strong><em>Consultez aussi notre <a href=\"https:\/\/onlineharassmentfieldmanual.pen.org\/fr\/communautes-soutien-en-ligne\/\">section d\u00e9di\u00e9e \u00e0 la cr\u00e9ation de communaut\u00e9s de soutien en ligne<\/a>. <\/em><\/strong><\/p>\n","protected":false},"excerpt":{"rendered":"<p>Faire appel \u00e0 des communaut\u00e9s de soutien peut faire une grande diff\u00e9rence face au cyberharc\u00e8lement. Pour en savoir plus sur la fa\u00e7on de cr\u00e9er des communaut\u00e9s de soutien en ligne, consultez cette section de notre Manuel. 1. Trouvez des proches de confiance Si le harc\u00e8lement devient si intense que vous avez besoin de vous d\u00e9connecter&hellip;<\/p>\n","protected":false},"author":10,"featured_media":0,"parent":0,"menu_order":0,"comment_status":"closed","ping_status":"closed","template":"","meta":{"footnotes":""},"categories":[],"tags":[356,386,313,387,345,317,346,347,350,359],"class_list":["post-3080","page","type-page","status-publish","hentry","tag-allies-fr","tag-allyship-fr","tag-cyber-communities-fr","tag-families-fr","tag-friends-fr","tag-harassment-fr","tag-loved-ones-fr","tag-online-community-fr","tag-support-group-fr","tag-support-network-fr","entry","no-media"],"yoast_head":"<!-- This site is optimized with the Yoast SEO plugin v27.2 - https:\/\/yoast.com\/product\/yoast-seo-wordpress\/ -->\n<title>Mobiliser une communaut\u00e9 de soutien en ligne - Manuel de d\u00e9fense contre le cyberharc\u00e8lement<\/title>\n<meta name=\"description\" content=\"Faire appel \u00e0 des communaut\u00e9s de soutien peut faire une grande diff\u00e9rence lors d&#039;\u00e9pisodes de cyberharc\u00e8lement.\" \/>\n<meta name=\"robots\" content=\"index, follow, max-snippet:-1, max-image-preview:large, max-video-preview:-1\" \/>\n<link rel=\"canonical\" href=\"https:\/\/onlineharassmentfieldmanual.pen.org\/fr\/mobiliser-une-communaute-de-soutien-en-ligne\/\" \/>\n<meta property=\"og:locale\" content=\"fr_FR\" \/>\n<meta property=\"og:type\" content=\"article\" \/>\n<meta property=\"og:title\" content=\"Mobiliser une communaut\u00e9 de soutien en ligne - Manuel de d\u00e9fense contre le cyberharc\u00e8lement\" \/>\n<meta property=\"og:description\" content=\"Faire appel \u00e0 des communaut\u00e9s de soutien peut faire une grande diff\u00e9rence lors d&#039;\u00e9pisodes de cyberharc\u00e8lement.\" \/>\n<meta property=\"og:url\" content=\"https:\/\/onlineharassmentfieldmanual.pen.org\/fr\/mobiliser-une-communaute-de-soutien-en-ligne\/\" \/>\n<meta property=\"og:site_name\" content=\"Manuel de d\u00e9fense contre le cyberharc\u00e8lement\" \/>\n<meta property=\"article:modified_time\" content=\"2023-06-21T16:03:25+00:00\" \/>\n<meta name=\"twitter:card\" content=\"summary_large_image\" \/>\n<meta name=\"twitter:label1\" content=\"Dur\u00e9e de lecture estim\u00e9e\" \/>\n\t<meta name=\"twitter:data1\" content=\"8 minutes\" \/>\n<script type=\"application\/ld+json\" class=\"yoast-schema-graph\">{\"@context\":\"https:\/\/schema.org\",\"@graph\":[{\"@type\":\"WebPage\",\"@id\":\"https:\/\/onlineharassmentfieldmanual.pen.org\/fr\/mobiliser-une-communaute-de-soutien-en-ligne\/\",\"url\":\"https:\/\/onlineharassmentfieldmanual.pen.org\/fr\/mobiliser-une-communaute-de-soutien-en-ligne\/\",\"name\":\"Mobiliser une communaut\u00e9 de soutien en ligne - Manuel de d\u00e9fense contre le cyberharc\u00e8lement\",\"isPartOf\":{\"@id\":\"https:\/\/onlineharassmentfieldmanual.pen.org\/#website\"},\"datePublished\":\"2021-08-01T20:00:49+00:00\",\"dateModified\":\"2023-06-21T16:03:25+00:00\",\"description\":\"Faire appel \u00e0 des communaut\u00e9s de soutien peut faire une grande diff\u00e9rence lors d'\u00e9pisodes de cyberharc\u00e8lement.\",\"breadcrumb\":{\"@id\":\"https:\/\/onlineharassmentfieldmanual.pen.org\/fr\/mobiliser-une-communaute-de-soutien-en-ligne\/#breadcrumb\"},\"inLanguage\":\"fr-FR\",\"potentialAction\":[{\"@type\":\"ReadAction\",\"target\":[\"https:\/\/onlineharassmentfieldmanual.pen.org\/fr\/mobiliser-une-communaute-de-soutien-en-ligne\/\"]}]},{\"@type\":\"BreadcrumbList\",\"@id\":\"https:\/\/onlineharassmentfieldmanual.pen.org\/fr\/mobiliser-une-communaute-de-soutien-en-ligne\/#breadcrumb\",\"itemListElement\":[{\"@type\":\"ListItem\",\"position\":1,\"name\":\"Home\",\"item\":\"https:\/\/onlineharassmentfieldmanual.pen.org\/fr\/\"},{\"@type\":\"ListItem\",\"position\":2,\"name\":\"Mobiliser une communaut\u00e9 de soutien en ligne\"}]},{\"@type\":\"WebSite\",\"@id\":\"https:\/\/onlineharassmentfieldmanual.pen.org\/#website\",\"url\":\"https:\/\/onlineharassmentfieldmanual.pen.org\/\",\"name\":\"Manuel de d\u00e9fense contre le cyberharc\u00e8lement\",\"description\":\"PEN America\",\"publisher\":{\"@id\":\"https:\/\/onlineharassmentfieldmanual.pen.org\/#organization\"},\"potentialAction\":[{\"@type\":\"SearchAction\",\"target\":{\"@type\":\"EntryPoint\",\"urlTemplate\":\"https:\/\/onlineharassmentfieldmanual.pen.org\/?s={search_term_string}\"},\"query-input\":{\"@type\":\"PropertyValueSpecification\",\"valueRequired\":true,\"valueName\":\"search_term_string\"}}],\"inLanguage\":\"fr-FR\"},{\"@type\":\"Organization\",\"@id\":\"https:\/\/onlineharassmentfieldmanual.pen.org\/#organization\",\"name\":\"Manuel de d\u00e9fense contre le cyberharc\u00e8lement\",\"url\":\"https:\/\/onlineharassmentfieldmanual.pen.org\/\",\"logo\":{\"@type\":\"ImageObject\",\"inLanguage\":\"fr-FR\",\"@id\":\"https:\/\/onlineharassmentfieldmanual.pen.org\/#\/schema\/logo\/image\/\",\"url\":\"https:\/\/onlineharassmentfieldmanual.pen.org\/wp-content\/uploads\/2018\/04\/pen-logo.png\",\"contentUrl\":\"https:\/\/onlineharassmentfieldmanual.pen.org\/wp-content\/uploads\/2018\/04\/pen-logo.png\",\"width\":552,\"height\":210,\"caption\":\"Manuel de d\u00e9fense contre le cyberharc\u00e8lement\"},\"image\":{\"@id\":\"https:\/\/onlineharassmentfieldmanual.pen.org\/#\/schema\/logo\/image\/\"}}]}<\/script>\n<!-- \/ Yoast SEO plugin. -->","yoast_head_json":{"title":"Mobiliser une communaut\u00e9 de soutien en ligne - Manuel de d\u00e9fense contre le cyberharc\u00e8lement","description":"Faire appel \u00e0 des communaut\u00e9s de soutien peut faire une grande diff\u00e9rence lors d'\u00e9pisodes de cyberharc\u00e8lement.","robots":{"index":"index","follow":"follow","max-snippet":"max-snippet:-1","max-image-preview":"max-image-preview:large","max-video-preview":"max-video-preview:-1"},"canonical":"https:\/\/onlineharassmentfieldmanual.pen.org\/fr\/mobiliser-une-communaute-de-soutien-en-ligne\/","og_locale":"fr_FR","og_type":"article","og_title":"Mobiliser une communaut\u00e9 de soutien en ligne - Manuel de d\u00e9fense contre le cyberharc\u00e8lement","og_description":"Faire appel \u00e0 des communaut\u00e9s de soutien peut faire une grande diff\u00e9rence lors d'\u00e9pisodes de cyberharc\u00e8lement.","og_url":"https:\/\/onlineharassmentfieldmanual.pen.org\/fr\/mobiliser-une-communaute-de-soutien-en-ligne\/","og_site_name":"Manuel de d\u00e9fense contre le cyberharc\u00e8lement","article_modified_time":"2023-06-21T16:03:25+00:00","twitter_card":"summary_large_image","twitter_misc":{"Dur\u00e9e de lecture estim\u00e9e":"8 minutes"},"schema":{"@context":"https:\/\/schema.org","@graph":[{"@type":"WebPage","@id":"https:\/\/onlineharassmentfieldmanual.pen.org\/fr\/mobiliser-une-communaute-de-soutien-en-ligne\/","url":"https:\/\/onlineharassmentfieldmanual.pen.org\/fr\/mobiliser-une-communaute-de-soutien-en-ligne\/","name":"Mobiliser une communaut\u00e9 de soutien en ligne - Manuel de d\u00e9fense contre le cyberharc\u00e8lement","isPartOf":{"@id":"https:\/\/onlineharassmentfieldmanual.pen.org\/#website"},"datePublished":"2021-08-01T20:00:49+00:00","dateModified":"2023-06-21T16:03:25+00:00","description":"Faire appel \u00e0 des communaut\u00e9s de soutien peut faire une grande diff\u00e9rence lors d'\u00e9pisodes de cyberharc\u00e8lement.","breadcrumb":{"@id":"https:\/\/onlineharassmentfieldmanual.pen.org\/fr\/mobiliser-une-communaute-de-soutien-en-ligne\/#breadcrumb"},"inLanguage":"fr-FR","potentialAction":[{"@type":"ReadAction","target":["https:\/\/onlineharassmentfieldmanual.pen.org\/fr\/mobiliser-une-communaute-de-soutien-en-ligne\/"]}]},{"@type":"BreadcrumbList","@id":"https:\/\/onlineharassmentfieldmanual.pen.org\/fr\/mobiliser-une-communaute-de-soutien-en-ligne\/#breadcrumb","itemListElement":[{"@type":"ListItem","position":1,"name":"Home","item":"https:\/\/onlineharassmentfieldmanual.pen.org\/fr\/"},{"@type":"ListItem","position":2,"name":"Mobiliser une communaut\u00e9 de soutien en ligne"}]},{"@type":"WebSite","@id":"https:\/\/onlineharassmentfieldmanual.pen.org\/#website","url":"https:\/\/onlineharassmentfieldmanual.pen.org\/","name":"Manuel de d\u00e9fense contre le cyberharc\u00e8lement","description":"PEN America","publisher":{"@id":"https:\/\/onlineharassmentfieldmanual.pen.org\/#organization"},"potentialAction":[{"@type":"SearchAction","target":{"@type":"EntryPoint","urlTemplate":"https:\/\/onlineharassmentfieldmanual.pen.org\/?s={search_term_string}"},"query-input":{"@type":"PropertyValueSpecification","valueRequired":true,"valueName":"search_term_string"}}],"inLanguage":"fr-FR"},{"@type":"Organization","@id":"https:\/\/onlineharassmentfieldmanual.pen.org\/#organization","name":"Manuel de d\u00e9fense contre le cyberharc\u00e8lement","url":"https:\/\/onlineharassmentfieldmanual.pen.org\/","logo":{"@type":"ImageObject","inLanguage":"fr-FR","@id":"https:\/\/onlineharassmentfieldmanual.pen.org\/#\/schema\/logo\/image\/","url":"https:\/\/onlineharassmentfieldmanual.pen.org\/wp-content\/uploads\/2018\/04\/pen-logo.png","contentUrl":"https:\/\/onlineharassmentfieldmanual.pen.org\/wp-content\/uploads\/2018\/04\/pen-logo.png","width":552,"height":210,"caption":"Manuel de d\u00e9fense contre le cyberharc\u00e8lement"},"image":{"@id":"https:\/\/onlineharassmentfieldmanual.pen.org\/#\/schema\/logo\/image\/"}}]}},"_links":{"self":[{"href":"https:\/\/onlineharassmentfieldmanual.pen.org\/fr\/wp-json\/wp\/v2\/pages\/3080","targetHints":{"allow":["GET"]}}],"collection":[{"href":"https:\/\/onlineharassmentfieldmanual.pen.org\/fr\/wp-json\/wp\/v2\/pages"}],"about":[{"href":"https:\/\/onlineharassmentfieldmanual.pen.org\/fr\/wp-json\/wp\/v2\/types\/page"}],"author":[{"embeddable":true,"href":"https:\/\/onlineharassmentfieldmanual.pen.org\/fr\/wp-json\/wp\/v2\/users\/10"}],"replies":[{"embeddable":true,"href":"https:\/\/onlineharassmentfieldmanual.pen.org\/fr\/wp-json\/wp\/v2\/comments?post=3080"}],"version-history":[{"count":12,"href":"https:\/\/onlineharassmentfieldmanual.pen.org\/fr\/wp-json\/wp\/v2\/pages\/3080\/revisions"}],"predecessor-version":[{"id":4661,"href":"https:\/\/onlineharassmentfieldmanual.pen.org\/fr\/wp-json\/wp\/v2\/pages\/3080\/revisions\/4661"}],"wp:attachment":[{"href":"https:\/\/onlineharassmentfieldmanual.pen.org\/fr\/wp-json\/wp\/v2\/media?parent=3080"}],"wp:term":[{"taxonomy":"category","embeddable":true,"href":"https:\/\/onlineharassmentfieldmanual.pen.org\/fr\/wp-json\/wp\/v2\/categories?post=3080"},{"taxonomy":"post_tag","embeddable":true,"href":"https:\/\/onlineharassmentfieldmanual.pen.org\/fr\/wp-json\/wp\/v2\/tags?post=3080"}],"curies":[{"name":"wp","href":"https:\/\/api.w.org\/{rel}","templated":true}]}}