{"id":3065,"date":"2022-04-13T20:07:49","date_gmt":"2022-04-13T20:07:49","guid":{"rendered":"https:\/\/onlineharassmentfieldmanual.pen.org\/additional-online-harassment-resources\/"},"modified":"2023-02-24T18:07:48","modified_gmt":"2023-02-24T18:07:48","slug":"ressources-sur-le-cyberharcelement","status":"publish","type":"page","link":"https:\/\/onlineharassmentfieldmanual.pen.org\/fr\/ressources-sur-le-cyberharcelement\/","title":{"rendered":"Ressources sur le cyberharc\u00e8lement"},"content":{"rendered":"<div class=\"wpb-content-wrapper\">[vc_row][vc_column][vc_column_text]<span class=\"coral\">Ces organisations peuvent vous soutenir en fournissant des guides pratiques, des conseils face \u00e0 une situation d\u2019urgence, l&rsquo;acc\u00e8s \u00e0 un r\u00e9seau ou \u00e0 des fonds de soutien.<\/span><\/p>\n<h2><strong>Guides pratiques en langue fran\u00e7aise<\/strong><\/h2>\n<ul>\n<li>L&rsquo;Electronic Frontier Foundation (EFF) est la principale organisation \u00e0 but non lucratif d\u00e9fendant les libert\u00e9s civiles dans le monde num\u00e9rique. Le guide <a href=\"https:\/\/ssd.eff.org\/fr\" target=\"_blank\" rel=\"noopener noreferrer\">Autod\u00e9fense contre la surveillance<\/a> d&rsquo;EFF propose des conseils en mati\u00e8re de cybers\u00e9curit\u00e9, de la suppression des donn\u00e9es au choix du VPN (r\u00e9seau priv\u00e9 virtuel). M\u00eame si ce guide est davantage ax\u00e9 sur la surveillance que sur le cyberharc\u00e8lement, il propose des mesures de s\u00e9curit\u00e9 utiles \u00e0 toute personne souhaitant renforcer sa s\u00e9curit\u00e9 face aux risques de cyberharc\u00e8lement.<\/li>\n<li><a href=\"https:\/\/www.takebackthetech.net\/fr\" target=\"_blank\" rel=\"noopener noreferrer\">R\u00e9approprie-toi la technologie (Take Back the Tech)<\/a> est une initiative visant \u00e0 lutter contre la violence li\u00e9e aux technologies \u00e0 l&rsquo;\u00e9gard des femmes, en cr\u00e9ant des espaces s\u00fbrs en ligne afin de prot\u00e9ger la libert\u00e9 d&rsquo;expression sans harc\u00e8lement ni menace pour la s\u00e9curit\u00e9. Take Back the Tech organise des ateliers sur la s\u00e9curit\u00e9 en ligne, vous informe sur vos droits et vous propose des strat\u00e9gies pour r\u00e9pondre aux abus en ligne, via notamment un r\u00e9seau de solidarit\u00e9.<\/li>\n<li><a href=\"https:\/\/digitalfirstaid.org\/fr\/\" target=\"_blank\" rel=\"noopener noreferrer\">La trousse de premiers soins num\u00e9riques<\/a>. Ces ressources, d\u00e9velopp\u00e9es par le Rapid Response Network et <a href=\"https:\/\/www.civicert.org\/\" target=\"_blank\" rel=\"noopener noreferrer\">CiviCERT<\/a>, vous guident \u00e0 travers une s\u00e9rie de questions sur le harc\u00e8lement en ligne et les d\u00e9fis de s\u00e9curit\u00e9 num\u00e9rique auxquels vous \u00eates confront\u00e9(e).<\/li>\n<li><a href=\"https:\/\/totem-project.org\/fr\/\" target=\"_blank\" rel=\"noopener noreferrer\">Cours en ligne Totem.<\/a> Cette plateforme aide les journalistes et les activistes \u00e0 utiliser plus efficacement les outils et les tactiques de s\u00e9curit\u00e9 num\u00e9rique dans leur travail via un apprentissage continu et interactif.<\/li>\n<li>Le Comit\u00e9 pour la Protection des Journalistes (<a href=\"https:\/\/cpj.org\/fr\/\" target=\"_blank\" rel=\"noopener noreferrer\">Committee to Protect Journalists &#8211; CPJ<\/a>) propose des ressources pour vous <a href=\"https:\/\/cpj.org\/fr\/2020\/10\/securite-numerique-protection-contre-les-attaques-ciblees-en-ligne\/\" target=\"_blank\" rel=\"noopener noreferrer\">prot\u00e9ger en cas d\u2019attaque<\/a>, <a href=\"https:\/\/cpj.org\/fr\/2019\/09\/securite-numerique-retirer-les-donnees-personnelle\/\" target=\"_blank\" rel=\"noopener noreferrer\">retirer vos donn\u00e9es personnelles en ligne<\/a>, <a href=\"https:\/\/cpj.org\/fr\/2019\/07\/etat-de-preparation-de-base-securite-numerique\/\" target=\"_blank\" rel=\"noopener noreferrer\">renforcer votre s\u00e9curit\u00e9 num\u00e9rique globale<\/a> et mener <a href=\"https:\/\/cpj.org\/wp-content\/uploads\/2020\/09\/FRENCH-CPJ-Emergencies_Risk-Assessment-Template.pdf\" target=\"_blank\" rel=\"noopener noreferrer\">une analyse des risques via un questionnaire sp\u00e9cifique<\/a>.<\/li>\n<li><a href=\"https:\/\/wiki.nothing2hide.org\/doku.php?id=protectionnumerique:start\" target=\"_blank\" rel=\"noopener noreferrer\">Guide de protection num\u00e9rique<\/a>, de Nothing2Hide, \u00e0 destination des auteurs(rices), blogueurs(euses), activistes et journalistes.<\/li>\n<li>Rory Peck Trust, <a href=\"https:\/\/rorypecktrust.org\/fr\/freelance-resources\/digital-security\/\" target=\"_blank\" rel=\"noopener noreferrer\">S\u00e9curit\u00e9 num\u00e9rique<\/a> pour les journalistes freelance.<\/li>\n<li>\n<p class=\"p1\"><a href=\"https:\/\/news.trust.org\/dA\/fed60767ed\/file\/TRF+KYR+Guide+OCT+2021+V8.pdf?language_id=1\" target=\"_blank\" rel=\"noopener\">Outils pratiques et juridiques pour la s\u00e9curit\u00e9 des journalistes<\/a>. La <a href=\"https:\/\/www.trust.org\/\" target=\"_blank\" rel=\"noopener\">Fondation Thomson Reuters<\/a> a collabor\u00e9 avec l&rsquo;<a href=\"https:\/\/www.unesco.org\/en\" target=\"_blank\" rel=\"noopener\">UNESCO<\/a>, la <a href=\"https:\/\/www.iwmf.org\/\" target=\"_blank\" rel=\"noopener\">Fondation internationale pour les femmes dans les m\u00e9dias (IWMF)<\/a> et <a href=\"https:\/\/newssafety.org\/home\/\" target=\"_blank\" rel=\"noopener\">l&rsquo;Institut international pour la s\u00e9curit\u00e9 de l&rsquo;information (INSI)<\/a> pour d\u00e9velopper des outils pratiques et juridiques \u00e0 destination des journalistes, des responsables de r\u00e9dactions et des m\u00e9dias face au cyberharc\u00e8lement, et ce en \u00e9tudiant les recours juridiques dans 13 pays.<\/p>\n<\/li>\n<\/ul>\n<h2><strong>Organisations internationales et assistance<\/strong><\/h2>\n<ul>\n<li><a href=\"https:\/\/www.accessnow.org\/help-fr\/?ignorelocale\" target=\"_blank\" rel=\"noopener noreferrer\">Plateforme d\u2019assistance pour la s\u00e9curit\u00e9 num\u00e9rique d\u2019Access Now<\/a>. Cette plateforme offre ses services 24 heures sur 24, 7 jours sur 7, et en huit langues aux activistes, journalistes et ONGs afin d\u2019assurer la s\u00e9curit\u00e9 de leurs syst\u00e8mes d\u2019informations. Leur \u00e9quipe d\u2019expert(e)s en cybers\u00e9curit\u00e9 propose un service d\u2019intervention rapide et vous aide \u00e0 d\u00e9finir les risques et \u00e9tablir des techniques pour les contourner.<\/li>\n<li><a href=\"https:\/\/tech4press.org\/fr\/\" target=\"_blank\" rel=\"noopener noreferrer\">Tech4Press<\/a>. Ce service gratuit d&rsquo;assistance num\u00e9rique d&rsquo;urgence d\u00e9di\u00e9 aux journalistes, militant(e)s et activistes fournit une assistance technique via une hotline accessible 24heures\/24 et 7jours\/7, des services s\u00e9curis\u00e9s ainsi que des formations \u00e0 la s\u00e9curit\u00e9 num\u00e9rique.<\/li>\n<li><a href=\"https:\/\/cpj.org\/fr\/\" target=\"_blank\" rel=\"noopener noreferrer\">Committee to Protect Journalists (CPJ)<\/a>. En plus de fournir des conseils en ligne, le Comit\u00e9 pour la Protection des Journalistes m\u00e8ne des activit\u00e9s de recherche, des actions de plaidoyer et fournit des formations et une <a href=\"https:\/\/cpj.org\/emergency-response\/how-to-get-help\/\" target=\"_blank\" rel=\"noopener noreferrer\">assistance d\u2019urgence aux journalistes.<\/a><\/li>\n<li><a href=\"https:\/\/rorypecktrust.org\/fr\/\" target=\"_blank\" rel=\"noopener noreferrer\">Rory Peck Trust.<\/a> Le Rory Peck Trust soutient les journalistes freelance via des fonds d\u2019aide d\u2019urgence, <a href=\"https:\/\/rorypecktrust.org\/how-we-help\/training-fund\/\" target=\"_blank\" rel=\"noopener noreferrer\">l\u2019attribution de bourses de formations<\/a>, des <a href=\"https:\/\/rorypecktrust.org\/fr\/freelance-resources\/\" target=\"_blank\" rel=\"noopener noreferrer\">ressources en ligne<\/a>.<\/li>\n<li><a href=\"https:\/\/www.freepressunlimited.org\/en\/themes\/safety-journalists\" target=\"_blank\" rel=\"noopener noreferrer\">FreePressUnlimited.<\/a> L&rsquo;organisation de d\u00e9fense de l\u2019information poss\u00e8de deux fonds pour les journalistes et les m\u00e9dias du monde entier: un fond pour les urgences de s\u00e9curit\u00e9, et un fond l\u00e9gal. Les formulaires sont disponibles en langue fran\u00e7aise.<\/li>\n<li><a href=\"https:\/\/rsf.org\/fr\/soutien-individuel\" target=\"_blank\" rel=\"noopener noreferrer\">Reporters sans fronti\u00e8res.<\/a> L\u2019organisation de d\u00e9fense de la libert\u00e9 de la presse organise des activit\u00e9s de renforcement de capacit\u00e9s sur la s\u00e9curit\u00e9 des journalistes en ligne et de plaidoyer aupr\u00e8s des autorit\u00e9s sur certains cas.<\/li>\n<li><a href=\"https:\/\/www.mediadefence.org\/\" target=\"_blank\" rel=\"noopener noreferrer\">Media Defence<\/a> fournit une assistance l\u00e9gale aux journalistes, citoyen(ne)s journalistes ou m\u00e9dias ind\u00e9pendants dans le monde.<\/li>\n<\/ul>\n[\/vc_column_text][vc_column_text css=\u00a0\u00bb.vc_custom_1626401985737{margin-top: 10px !important;border-top-width: 1px !important;border-right-width: 1px !important;border-bottom-width: 1px !important;border-left-width: 1px !important;padding-top: 10px !important;padding-right: 10px !important;padding-bottom: 10px !important;padding-left: 10px !important;border-left-color: #707070 !important;border-left-style: solid !important;border-right-color: #707070 !important;border-right-style: solid !important;border-top-color: #707070 !important;border-top-style: solid !important;border-bottom-color: #707070 !important;border-bottom-style: solid !important;}\u00a0\u00bb]<span class=\"coral\">R\u00e9seaux internationaux pour les femmes journalistes<\/span><\/p>\n<ul>\n<li><a href=\"https:\/\/www.iwmf.org\/\" target=\"_blank\" rel=\"noopener noreferrer\">International Women\u2019s Media Foundation<\/a>. La f\u00e9d\u00e9ration internationale des femmes journalistes propose de multiples leviers de soutien pour les femmes journalistes, y compris l\u2019acc\u00e8s \u00e0 un r\u00e9seau de soutien et \u00e0 <a href=\"https:\/\/iwmf.submittable.com\/submit\/60712\/emergency-fund-intake-form\" target=\"_blank\" rel=\"noopener noreferrer\">des fonds d\u2019urgence<\/a> (auxquels vous pouvez souscrire en langue fran\u00e7aise). La Coalition against Online Violence lanc\u00e9e par IWMF propose \u00e9galement <a href=\"https:\/\/onlineviolenceresponsehub.org\/\" target=\"_blank\" rel=\"noopener noreferrer\">un site ressource<\/a> (en anglais) pour les femmes journalistes cyberharcel\u00e9es et leurs soutiens.<\/li>\n<li>The Coalition for Women in Journalism. La Coalition pour les femmes dans le journalisme peut notamment vous offrir un soutien \u00e0 travers un <a href=\"https:\/\/www.womeninjournalism.org\/globalmentors\" target=\"_blank\" rel=\"noopener noreferrer\">programme de mentorat<\/a>.<\/li>\n<li>Le r\u00e9seau <a href=\"https:\/\/prenonslaune.fr\/\" target=\"_blank\" rel=\"noopener noreferrer\">Prenons la Une<\/a>, qui se bat pour la parit\u00e9 dans les m\u00e9dias et l&rsquo;\u00e9galit\u00e9 dans les r\u00e9dactions, a \u00e9galement d\u00e9velopp\u00e9 <a href=\"https:\/\/prenonslaune.fr\/2020\/11\/cyberharcelement-journaliste\/\" target=\"_blank\" rel=\"noopener noreferrer\">un p\u00f4le de soutien et d\u2019\u00e9coute pour les femmes journalistes cibl\u00e9es par le cyberharc\u00e8lement<\/a>, avec une pr\u00e9sence \u00e0 Dakar.<\/li>\n<\/ul>\n[\/vc_column_text][vc_column_text]\n<h2><strong>Organisations nationales et r\u00e9gionales en Afrique<\/strong><\/h2>\n<ul>\n<li><a href=\"https:\/\/www.africtivistes.org\/!\/index.php\/fr\/\" target=\"_blank\" rel=\"noopener noreferrer\">Africtivistes<\/a>. Cette organisation panafricaine de cyberactivistes organise des formations, m\u00e8ne des actions de plaidoyer, et fournit des ressources en ligne.<\/li>\n<li><a href=\"https:\/\/safetyofjournalistsinafrica.africa\/\" target=\"_blank\" rel=\"noopener noreferrer\">Safety of Journalists in Africa<\/a> est une plateforme de protection des journalistes \u00e9tablie en 2020 pour favoriser les partenariats, la pr\u00e9vention, la protection des journalistes et la poursuite des responsables de crimes contre les journalistes.<\/li>\n<li>Le R\u00e9seau paix et s\u00e9curit\u00e9 pour les femmes de l&rsquo;espace CEDEAO offre un soutien \u00e0 toutes les femmes, y compris journalistes, \u00e9crivaines ou blogueuses, \u00e0 travers des activit\u00e9s de sensibilisation, de campagne digitale et un accompagnement judiciaire et psychologique. Vous pouvez vous rapprocher de la section de votre pays (exemple, <a href=\"https:\/\/repsfecobenin.org\/\" target=\"_blank\" rel=\"noopener noreferrer\">au B\u00e9nin<\/a>).<\/li>\n<li><a href=\"https:\/\/www.facebook.com\/ROAJELF\/\" target=\"_blank\" rel=\"noopener noreferrer\">Le R\u00e9seau Ouest Africain des Jeunes Femmes Leaders<\/a> et le <a href=\"https:\/\/www.facebook.com\/FeministesAO\/\" target=\"_blank\" rel=\"noopener noreferrer\">R\u00e9seau des Jeunes F\u00e9ministes d\u2019Afrique de l\u2019Ouest<\/a> peuvent aussi offrir un soutien (Consultez <a href=\"https:\/\/equipop.org\/wp-content\/uploads\/2021\/02\/Activistes-GenerationsFeministes.pdf?fbclid=IwAR34OCeEw7e1Ku2KW0BfaDjIe1xZHf3SgSE1eR-7JlVizCWrN7F5bEofLBE\" target=\"_blank\" rel=\"noopener noreferrer\">le Guide pour devenir une cyberactiviste du R\u00e9seau des Jeunes F\u00e9ministes d\u2019Afrique de l\u2019Ouest<\/a>).<\/li>\n<li>L&rsquo;Association des professionnelles africaines de la communication (APAC) et le <a href=\"https:\/\/uracsenegal.sn\/presentation-du-rif-reseau-international-des-femmes\/\" target=\"_blank\" rel=\"noopener noreferrer\">R\u00e9seau international des femmes (RIF)<\/a> peuvent \u00e9galement vous soutenir.<\/li>\n<li><a href=\"https:\/\/www.facebook.com\/MaMaProJect.africa\" target=\"_blank\" rel=\"noopener noreferrer\">MaMa Project<\/a> accompagne les femmes journalistes qui ont la volont\u00e9 de raconter leur continent au-del\u00e0 des obstacles.<\/li>\n<li>Vous pouvez aussi chercher si un groupe professionnel de femmes journalistes existe dans votre pays.<\/li>\n<\/ul>\n[\/vc_column_text][\/vc_column][\/vc_row]\n<\/div>","protected":false},"excerpt":{"rendered":"<p>[vc_row][vc_column][vc_column_text]Ces organisations peuvent vous soutenir en fournissant des guides pratiques, des conseils face \u00e0 une situation d\u2019urgence, l&rsquo;acc\u00e8s \u00e0 un r\u00e9seau ou \u00e0 des fonds de soutien. Guides pratiques en langue fran\u00e7aise L&rsquo;Electronic Frontier Foundation (EFF) est la principale organisation \u00e0 but non lucratif d\u00e9fendant les libert\u00e9s civiles dans le monde num\u00e9rique. Le guide Autod\u00e9fense&hellip;<\/p>\n","protected":false},"author":10,"featured_media":0,"parent":0,"menu_order":0,"comment_status":"closed","ping_status":"closed","template":"","meta":{"footnotes":""},"categories":[],"tags":[377,322,378,379,323,380],"class_list":["post-3065","page","type-page","status-publish","hentry","tag-additional-resources-fr","tag-advice-fr","tag-considerations-fr","tag-further-resources-fr","tag-guidelines-fr","tag-tips-fr","entry","no-media"],"yoast_head":"<!-- This site is optimized with the Yoast SEO plugin v27.2 - https:\/\/yoast.com\/product\/yoast-seo-wordpress\/ -->\n<title>Ressources sur le cyberharc\u00e8lement - Manuel de d\u00e9fense contre le cyberharc\u00e8lement<\/title>\n<meta name=\"description\" content=\"Ces organisations peuvent vous soutenir en fournissant des guides pratiques, des conseils face \u00e0 une situation d\u2019urgence, l&#039;acc\u00e8s \u00e0 un r\u00e9seau ou \u00e0 des fonds de soutien.\" \/>\n<meta name=\"robots\" content=\"index, follow, max-snippet:-1, max-image-preview:large, max-video-preview:-1\" \/>\n<link rel=\"canonical\" href=\"https:\/\/onlineharassmentfieldmanual.pen.org\/fr\/ressources-sur-le-cyberharcelement\/\" \/>\n<meta property=\"og:locale\" content=\"fr_FR\" \/>\n<meta property=\"og:type\" content=\"article\" \/>\n<meta property=\"og:title\" content=\"Ressources sur le cyberharc\u00e8lement - Manuel de d\u00e9fense contre le cyberharc\u00e8lement\" \/>\n<meta property=\"og:description\" content=\"Ces organisations peuvent vous soutenir en fournissant des guides pratiques, des conseils face \u00e0 une situation d\u2019urgence, l&#039;acc\u00e8s \u00e0 un r\u00e9seau ou \u00e0 des fonds de soutien.\" \/>\n<meta property=\"og:url\" content=\"https:\/\/onlineharassmentfieldmanual.pen.org\/fr\/ressources-sur-le-cyberharcelement\/\" \/>\n<meta property=\"og:site_name\" content=\"Manuel de d\u00e9fense contre le cyberharc\u00e8lement\" \/>\n<meta property=\"article:modified_time\" content=\"2023-02-24T18:07:48+00:00\" \/>\n<meta name=\"twitter:card\" content=\"summary_large_image\" \/>\n<meta name=\"twitter:label1\" content=\"Dur\u00e9e de lecture estim\u00e9e\" \/>\n\t<meta name=\"twitter:data1\" content=\"5 minutes\" \/>\n<script type=\"application\/ld+json\" class=\"yoast-schema-graph\">{\"@context\":\"https:\/\/schema.org\",\"@graph\":[{\"@type\":\"WebPage\",\"@id\":\"https:\/\/onlineharassmentfieldmanual.pen.org\/fr\/ressources-sur-le-cyberharcelement\/\",\"url\":\"https:\/\/onlineharassmentfieldmanual.pen.org\/fr\/ressources-sur-le-cyberharcelement\/\",\"name\":\"Ressources sur le cyberharc\u00e8lement - Manuel de d\u00e9fense contre le cyberharc\u00e8lement\",\"isPartOf\":{\"@id\":\"https:\/\/onlineharassmentfieldmanual.pen.org\/#website\"},\"datePublished\":\"2022-04-13T20:07:49+00:00\",\"dateModified\":\"2023-02-24T18:07:48+00:00\",\"description\":\"Ces organisations peuvent vous soutenir en fournissant des guides pratiques, des conseils face \u00e0 une situation d\u2019urgence, l'acc\u00e8s \u00e0 un r\u00e9seau ou \u00e0 des fonds de soutien.\",\"breadcrumb\":{\"@id\":\"https:\/\/onlineharassmentfieldmanual.pen.org\/fr\/ressources-sur-le-cyberharcelement\/#breadcrumb\"},\"inLanguage\":\"fr-FR\",\"potentialAction\":[{\"@type\":\"ReadAction\",\"target\":[\"https:\/\/onlineharassmentfieldmanual.pen.org\/fr\/ressources-sur-le-cyberharcelement\/\"]}]},{\"@type\":\"BreadcrumbList\",\"@id\":\"https:\/\/onlineharassmentfieldmanual.pen.org\/fr\/ressources-sur-le-cyberharcelement\/#breadcrumb\",\"itemListElement\":[{\"@type\":\"ListItem\",\"position\":1,\"name\":\"Home\",\"item\":\"https:\/\/onlineharassmentfieldmanual.pen.org\/fr\/\"},{\"@type\":\"ListItem\",\"position\":2,\"name\":\"Ressources sur le cyberharc\u00e8lement\"}]},{\"@type\":\"WebSite\",\"@id\":\"https:\/\/onlineharassmentfieldmanual.pen.org\/#website\",\"url\":\"https:\/\/onlineharassmentfieldmanual.pen.org\/\",\"name\":\"Manuel de d\u00e9fense contre le cyberharc\u00e8lement\",\"description\":\"PEN America\",\"publisher\":{\"@id\":\"https:\/\/onlineharassmentfieldmanual.pen.org\/#organization\"},\"potentialAction\":[{\"@type\":\"SearchAction\",\"target\":{\"@type\":\"EntryPoint\",\"urlTemplate\":\"https:\/\/onlineharassmentfieldmanual.pen.org\/?s={search_term_string}\"},\"query-input\":{\"@type\":\"PropertyValueSpecification\",\"valueRequired\":true,\"valueName\":\"search_term_string\"}}],\"inLanguage\":\"fr-FR\"},{\"@type\":\"Organization\",\"@id\":\"https:\/\/onlineharassmentfieldmanual.pen.org\/#organization\",\"name\":\"Manuel de d\u00e9fense contre le cyberharc\u00e8lement\",\"url\":\"https:\/\/onlineharassmentfieldmanual.pen.org\/\",\"logo\":{\"@type\":\"ImageObject\",\"inLanguage\":\"fr-FR\",\"@id\":\"https:\/\/onlineharassmentfieldmanual.pen.org\/#\/schema\/logo\/image\/\",\"url\":\"https:\/\/onlineharassmentfieldmanual.pen.org\/wp-content\/uploads\/2018\/04\/pen-logo.png\",\"contentUrl\":\"https:\/\/onlineharassmentfieldmanual.pen.org\/wp-content\/uploads\/2018\/04\/pen-logo.png\",\"width\":552,\"height\":210,\"caption\":\"Manuel de d\u00e9fense contre le cyberharc\u00e8lement\"},\"image\":{\"@id\":\"https:\/\/onlineharassmentfieldmanual.pen.org\/#\/schema\/logo\/image\/\"}}]}<\/script>\n<!-- \/ Yoast SEO plugin. -->","yoast_head_json":{"title":"Ressources sur le cyberharc\u00e8lement - Manuel de d\u00e9fense contre le cyberharc\u00e8lement","description":"Ces organisations peuvent vous soutenir en fournissant des guides pratiques, des conseils face \u00e0 une situation d\u2019urgence, l'acc\u00e8s \u00e0 un r\u00e9seau ou \u00e0 des fonds de soutien.","robots":{"index":"index","follow":"follow","max-snippet":"max-snippet:-1","max-image-preview":"max-image-preview:large","max-video-preview":"max-video-preview:-1"},"canonical":"https:\/\/onlineharassmentfieldmanual.pen.org\/fr\/ressources-sur-le-cyberharcelement\/","og_locale":"fr_FR","og_type":"article","og_title":"Ressources sur le cyberharc\u00e8lement - Manuel de d\u00e9fense contre le cyberharc\u00e8lement","og_description":"Ces organisations peuvent vous soutenir en fournissant des guides pratiques, des conseils face \u00e0 une situation d\u2019urgence, l'acc\u00e8s \u00e0 un r\u00e9seau ou \u00e0 des fonds de soutien.","og_url":"https:\/\/onlineharassmentfieldmanual.pen.org\/fr\/ressources-sur-le-cyberharcelement\/","og_site_name":"Manuel de d\u00e9fense contre le cyberharc\u00e8lement","article_modified_time":"2023-02-24T18:07:48+00:00","twitter_card":"summary_large_image","twitter_misc":{"Dur\u00e9e de lecture estim\u00e9e":"5 minutes"},"schema":{"@context":"https:\/\/schema.org","@graph":[{"@type":"WebPage","@id":"https:\/\/onlineharassmentfieldmanual.pen.org\/fr\/ressources-sur-le-cyberharcelement\/","url":"https:\/\/onlineharassmentfieldmanual.pen.org\/fr\/ressources-sur-le-cyberharcelement\/","name":"Ressources sur le cyberharc\u00e8lement - Manuel de d\u00e9fense contre le cyberharc\u00e8lement","isPartOf":{"@id":"https:\/\/onlineharassmentfieldmanual.pen.org\/#website"},"datePublished":"2022-04-13T20:07:49+00:00","dateModified":"2023-02-24T18:07:48+00:00","description":"Ces organisations peuvent vous soutenir en fournissant des guides pratiques, des conseils face \u00e0 une situation d\u2019urgence, l'acc\u00e8s \u00e0 un r\u00e9seau ou \u00e0 des fonds de soutien.","breadcrumb":{"@id":"https:\/\/onlineharassmentfieldmanual.pen.org\/fr\/ressources-sur-le-cyberharcelement\/#breadcrumb"},"inLanguage":"fr-FR","potentialAction":[{"@type":"ReadAction","target":["https:\/\/onlineharassmentfieldmanual.pen.org\/fr\/ressources-sur-le-cyberharcelement\/"]}]},{"@type":"BreadcrumbList","@id":"https:\/\/onlineharassmentfieldmanual.pen.org\/fr\/ressources-sur-le-cyberharcelement\/#breadcrumb","itemListElement":[{"@type":"ListItem","position":1,"name":"Home","item":"https:\/\/onlineharassmentfieldmanual.pen.org\/fr\/"},{"@type":"ListItem","position":2,"name":"Ressources sur le cyberharc\u00e8lement"}]},{"@type":"WebSite","@id":"https:\/\/onlineharassmentfieldmanual.pen.org\/#website","url":"https:\/\/onlineharassmentfieldmanual.pen.org\/","name":"Manuel de d\u00e9fense contre le cyberharc\u00e8lement","description":"PEN America","publisher":{"@id":"https:\/\/onlineharassmentfieldmanual.pen.org\/#organization"},"potentialAction":[{"@type":"SearchAction","target":{"@type":"EntryPoint","urlTemplate":"https:\/\/onlineharassmentfieldmanual.pen.org\/?s={search_term_string}"},"query-input":{"@type":"PropertyValueSpecification","valueRequired":true,"valueName":"search_term_string"}}],"inLanguage":"fr-FR"},{"@type":"Organization","@id":"https:\/\/onlineharassmentfieldmanual.pen.org\/#organization","name":"Manuel de d\u00e9fense contre le cyberharc\u00e8lement","url":"https:\/\/onlineharassmentfieldmanual.pen.org\/","logo":{"@type":"ImageObject","inLanguage":"fr-FR","@id":"https:\/\/onlineharassmentfieldmanual.pen.org\/#\/schema\/logo\/image\/","url":"https:\/\/onlineharassmentfieldmanual.pen.org\/wp-content\/uploads\/2018\/04\/pen-logo.png","contentUrl":"https:\/\/onlineharassmentfieldmanual.pen.org\/wp-content\/uploads\/2018\/04\/pen-logo.png","width":552,"height":210,"caption":"Manuel de d\u00e9fense contre le cyberharc\u00e8lement"},"image":{"@id":"https:\/\/onlineharassmentfieldmanual.pen.org\/#\/schema\/logo\/image\/"}}]}},"_links":{"self":[{"href":"https:\/\/onlineharassmentfieldmanual.pen.org\/fr\/wp-json\/wp\/v2\/pages\/3065","targetHints":{"allow":["GET"]}}],"collection":[{"href":"https:\/\/onlineharassmentfieldmanual.pen.org\/fr\/wp-json\/wp\/v2\/pages"}],"about":[{"href":"https:\/\/onlineharassmentfieldmanual.pen.org\/fr\/wp-json\/wp\/v2\/types\/page"}],"author":[{"embeddable":true,"href":"https:\/\/onlineharassmentfieldmanual.pen.org\/fr\/wp-json\/wp\/v2\/users\/10"}],"replies":[{"embeddable":true,"href":"https:\/\/onlineharassmentfieldmanual.pen.org\/fr\/wp-json\/wp\/v2\/comments?post=3065"}],"version-history":[{"count":14,"href":"https:\/\/onlineharassmentfieldmanual.pen.org\/fr\/wp-json\/wp\/v2\/pages\/3065\/revisions"}],"predecessor-version":[{"id":4983,"href":"https:\/\/onlineharassmentfieldmanual.pen.org\/fr\/wp-json\/wp\/v2\/pages\/3065\/revisions\/4983"}],"wp:attachment":[{"href":"https:\/\/onlineharassmentfieldmanual.pen.org\/fr\/wp-json\/wp\/v2\/media?parent=3065"}],"wp:term":[{"taxonomy":"category","embeddable":true,"href":"https:\/\/onlineharassmentfieldmanual.pen.org\/fr\/wp-json\/wp\/v2\/categories?post=3065"},{"taxonomy":"post_tag","embeddable":true,"href":"https:\/\/onlineharassmentfieldmanual.pen.org\/fr\/wp-json\/wp\/v2\/tags?post=3065"}],"curies":[{"name":"wp","href":"https:\/\/api.w.org\/{rel}","templated":true}]}}