{"id":3013,"date":"2021-08-01T20:04:19","date_gmt":"2021-08-01T20:04:19","guid":{"rendered":"https:\/\/onlineharassmentfieldmanual.pen.org\/establishing-supportive-cyber-communities\/"},"modified":"2022-04-06T01:25:34","modified_gmt":"2022-04-06T01:25:34","slug":"communautes-soutien-en-ligne","status":"publish","type":"page","link":"https:\/\/onlineharassmentfieldmanual.pen.org\/fr\/communautes-soutien-en-ligne\/","title":{"rendered":"Mettre en place des communaut\u00e9s de soutien en ligne"},"content":{"rendered":"<div class=\"wpb-content-wrapper\">[vc_row][vc_column][vc_column_text css=\u00a0\u00bb.vc_custom_1523997235960{margin-bottom: 32px !important;}\u00a0\u00bb]\n<p><span class=\"coral\">Si vous voulez vous prot\u00e9ger au mieux face au cyberharc\u00e8lement, cr\u00e9er une cyber-communaut\u00e9 solidaire d&rsquo;ami(e)s, de coll\u00e8gues et d&rsquo;alli\u00e9(e)s num\u00e9riques pour vous soutenir en cas d\u2019attaque en ligne peut \u00eatre utile.<\/span><\/p>\n<p>Vous pourrez vous appuyer sur ces groupes, \u00e0 mettre en place en amont des attaques, si les abus en ligne s&rsquo;intensifient ou deviennent publics.<\/p>\n<h3 style=\"margin: 0;\"><strong>1. Identifiez vos soutiens<\/strong><\/h3>\n<p>Si vous \u00eates souvent sur les r\u00e9seaux sociaux, il est probable que vous apparteniez d\u00e9j\u00e0 \u00e0 un ou plusieurs fils de conversation, groupes Facebook ou forums en ligne d\u00e9di\u00e9s aux sujets qui vous int\u00e9ressent et sur lesquels vous \u00e9crivez. Ces r\u00e9seaux sociaux organis\u00e9s sont des communaut\u00e9s cruciales \u00e0 exploiter si vous \u00eates attaqu\u00e9(e) en ligne ou si vous souhaitez soutenir d&rsquo;autres personnes cibl\u00e9es par le cyberharc\u00e8lement.<\/p>\n<p>Si vous n&rsquo;\u00eates pas tr\u00e8s pr\u00e9sent(e) sur les r\u00e9seaux sociaux ou dans les forums de discussion, mais que vous souhaitez trouver une communaut\u00e9 en ligne, commencez par vos relations dans le monde physique. Envoyez un message \u00e0 vos ami(e)s \u00e9crivain(e)s, journalistes ou blogueurs(euses) ou un email aux groupes professionnels, \u00e9ditoriaux et\/ou association d\u2019ancien(ne)s \u00e9l\u00e8ves dont vous faites partie et demandez-leur s&rsquo;ils appartiennent \u00e0 des communaut\u00e9s en ligne \u00e0 la recherche de nouveaux membres.<\/p>\n<p>Vous pouvez aussi lancer votre propre groupe en ligne! Les potentiels r\u00e9seaux \u00e0 exploiter comprennent:<\/p>\n<ul>\n<li>Toute publication qui a d\u00e9j\u00e0 repris votre travail, en ligne ou hors ligne.<\/li>\n<li>Vos soutiens et\/ou lecteur(trice)s qui suivent votre travail.<\/li>\n<li>Journalistes, blogueurs (euses), r\u00e9dacteur(trice)s en chef, activistes, chercheur(euse)s avec lesquel(le)s vous avez peut-\u00eatre travaill\u00e9 dans le pass\u00e9.<\/li>\n<li>Ancien(ne)s camarades de classe ou de promotion.<\/li>\n<li>Anciens membres d&rsquo;un atelier d&rsquo;\u00e9criture auquel vous avez assist\u00e9.<\/li>\n<li>Une liste des participant(e)s rencontr\u00e9(e)s lors d&rsquo;une r\u00e9cente conf\u00e9rence de presse.<\/li>\n<li>Tout groupe sp\u00e9cifique auquel vous appartenez, et dont les membres partagent une caract\u00e9ristique religieuse, ethnique, culturelle, politique, physique, sexuelle, id\u00e9ologique ou autre qui vous tient \u00e0 c\u0153ur.<\/li>\n<\/ul>\n<h3 style=\"margin: 0;\"><strong>2. Publiez un message \u00e0 l&rsquo;attention du groupe au sujet du cyberharc\u00e8lement<\/strong><\/h3>\n<p>Il est important que les communaut\u00e9s en ligne comprennent les implications du cyberharc\u00e8lement avant qu&rsquo;il ne commence. Si vous faites confiance \u00e0 un groupe particulier en ligne, ou au moins \u00e0 quelques-uns de ses membres cl\u00e9s, pour vous soutenir la prochaine fois que vous \u00eates attaqu\u00e9(e) en ligne, n&rsquo;ayez pas peur de publier un message contenant les points suivants:<\/p>\n<ul>\n<li>Une reconnaissance explicite que le cyberharc\u00e8lement existe et est extr\u00eamement probl\u00e9matique pour un dialogue en ligne productif dans n&rsquo;importe quel forum en ligne.<\/li>\n<li>Une br\u00e8ve anecdote sur la fa\u00e7on dont le cyberharc\u00e8lement vous a personnellement touch\u00e9(e), pour vous aider \u00e0 personnaliser et \u00e0 raconter le probl\u00e8me (uniquement si vous \u00eates \u00e0 l&rsquo;aise pour partager ces informations).<\/li>\n<li>Un appel du groupe \u00e0 l&rsquo;action. Cela pourrait \u00eatre une demande g\u00e9n\u00e9rale de la part des membres du groupe de maintenir la communaut\u00e9 comme un espace sans harc\u00e8lement. Ou vous pouvez publier une demande plus sp\u00e9cifique demandant aux gens de soutenir toute personne du groupe qui aurait besoin d\u2019aide lors d&rsquo;un \u00e9pisode de cyberharc\u00e8lement.<\/li>\n<li>Les hashtags peuvent \u00eatre utiles pour f\u00e9d\u00e9rer des communaut\u00e9s de soutien en ligne. Attention, les cyberharceleurs peuvent aussi tenter de d\u00e9tourner ces hashtags.<\/li>\n<li>Une demande de collecte de coordonn\u00e9es de toute personne acceptant de figurer sur une liste de diffusion directe. Cette \u00e9tape est plus d\u00e9licate, car de nombreuses personnes auront de bonnes raisons de ne pas vouloir transmettre leurs coordonn\u00e9es personnelles, en particulier \u00e0 une personne qu\u2019elles ne connaissent pas tr\u00e8s bien. Mais s&rsquo;il y a des personnes dans le groupe avec lesquelles vous avez des relations de confiance hors ligne, ou si les membres du groupe se connaissent et se font confiance, \u00e9changer les coordonn\u00e9es peut acc\u00e9l\u00e9rer le processus d&rsquo;intervention en cas de cyberharc\u00e8lement.<\/li>\n<\/ul>\n<p>N\u2019oubliez pas: pensez \u00e0 bien indiquer aux personnes qui souhaitent vous soutenir qu\u2019elles peuvent aussi potentiellement \u00eatre attaqu\u00e9es par les cyberharceleurs. Il s\u2019agit l\u00e0 d\u2019une cons\u00e9quence potentielle pour les personnes qui affichent un soutien en ligne \u00e0 une personne cyberharcel\u00e9e &#8211; d&rsquo;o\u00f9 l&rsquo;int\u00e9r\u00eat d&rsquo;\u00e9laborer une strat\u00e9gie en amont et de pr\u00e9venir les risques au maximum.<\/p>\n[\/vc_column_text][vc_cta h2=\u00a0\u00bbSi vous \u00eates une femme journaliste ou \u00e9crivaine\u00a0\u00bb shape=\u00a0\u00bbsquare\u00a0\u00bb css=\u00a0\u00bb.vc_custom_1523997264637{background-color: #e4e4e4 !important;}\u00a0\u00bb]Selon <a href=\"https:\/\/fr.unesco.org\/news\/journaliststoo-73-femmes-journalistes-ayant-participe-enquete-lunesco-licfj-ont-subi-violences\" target=\"_blank\" rel=\"noopener noreferrer\">une \u00e9tude publi\u00e9e fin 2020 par l\u2019UNESCO<\/a>, 73% des femmes journalistes ont d\u00e9j\u00e0 subi des violences en ligne, et 20% des femmes ayant particip\u00e9 \u00e0 l\u2019enqu\u00eate d\u00e9clarent avoir \u00e9t\u00e9 attaqu\u00e9es ou agress\u00e9es hors ligne en relation avec la violence en ligne dont elles avaient \u00e9t\u00e9 victimes. Si vous \u00eates une femme \u00e9crivaine ou journaliste et que vous cherchez du soutien, vous pouvez rejoindre les organisations suivantes:<\/p>\n<ul>\n<li>The Coalition for Women in Journalism (La Coalition pour les femmes dans le journalisme) peut vous offrir un soutien \u00e0 travers un <a href=\"https:\/\/www.womeninjournalism.org\/globalmentors\" target=\"_blank\" rel=\"noopener noreferrer\">programme de mentorat<\/a>.<\/li>\n<li>Le R\u00e9seau paix et s\u00e9curit\u00e9 pour les femmes de l&rsquo;espace CEDEAO offre un soutien \u00e0 toutes les femmes, y compris journalistes, \u00e9crivaines ou blogueuses, \u00e0 travers des activit\u00e9s de sensibilisation, de campagne digitale et un accompagnement judiciaire et psychologique. Vous pouvez vous rapprochez-vous de la section de votre pays (exemple, <a href=\"https:\/\/repsfecobenin.org\/\" target=\"_blank\" rel=\"noopener noreferrer\">au B\u00e9nin<\/a>).<\/li>\n<li><a href=\"https:\/\/www.facebook.com\/ROAJELF\/\" target=\"_blank\" rel=\"noopener noreferrer\">Le R\u00e9seau Ouest Africain des Jeunes Femmes Leaders<\/a> et le <a href=\"https:\/\/www.facebook.com\/FeministesAO\/\" target=\"_blank\" rel=\"noopener noreferrer\">R\u00e9seau des Jeunes F\u00e9ministes d\u2019Afrique de l\u2019Ouest<\/a> peuvent aussi offrir un soutien (Consultez <a href=\"https:\/\/equipop.org\/wp-content\/uploads\/2021\/02\/Activistes-GenerationsFeministes.pdf?fbclid=IwAR34OCeEw7e1Ku2KW0BfaDjIe1xZHf3SgSE1eR-7JlVizCWrN7F5bEofLBE\" target=\"_blank\" rel=\"noopener noreferrer\">le Guide pour devenir une cyberactiviste du R\u00e9seau des Jeunes F\u00e9ministes d\u2019Afrique de l\u2019Ouest<\/a>).<\/li>\n<li>L&rsquo;Association des professionnelles africaines de la communication (APAC) et le <a href=\"https:\/\/uracsenegal.sn\/presentation-du-rif-reseau-international-des-femmes\/\" target=\"_blank\" rel=\"noopener noreferrer\">R\u00e9seau international des femmes (RIF)<\/a> peuvent \u00e9galement vous soutenir.<\/li>\n<li>Le r\u00e9seau <a href=\"https:\/\/prenonslaune.fr\/\" target=\"_blank\" rel=\"noopener noreferrer\">Prenons la Une<\/a>, qui se bat pour la parit\u00e9 dans les m\u00e9dias et l&rsquo;\u00e9galit\u00e9 dans les r\u00e9dactions, a \u00e9galement d\u00e9velopp\u00e9 <a href=\"https:\/\/prenonslaune.fr\/2020\/11\/cyberharcelement-journaliste\/\" target=\"_blank\" rel=\"noopener noreferrer\">un p\u00f4le de soutien et d\u2019\u00e9coute pour les femmes journalistes cibl\u00e9es par le cyberharc\u00e8lement<\/a>.<\/li>\n<li><a href=\"https:\/\/www.facebook.com\/MaMaProJect.africa\" target=\"_blank\" rel=\"noopener noreferrer\"><span style=\"font-weight: 400;\">MaMa Project <\/span><\/a><span style=\"font-weight: 400;\">accompagne les femmes journalistes qui ont la volont\u00e9 de raconter leur continent au-del\u00e0 des obstacles.<\/span><\/li>\n<\/ul>\n[\/vc_cta][vc_column_text css=\u00a0\u00bb.vc_custom_1523997302033{margin-bottom: 32px !important;}\u00a0\u00bb]\n<h3><strong>3. Cr\u00e9ez un lieu d\u00e9di\u00e9 o\u00f9 les membres de votre communaut\u00e9 peuvent \u00eatre facilement contact\u00e9s en cas de crise<\/strong><\/h3>\n<p>Ceci peut \u00eatre un groupe Facebook priv\u00e9, une liste de diffusion par email, une liste de distribution WhatsApp, etc. Dans certains cas, vous voudrez peut-\u00eatre r\u00e9diger une note \u00e0 l&rsquo;avance pour la diffuser lorsque votre publication est mise en ligne et\/ou que le harc\u00e8lement commence.<\/p>\n<p>Exemple de note de crise: \u00ab SOS &#8211; Publication d&rsquo;un article sur la politique des \u00c9tats de la CEDEAO face \u00e0 l\u2019immigration aujourd&rsquo;hui. La derni\u00e8re fois que j&rsquo;ai publi\u00e9 sur ce sujet, j&rsquo;ai \u00e9t\u00e9 la cible d\u2019une campagne de haine sur Twitter (des gens m\u2019ont insult\u00e9, ils recherchaient mon adresse et se la faisaient passer). Quelqu&rsquo;un peut-il acc\u00e9der \u00e0 la section des commentaires de l&rsquo;article \u00e0 12h Temps Universel et \u00e9crire quelque chose de positif pour aider \u00e0 donner le ton du fil de discussions? Vous n&rsquo;\u00eates pas oblig\u00e9(e) d&rsquo;\u00eatre d&rsquo;accord avec ce que j&rsquo;\u00e9cris, mais tout ce qui est \u00e9crit sur un ton respectueux sans langage haineux aidera! \u00bb.<\/p>\n<ul>\n<li>Si vous savez que le sujet que vous couvrez est jug\u00e9 controvers\u00e9 ou susceptible de provoquer des r\u00e9actions abusives, contactez vos coll\u00e8gues journalistes et demandez-leur s\u2019ils ou elles veulent bien publier un commentaire d\u00e8s que l&rsquo;article sera publi\u00e9. Si les premiers commentaires dans un fil de discussion sont civilis\u00e9s et polis, les messages qui en d\u00e9coulent sont plus susceptibles de prendre le ton de ces premiers commentaires. Les journalistes qui couvrent des sujets sp\u00e9cifiques devraient envisager de se regrouper avec des journalistes d&rsquo;autres organisations de presse qui couvrent les m\u00eames sujets. Lorsque le harc\u00e8lement commence, vous pouvez rejoindre cette communaut\u00e9 pour participer \u00e0 la conversation en ligne.<\/li>\n<\/ul>\n<h3><strong>4. Rendez \u00e9galement service \u00e0 votre communaut\u00e9 en ligne<\/strong><\/h3>\n<p>Dans les moments plus calmes, lorsque vous n&rsquo;\u00eates pas vous-m\u00eame \u00e9puis\u00e9(e) par le cyberharc\u00e8lement auquel vous faites face, offrez votre soutien \u00e0 d&rsquo;autres journalistes, blogueurs(euses), activistes ou \u00e9crivain(e)s confront\u00e9(e)s \u00e0 ce type de menaces. Lorsque les communaut\u00e9s num\u00e9riques se r\u00e9unissent pour lutter contre les comportements toxiques en ligne, cela permet de contrebalancer l\u2019impact des individus perp\u00e9tuant des campagnes de haine en ligne.<\/p>\n<p>Les \u00e9crivain(e)s qui cherchent \u00e0 entrer en contact avec d&rsquo;autres \u00e9crivain(e)s peuvent rejoindre des organisations comme des Clubs d&rsquo;\u00c9crivain(e)s, <a href=\"https:\/\/m.facebook.com\/Club-des-%C3%89crivains-de-lUniversit%C3%A9-de-Parakou-CEUP-1240789379324179\/community\/?ref=page_internal&amp;mt_nav&amp;_rdr\" target=\"_blank\" rel=\"noopener noreferrer\">qui ont souvent des groupes Facebook<\/a>.<\/p>\n<p><em><strong>Pour plus d&rsquo;informations sur la fa\u00e7on de mobiliser vos communaut\u00e9s de soutien en ligne lorsque vous faites face au cyberharc\u00e8lement, consultez notre page <a href=\"https:\/\/onlineharassmentfieldmanual.pen.org\/fr\/mobiliser-une-communaute-de-soutien-en-ligne\">Mobiliser une communaut\u00e9 de soutien en ligne<\/a>.<\/strong><\/em>[\/vc_column_text][\/vc_column][\/vc_row]\n<\/div>","protected":false},"excerpt":{"rendered":"<p>[vc_row][vc_column][vc_column_text css=\u00a0\u00bb.vc_custom_1523997235960{margin-bottom: 32px !important;}\u00a0\u00bb] Si vous voulez vous prot\u00e9ger au mieux face au cyberharc\u00e8lement, cr\u00e9er une cyber-communaut\u00e9 solidaire d&rsquo;ami(e)s, de coll\u00e8gues et d&rsquo;alli\u00e9(e)s num\u00e9riques pour vous soutenir en cas d\u2019attaque en ligne peut \u00eatre utile. Vous pourrez vous appuyer sur ces groupes, \u00e0 mettre en place en amont des attaques, si les abus en ligne&hellip;<\/p>\n","protected":false},"author":10,"featured_media":0,"parent":0,"menu_order":0,"comment_status":"closed","ping_status":"closed","template":"","meta":{"footnotes":""},"categories":[],"tags":[342,343,344,345,346,347,348,349,350],"class_list":["post-3013","page","type-page","status-publish","hentry","tag-ally-fr","tag-cyber-community-fr","tag-family-fr","tag-friends-fr","tag-loved-ones-fr","tag-online-community-fr","tag-peer-support-fr","tag-support-community-fr","tag-support-group-fr","entry","no-media"],"yoast_head":"<!-- This site is optimized with the Yoast SEO plugin v27.2 - https:\/\/yoast.com\/product\/yoast-seo-wordpress\/ -->\n<title>Mettre en place des communaut\u00e9s de soutien en ligne - Manuel de d\u00e9fense contre le cyberharc\u00e8lement<\/title>\n<meta name=\"description\" content=\"\u00c9tablir des communaut\u00e9s en ligne pour vous soutenir face \u00e0 des \u00e9pisodes de cyberharc\u00e8lement.\" \/>\n<meta name=\"robots\" content=\"index, follow, max-snippet:-1, max-image-preview:large, max-video-preview:-1\" \/>\n<link rel=\"canonical\" href=\"https:\/\/onlineharassmentfieldmanual.pen.org\/fr\/communautes-soutien-en-ligne\/\" \/>\n<meta property=\"og:locale\" content=\"fr_FR\" \/>\n<meta property=\"og:type\" content=\"article\" \/>\n<meta property=\"og:title\" content=\"Mettre en place des communaut\u00e9s de soutien en ligne - Manuel de d\u00e9fense contre le cyberharc\u00e8lement\" \/>\n<meta property=\"og:description\" content=\"\u00c9tablir des communaut\u00e9s en ligne pour vous soutenir face \u00e0 des \u00e9pisodes de cyberharc\u00e8lement.\" \/>\n<meta property=\"og:url\" content=\"https:\/\/onlineharassmentfieldmanual.pen.org\/fr\/communautes-soutien-en-ligne\/\" \/>\n<meta property=\"og:site_name\" content=\"Manuel de d\u00e9fense contre le cyberharc\u00e8lement\" \/>\n<meta property=\"article:modified_time\" content=\"2022-04-06T01:25:34+00:00\" \/>\n<meta name=\"twitter:card\" content=\"summary_large_image\" \/>\n<meta name=\"twitter:label1\" content=\"Dur\u00e9e de lecture estim\u00e9e\" \/>\n\t<meta name=\"twitter:data1\" content=\"6 minutes\" \/>\n<script type=\"application\/ld+json\" class=\"yoast-schema-graph\">{\"@context\":\"https:\/\/schema.org\",\"@graph\":[{\"@type\":\"WebPage\",\"@id\":\"https:\/\/onlineharassmentfieldmanual.pen.org\/fr\/communautes-soutien-en-ligne\/\",\"url\":\"https:\/\/onlineharassmentfieldmanual.pen.org\/fr\/communautes-soutien-en-ligne\/\",\"name\":\"Mettre en place des communaut\u00e9s de soutien en ligne - Manuel de d\u00e9fense contre le cyberharc\u00e8lement\",\"isPartOf\":{\"@id\":\"https:\/\/onlineharassmentfieldmanual.pen.org\/#website\"},\"datePublished\":\"2021-08-01T20:04:19+00:00\",\"dateModified\":\"2022-04-06T01:25:34+00:00\",\"description\":\"\u00c9tablir des communaut\u00e9s en ligne pour vous soutenir face \u00e0 des \u00e9pisodes de cyberharc\u00e8lement.\",\"breadcrumb\":{\"@id\":\"https:\/\/onlineharassmentfieldmanual.pen.org\/fr\/communautes-soutien-en-ligne\/#breadcrumb\"},\"inLanguage\":\"fr-FR\",\"potentialAction\":[{\"@type\":\"ReadAction\",\"target\":[\"https:\/\/onlineharassmentfieldmanual.pen.org\/fr\/communautes-soutien-en-ligne\/\"]}]},{\"@type\":\"BreadcrumbList\",\"@id\":\"https:\/\/onlineharassmentfieldmanual.pen.org\/fr\/communautes-soutien-en-ligne\/#breadcrumb\",\"itemListElement\":[{\"@type\":\"ListItem\",\"position\":1,\"name\":\"Home\",\"item\":\"https:\/\/onlineharassmentfieldmanual.pen.org\/fr\/\"},{\"@type\":\"ListItem\",\"position\":2,\"name\":\"Mettre en place des communaut\u00e9s de soutien en ligne\"}]},{\"@type\":\"WebSite\",\"@id\":\"https:\/\/onlineharassmentfieldmanual.pen.org\/#website\",\"url\":\"https:\/\/onlineharassmentfieldmanual.pen.org\/\",\"name\":\"Manuel de d\u00e9fense contre le cyberharc\u00e8lement\",\"description\":\"PEN America\",\"publisher\":{\"@id\":\"https:\/\/onlineharassmentfieldmanual.pen.org\/#organization\"},\"potentialAction\":[{\"@type\":\"SearchAction\",\"target\":{\"@type\":\"EntryPoint\",\"urlTemplate\":\"https:\/\/onlineharassmentfieldmanual.pen.org\/?s={search_term_string}\"},\"query-input\":{\"@type\":\"PropertyValueSpecification\",\"valueRequired\":true,\"valueName\":\"search_term_string\"}}],\"inLanguage\":\"fr-FR\"},{\"@type\":\"Organization\",\"@id\":\"https:\/\/onlineharassmentfieldmanual.pen.org\/#organization\",\"name\":\"Manuel de d\u00e9fense contre le cyberharc\u00e8lement\",\"url\":\"https:\/\/onlineharassmentfieldmanual.pen.org\/\",\"logo\":{\"@type\":\"ImageObject\",\"inLanguage\":\"fr-FR\",\"@id\":\"https:\/\/onlineharassmentfieldmanual.pen.org\/#\/schema\/logo\/image\/\",\"url\":\"https:\/\/onlineharassmentfieldmanual.pen.org\/wp-content\/uploads\/2018\/04\/pen-logo.png\",\"contentUrl\":\"https:\/\/onlineharassmentfieldmanual.pen.org\/wp-content\/uploads\/2018\/04\/pen-logo.png\",\"width\":552,\"height\":210,\"caption\":\"Manuel de d\u00e9fense contre le cyberharc\u00e8lement\"},\"image\":{\"@id\":\"https:\/\/onlineharassmentfieldmanual.pen.org\/#\/schema\/logo\/image\/\"}}]}<\/script>\n<!-- \/ Yoast SEO plugin. -->","yoast_head_json":{"title":"Mettre en place des communaut\u00e9s de soutien en ligne - Manuel de d\u00e9fense contre le cyberharc\u00e8lement","description":"\u00c9tablir des communaut\u00e9s en ligne pour vous soutenir face \u00e0 des \u00e9pisodes de cyberharc\u00e8lement.","robots":{"index":"index","follow":"follow","max-snippet":"max-snippet:-1","max-image-preview":"max-image-preview:large","max-video-preview":"max-video-preview:-1"},"canonical":"https:\/\/onlineharassmentfieldmanual.pen.org\/fr\/communautes-soutien-en-ligne\/","og_locale":"fr_FR","og_type":"article","og_title":"Mettre en place des communaut\u00e9s de soutien en ligne - Manuel de d\u00e9fense contre le cyberharc\u00e8lement","og_description":"\u00c9tablir des communaut\u00e9s en ligne pour vous soutenir face \u00e0 des \u00e9pisodes de cyberharc\u00e8lement.","og_url":"https:\/\/onlineharassmentfieldmanual.pen.org\/fr\/communautes-soutien-en-ligne\/","og_site_name":"Manuel de d\u00e9fense contre le cyberharc\u00e8lement","article_modified_time":"2022-04-06T01:25:34+00:00","twitter_card":"summary_large_image","twitter_misc":{"Dur\u00e9e de lecture estim\u00e9e":"6 minutes"},"schema":{"@context":"https:\/\/schema.org","@graph":[{"@type":"WebPage","@id":"https:\/\/onlineharassmentfieldmanual.pen.org\/fr\/communautes-soutien-en-ligne\/","url":"https:\/\/onlineharassmentfieldmanual.pen.org\/fr\/communautes-soutien-en-ligne\/","name":"Mettre en place des communaut\u00e9s de soutien en ligne - Manuel de d\u00e9fense contre le cyberharc\u00e8lement","isPartOf":{"@id":"https:\/\/onlineharassmentfieldmanual.pen.org\/#website"},"datePublished":"2021-08-01T20:04:19+00:00","dateModified":"2022-04-06T01:25:34+00:00","description":"\u00c9tablir des communaut\u00e9s en ligne pour vous soutenir face \u00e0 des \u00e9pisodes de cyberharc\u00e8lement.","breadcrumb":{"@id":"https:\/\/onlineharassmentfieldmanual.pen.org\/fr\/communautes-soutien-en-ligne\/#breadcrumb"},"inLanguage":"fr-FR","potentialAction":[{"@type":"ReadAction","target":["https:\/\/onlineharassmentfieldmanual.pen.org\/fr\/communautes-soutien-en-ligne\/"]}]},{"@type":"BreadcrumbList","@id":"https:\/\/onlineharassmentfieldmanual.pen.org\/fr\/communautes-soutien-en-ligne\/#breadcrumb","itemListElement":[{"@type":"ListItem","position":1,"name":"Home","item":"https:\/\/onlineharassmentfieldmanual.pen.org\/fr\/"},{"@type":"ListItem","position":2,"name":"Mettre en place des communaut\u00e9s de soutien en ligne"}]},{"@type":"WebSite","@id":"https:\/\/onlineharassmentfieldmanual.pen.org\/#website","url":"https:\/\/onlineharassmentfieldmanual.pen.org\/","name":"Manuel de d\u00e9fense contre le cyberharc\u00e8lement","description":"PEN America","publisher":{"@id":"https:\/\/onlineharassmentfieldmanual.pen.org\/#organization"},"potentialAction":[{"@type":"SearchAction","target":{"@type":"EntryPoint","urlTemplate":"https:\/\/onlineharassmentfieldmanual.pen.org\/?s={search_term_string}"},"query-input":{"@type":"PropertyValueSpecification","valueRequired":true,"valueName":"search_term_string"}}],"inLanguage":"fr-FR"},{"@type":"Organization","@id":"https:\/\/onlineharassmentfieldmanual.pen.org\/#organization","name":"Manuel de d\u00e9fense contre le cyberharc\u00e8lement","url":"https:\/\/onlineharassmentfieldmanual.pen.org\/","logo":{"@type":"ImageObject","inLanguage":"fr-FR","@id":"https:\/\/onlineharassmentfieldmanual.pen.org\/#\/schema\/logo\/image\/","url":"https:\/\/onlineharassmentfieldmanual.pen.org\/wp-content\/uploads\/2018\/04\/pen-logo.png","contentUrl":"https:\/\/onlineharassmentfieldmanual.pen.org\/wp-content\/uploads\/2018\/04\/pen-logo.png","width":552,"height":210,"caption":"Manuel de d\u00e9fense contre le cyberharc\u00e8lement"},"image":{"@id":"https:\/\/onlineharassmentfieldmanual.pen.org\/#\/schema\/logo\/image\/"}}]}},"_links":{"self":[{"href":"https:\/\/onlineharassmentfieldmanual.pen.org\/fr\/wp-json\/wp\/v2\/pages\/3013","targetHints":{"allow":["GET"]}}],"collection":[{"href":"https:\/\/onlineharassmentfieldmanual.pen.org\/fr\/wp-json\/wp\/v2\/pages"}],"about":[{"href":"https:\/\/onlineharassmentfieldmanual.pen.org\/fr\/wp-json\/wp\/v2\/types\/page"}],"author":[{"embeddable":true,"href":"https:\/\/onlineharassmentfieldmanual.pen.org\/fr\/wp-json\/wp\/v2\/users\/10"}],"replies":[{"embeddable":true,"href":"https:\/\/onlineharassmentfieldmanual.pen.org\/fr\/wp-json\/wp\/v2\/comments?post=3013"}],"version-history":[{"count":8,"href":"https:\/\/onlineharassmentfieldmanual.pen.org\/fr\/wp-json\/wp\/v2\/pages\/3013\/revisions"}],"predecessor-version":[{"id":3567,"href":"https:\/\/onlineharassmentfieldmanual.pen.org\/fr\/wp-json\/wp\/v2\/pages\/3013\/revisions\/3567"}],"wp:attachment":[{"href":"https:\/\/onlineharassmentfieldmanual.pen.org\/fr\/wp-json\/wp\/v2\/media?parent=3013"}],"wp:term":[{"taxonomy":"category","embeddable":true,"href":"https:\/\/onlineharassmentfieldmanual.pen.org\/fr\/wp-json\/wp\/v2\/categories?post=3013"},{"taxonomy":"post_tag","embeddable":true,"href":"https:\/\/onlineharassmentfieldmanual.pen.org\/fr\/wp-json\/wp\/v2\/tags?post=3013"}],"curies":[{"name":"wp","href":"https:\/\/api.w.org\/{rel}","templated":true}]}}