{"id":2996,"date":"2021-08-01T16:56:52","date_gmt":"2021-08-01T16:56:52","guid":{"rendered":"https:\/\/onlineharassmentfieldmanual.pen.org\/tools-to-fight-online-harassment\/"},"modified":"2023-06-22T18:06:47","modified_gmt":"2023-06-22T18:06:47","slug":"tools-to-fight-online-harassment","status":"publish","type":"page","link":"https:\/\/onlineharassmentfieldmanual.pen.org\/fr\/","title":{"rendered":"French Home Page"},"content":{"rendered":"<div class=\"wpb-content-wrapper\">[vc_row full_width=\u00a0\u00bbstretch_row\u00a0\u00bb css=\u00a0\u00bb.vc_custom_1523646435546{background-color: #ff7158 !important;}\u00a0\u00bb][vc_column][vc_column_text responsive_text=\u00a0\u00bbtrue\u00a0\u00bb color=\u00a0\u00bb#000000&Prime; font_size=\u00a0\u00bb2em\u00a0\u00bb css=\u00a0\u00bb.vc_custom_1625100294970{padding-top: 1.5em !important;}\u00a0\u00bb]\n<p style=\"text-align: center; font-size: 27px;\"><strong>Le cyberharc\u00e8lement constitue une menace directe contre la libert\u00e9 d\u2019expression. <\/strong><\/p>\n<p style=\"text-align: center; font-size: 27px;\"><strong>Ce Manuel vous offre des conseils pratiques pour y faire face.<\/strong><\/p>\n[\/vc_column_text][\/vc_column][\/vc_row][vc_row full_width=\u00a0\u00bbstretch_row_content\u00a0\u00bb css=\u00a0\u00bb.vc_custom_1523652584483{margin-top: 20px !important;border-bottom-width: 10px !important;}\u00a0\u00bb][vc_column width=\u00a0\u00bb1\/3&Prime;][vc_hoverbox image=\u00a0\u00bb2513&Prime; primary_title=\u00a0\u00bb\u00a0\u00bb hover_title=\u00a0\u00bb\u00a0\u00bb el_width=\u00a0\u00bb80&Prime;]<a href=\"https:\/\/onlineharassmentfieldmanual.pen.org\/fr\/glossaire-du-cyberharcelement\/\">Cliquez pour voir les diff\u00e9rents types de cyberharc\u00e8lement et comment y faire face.<\/a>[\/vc_hoverbox][vc_column_text]\n<h1 style=\"text-align: center;\"><a href=\"https:\/\/onlineharassmentfieldmanual.pen.org\/fr\/glossaire-du-cyberharcelement\/\">Je fais face \u00e0 du cyberharc\u00e8lement<\/a><\/h1>\n[\/vc_column_text][\/vc_column][vc_column width=\u00a0\u00bb1\/3&Prime;][vc_hoverbox image=\u00a0\u00bb2517&Prime; primary_title=\u00a0\u00bb\u00a0\u00bb hover_title=\u00a0\u00bb\u00a0\u00bb el_width=\u00a0\u00bb80&Prime;]<a href=\"https:\/\/onlineharassmentfieldmanual.pen.org\/fr\/bonnes-pratiques-pour-les-allies-ou-temoins\/\">Cliquez pour voir comment soutenir les \u00e9crivain(e)s et les journalistes face \u00e0 une attaque de cyberharc\u00e8lement.<\/a>[\/vc_hoverbox][vc_column_text]\n<h1 style=\"text-align: center;\"><a href=\"https:\/\/onlineharassmentfieldmanual.pen.org\/fr\/bonnes-pratiques-pour-les-allies-ou-temoins\/\">Je veux soutenir une personne<\/a><\/h1>\n[\/vc_column_text][\/vc_column][vc_column width=\u00a0\u00bb1\/3&Prime;][vc_hoverbox image=\u00a0\u00bb2515&Prime; primary_title=\u00a0\u00bb\u00a0\u00bb hover_title=\u00a0\u00bb\u00a0\u00bb el_width=\u00a0\u00bb80&Prime;]<a href=\"https:\/\/onlineharassmentfieldmanual.pen.org\/fr\/10-bonnes-pratiques-pour-les-responsables-de-redactions\/\">Cliquez ici pour voir quelles bonnes pratiques votre organisation peut mettre en \u0153uvre.<\/a>[\/vc_hoverbox][vc_column_text]\n<h1 style=\"text-align: center;\"><a href=\"https:\/\/onlineharassmentfieldmanual.pen.org\/fr\/10-bonnes-pratiques-pour-les-responsables-de-redactions\/\">Pour les organisations<\/a><\/h1>\n[\/vc_column_text][\/vc_column][\/vc_row][vc_row full_width=\u00a0\u00bbstretch_row_content\u00a0\u00bb][vc_column][vc_text_separator title=\u00a0\u00bbA propos du Manuel\u00a0\u00bb color=\u00a0\u00bbcustom\u00a0\u00bb accent_color=\u00a0\u00bb#ff7158&Prime;][\/vc_column][\/vc_row][vc_row][vc_column][vc_column_text responsive_text=\u00a0\u00bbtrue\u00a0\u00bb font_size=\u00a0\u00bb1.2em\u00a0\u00bb color=\u00a0\u00bb#0a0a0a\u00a0\u00bb]Si vous faites face \u00e0 du harc\u00e8lement en ligne, le Manuel de d\u00e9fense contre le cyberharc\u00e8lement de PEN America vous propose des conseils pratiques pour vous prot\u00e9ger et vous d\u00e9fendre, et pour soutenir d\u2019autres personnes.<br \/>\nCes conseils s\u2019adressent particuli\u00e8rement aux personnes qui, selon de nombreuses \u00e9tudes, sont les plus cibl\u00e9es en ligne : les \u00e9crivain(e)s, les journalistes, les activistes, les artistes et toutes celles et ceux qui cr\u00e9ent du contenu en ligne, mais aussi les femmes et tous les groupes d\u00e9j\u00e0 marginalis\u00e9s ou menac\u00e9s du fait de leur identit\u00e9 ou de leur activit\u00e9. Cette ressource est utile pour toute personne ayant une activit\u00e9 en ligne.<\/p>\n<p>Le cyberharc\u00e8lement constitue une menace en ligne aux cons\u00e9quences bien r\u00e9elles sur votre sant\u00e9 physique et \u00e9motionnelle. Si vous faites face \u00e0 du cyberharc\u00e8lement en ce moment, nous vous conseillons de lire imm\u00e9diatement la page \u201c<a href=\"https:\/\/onlineharassmentfieldmanual.pen.org\/fr\/evaluer-la-menace\/\">Evaluer la menace<\/a>\u201d.<\/p>\n<p>Ce Manuel fut initialement r\u00e9dig\u00e9 en anglais en 2018 pour un public bas\u00e9 aux \u00c9tats-Unis. Il a \u00e9t\u00e9 adapt\u00e9 et traduit par des \u00e9quipes francophones bas\u00e9es en Afrique de l\u2019Ouest et en Europe. Notre objectif est de mieux r\u00e9pondre aux besoins des \u00e9crivain(e)s, journalistes et activistes en Afrique de l\u2019Ouest, et de tous les pays de la francophonie o\u00f9 le cyberharc\u00e8lement constitue une menace directe sur la libert\u00e9 d\u2019expression -73 % des femmes journalistes dans le monde ont fait face \u00e0 du harc\u00e8lement en ligne dans le cadre de leur travail, <a href=\"https:\/\/fr.unesco.org\/news\/enquete-mondiale-lunesco-violence-ligne-contre-femmes-journalistes\" target=\"_blank\" rel=\"noopener noreferrer\">selon l\u2019UNESCO et l\u2019ICFJ<\/a>.[\/vc_column_text][\/vc_column][\/vc_row][vc_row css=\u00a0\u00bb.vc_custom_1623207926232{background-color: #e4e4e4 !important;}\u00a0\u00bb][vc_column][vc_column_text css=\u00a0\u00bb.vc_custom_1677259951543{background-color: #e4e4e4 !important;}\u00a0\u00bb]\n<h2><strong>A propos des auteur(e)s<\/strong><\/h2>\n<p>Ce guide a \u00e9t\u00e9 adapt\u00e9 par des journalistes et des expert(e)s bas\u00e9s au S\u00e9n\u00e9gal, au B\u00e9nin et en France.<\/p>\n<h3><strong>Code for Africa<\/strong><\/h3>\n<p><img loading=\"lazy\" decoding=\"async\" class=\"wp-image-3262 alignright\" src=\"https:\/\/onlineharassmentfieldmanual.pen.org\/wp-content\/uploads\/2021\/08\/pen-america-code-for-africa-logo2-e1628617855146.png\" alt=\"\" width=\"250\" height=\"149\" \/><a href=\"https:\/\/github.com\/CodeForAfrica\/\" target=\"_blank\" rel=\"noopener noreferrer\">Code for Africa<\/a> (CfA) est le plus grand r\u00e9seau de laboratoires de technologie citoyenne et de journalisme de donn\u00e9es du continent africain, avec des \u00e9quipes dans 21 pays. CfA met en place des solutions num\u00e9riques qui favorisent l\u2019acc\u00e8s \u00e0 l\u2019information, dans le but de renforcer la d\u00e9mocratie. Parmi ces projets citoyens, l\u2019initiative de fact-checking <a href=\"https:\/\/pesacheck.org\" target=\"_blank\" rel=\"noopener noreferrer\">PesaCheck<\/a>, et le programme de recherche et d\u2019analyse <a href=\"https:\/\/civicsignal.africa\/#\/home\" target=\"_blank\" rel=\"noopener noreferrer\">Civic Signal<\/a>. CfA g\u00e8re \u00e9galement le r\u00e9seau africain des centres de journalisme d\u2019investigation (<a href=\"https:\/\/investigate.africa\/\" target=\"_blank\" rel=\"noopener noreferrer\">African Network of Centres for Investigative Reporting<\/a> &#8211; ANCIR), qui offre aux r\u00e9dactions les <a href=\"https:\/\/data.investigate.africa\/\" target=\"_blank\" rel=\"noopener noreferrer\">meilleurs outils num\u00e9riques d\u2019enqu\u00eate<\/a>, de s\u00e9curit\u00e9 en ligne et des <a href=\"https:\/\/afrileaks.org\/\" target=\"_blank\" rel=\"noopener noreferrer\">solutions de cryptage pour les lanceurs d\u2019alerte<\/a>.<\/p>\n<h3><strong>PesaCheck<\/strong><\/h3>\n<p><img loading=\"lazy\" decoding=\"async\" class=\"wp-image-3265 alignright\" src=\"https:\/\/onlineharassmentfieldmanual.pen.org\/wp-content\/uploads\/2021\/08\/pen-america-pesa-check-logo-300x179.png\" alt=\"\" width=\"250\" height=\"149\" srcset=\"https:\/\/onlineharassmentfieldmanual.pen.org\/wp-content\/uploads\/2021\/08\/pen-america-pesa-check-logo-300x179.png 300w, https:\/\/onlineharassmentfieldmanual.pen.org\/wp-content\/uploads\/2021\/08\/pen-america-pesa-check-logo.png 470w\" sizes=\"auto, (max-width: 250px) 100vw, 250px\" \/><a href=\"https:\/\/pesacheck.org\" target=\"_blank\" rel=\"noopener noreferrer\">PesaCheck<\/a> est membre du r\u00e9seau international de fact-checking (<a href=\"https:\/\/ifcncodeofprinciples.poynter.org\/\" target=\"_blank\" rel=\"noopener\">International Fact-Checking Network<\/a>, IFCN) et constitue l\u2019initiative de v\u00e9rification \u00e0 but non lucratif la plus importante en Afrique avec une pr\u00e9sence dans 12 pays. Lanc\u00e9e en 2016 pour v\u00e9rifier tout d\u2019abord les donn\u00e9es publiques en Afrique de l\u2019Est, PesaCheck a \u00e9largi le spectre des sujets couverts, de l\u2019application effective des promesses politiques aux d\u00e9cisions politiques, en passant par les donn\u00e9es de recensement. PesaCheck aide \u00e9galement les m\u00e9dias et les ONGs \u00e0 \u00e9tablir leurs propres \u00e9quipes de fact-checking. Bilal Ta\u00efrou, r\u00e9dacteur en chef de la version francophone de PesaCheck, a men\u00e9 le projet de traduction et d\u2019adaptation de ce Manuel pour l\u2019organisation.<\/p>\n<h3><strong>Elodie Vialle<\/strong><\/h3>\n<p>Journaliste et consultante sp\u00e9cialis\u00e9e en s\u00e9curit\u00e9 num\u00e9rique et libert\u00e9 d\u2019expression, Elodie Vialle collabore r\u00e9guli\u00e8rement avec PEN America. <a href=\"https:\/\/cyber.harvard.edu\/people\/elodie-vialle\" target=\"_blank\" rel=\"noopener noreferrer\">Affili\u00e9e au Berkman Klein Center for Internet and Society \u00e0 l\u2019Universit\u00e9 de Harvard<\/a>, Elodie a \u00e9t\u00e9 <a href=\"https:\/\/wallacehouse.umich.edu\/knight-wallace\/our-fellows\/2019-2020\/\" target=\"_blank\" rel=\"noopener noreferrer\">Knight-Wallace Fellow at l\u2019Universit\u00e9 du Michigan<\/a> et Responsable du Bureau Technologie de l\u2019ONG <a href=\"https:\/\/rsf.org\/\" target=\"_blank\" rel=\"noopener noreferrer\">Reporters sans Fronti\u00e8res<\/a>. Consultante internationale, elle accompagne des m\u00e9dias francophones dans leurs probl\u00e9matiques num\u00e9riques depuis une dizaine d\u2019ann\u00e9es. Elodie a \u00e9galement \u00e9t\u00e9 journaliste t\u00e9l\u00e9, chroniqueuse radio et r\u00e9dactrice en chef d\u2019un m\u00e9dia en ligne d\u00e9di\u00e9 \u00e0 l\u2019innovation sociale en France.<\/p>\n<p>Nous remercions \u00e9galement pour leur contribution significative les organisations Africtivistes, Article 19, Nothing2Hide, ainsi que Assiba Juliette Mithonhoun, Angela Kpeidja, Cheikh Fall, Tatiana Mossot (MaMa Project), Assane Diagne, Emmanuel Serot (AFP) et tous les journalistes et expert(e)s interrog\u00e9(e)s, pour l\u2019adaptation de ce Manuel &#8211; que leur nom soit publi\u00e9 ou pas.[\/vc_column_text][\/vc_column][\/vc_row]\n<\/div>","protected":false},"excerpt":{"rendered":"<p>[vc_row full_width=\u00a0\u00bbstretch_row\u00a0\u00bb css=\u00a0\u00bb.vc_custom_1523646435546{background-color: #ff7158 !important;}\u00a0\u00bb][vc_column][vc_column_text responsive_text=\u00a0\u00bbtrue\u00a0\u00bb color=\u00a0\u00bb#000000&Prime; font_size=\u00a0\u00bb2em\u00a0\u00bb css=\u00a0\u00bb.vc_custom_1625100294970{padding-top: 1.5em !important;}\u00a0\u00bb] Le cyberharc\u00e8lement constitue une menace directe contre la libert\u00e9 d\u2019expression. Ce Manuel vous offre des conseils pratiques pour y faire face. [\/vc_column_text][\/vc_column][\/vc_row][vc_row full_width=\u00a0\u00bbstretch_row_content\u00a0\u00bb css=\u00a0\u00bb.vc_custom_1523652584483{margin-top: 20px !important;border-bottom-width: 10px !important;}\u00a0\u00bb][vc_column width=\u00a0\u00bb1\/3&Prime;][vc_hoverbox image=\u00a0\u00bb2513&Prime; primary_title=\u00a0\u00bb\u00a0\u00bb hover_title=\u00a0\u00bb\u00a0\u00bb el_width=\u00a0\u00bb80&Prime;]Cliquez pour voir les diff\u00e9rents types de cyberharc\u00e8lement et comment y faire&hellip;<\/p>\n","protected":false},"author":23,"featured_media":3325,"parent":0,"menu_order":0,"comment_status":"closed","ping_status":"closed","template":"templates\/no-sidebar.php","meta":{"footnotes":""},"categories":[],"tags":[335,323,336,337,338,339,340,341],"class_list":["post-2996","page","type-page","status-publish","has-post-thumbnail","hentry","tag-guidance-es-fr","tag-guidelines-fr","tag-online-abuse-es-fr","tag-online-harassment-es-fr","tag-resources-es-fr","tag-self-defense-es-fr","tag-strategies-es-fr","tag-toolkit-es-fr","entry","has-media"],"yoast_head":"<!-- This site is optimized with the Yoast SEO plugin v27.2 - https:\/\/yoast.com\/product\/yoast-seo-wordpress\/ -->\n<title>Manuel de d\u00e9fense contre le cyberharc\u00e8lement - PEN America<\/title>\n<meta name=\"description\" content=\"Strat\u00e9gies et ressources pour les \u00e9crivains, les journalistes, leurs alli\u00e9s et les employeurs pour se d\u00e9fendre face au cyberharc\u00e8lement et \u00e0 la haine en ligne.\" \/>\n<meta name=\"robots\" content=\"index, follow, max-snippet:-1, max-image-preview:large, max-video-preview:-1\" \/>\n<link rel=\"canonical\" href=\"https:\/\/onlineharassmentfieldmanual.pen.org\/fr\/\" \/>\n<meta property=\"og:locale\" content=\"fr_FR\" \/>\n<meta property=\"og:type\" content=\"article\" \/>\n<meta property=\"og:title\" content=\"Manuel de d\u00e9fense contre le cyberharc\u00e8lement - PEN America\" \/>\n<meta property=\"og:description\" content=\"Strat\u00e9gies et ressources pour les \u00e9crivains, les journalistes, leurs alli\u00e9s et les employeurs pour se d\u00e9fendre face au cyberharc\u00e8lement et \u00e0 la haine en ligne.\" \/>\n<meta property=\"og:url\" content=\"https:\/\/onlineharassmentfieldmanual.pen.org\/fr\/\" \/>\n<meta property=\"og:site_name\" content=\"Manuel de d\u00e9fense contre le cyberharc\u00e8lement\" \/>\n<meta property=\"article:modified_time\" content=\"2023-06-22T18:06:47+00:00\" \/>\n<meta property=\"og:image\" content=\"https:\/\/onlineharassmentfieldmanual.pen.org\/wp-content\/uploads\/2021\/10\/French-Field-Manual_Graphic_Featured-Image.png\" \/>\n\t<meta property=\"og:image:width\" content=\"720\" \/>\n\t<meta property=\"og:image:height\" content=\"480\" \/>\n\t<meta property=\"og:image:type\" content=\"image\/png\" \/>\n<meta name=\"twitter:card\" content=\"summary_large_image\" \/>\n<meta name=\"twitter:label1\" content=\"Dur\u00e9e de lecture estim\u00e9e\" \/>\n\t<meta name=\"twitter:data1\" content=\"4 minutes\" \/>\n<script type=\"application\/ld+json\" class=\"yoast-schema-graph\">{\"@context\":\"https:\/\/schema.org\",\"@graph\":[{\"@type\":\"WebPage\",\"@id\":\"https:\/\/onlineharassmentfieldmanual.pen.org\/fr\/\",\"url\":\"https:\/\/onlineharassmentfieldmanual.pen.org\/fr\/\",\"name\":\"Manuel de d\u00e9fense contre le cyberharc\u00e8lement - PEN America\",\"isPartOf\":{\"@id\":\"https:\/\/onlineharassmentfieldmanual.pen.org\/#website\"},\"primaryImageOfPage\":{\"@id\":\"https:\/\/onlineharassmentfieldmanual.pen.org\/fr\/#primaryimage\"},\"image\":{\"@id\":\"https:\/\/onlineharassmentfieldmanual.pen.org\/fr\/#primaryimage\"},\"thumbnailUrl\":\"https:\/\/onlineharassmentfieldmanual.pen.org\/wp-content\/uploads\/2021\/10\/French-Field-Manual_Graphic_Featured-Image.png\",\"datePublished\":\"2021-08-01T16:56:52+00:00\",\"dateModified\":\"2023-06-22T18:06:47+00:00\",\"description\":\"Strat\u00e9gies et ressources pour les \u00e9crivains, les journalistes, leurs alli\u00e9s et les employeurs pour se d\u00e9fendre face au cyberharc\u00e8lement et \u00e0 la haine en ligne.\",\"breadcrumb\":{\"@id\":\"https:\/\/onlineharassmentfieldmanual.pen.org\/fr\/#breadcrumb\"},\"inLanguage\":\"fr-FR\",\"potentialAction\":[{\"@type\":\"ReadAction\",\"target\":[\"https:\/\/onlineharassmentfieldmanual.pen.org\/fr\/\"]}]},{\"@type\":\"ImageObject\",\"inLanguage\":\"fr-FR\",\"@id\":\"https:\/\/onlineharassmentfieldmanual.pen.org\/fr\/#primaryimage\",\"url\":\"https:\/\/onlineharassmentfieldmanual.pen.org\/wp-content\/uploads\/2021\/10\/French-Field-Manual_Graphic_Featured-Image.png\",\"contentUrl\":\"https:\/\/onlineharassmentfieldmanual.pen.org\/wp-content\/uploads\/2021\/10\/French-Field-Manual_Graphic_Featured-Image.png\",\"width\":720,\"height\":480,\"caption\":\"Manuel de d\u00e9fense contre le cyberharc\u00e8lement\"},{\"@type\":\"BreadcrumbList\",\"@id\":\"https:\/\/onlineharassmentfieldmanual.pen.org\/fr\/#breadcrumb\",\"itemListElement\":[{\"@type\":\"ListItem\",\"position\":1,\"name\":\"Home\",\"item\":\"https:\/\/onlineharassmentfieldmanual.pen.org\/fr\/\"},{\"@type\":\"ListItem\",\"position\":2,\"name\":\"French Home Page\"}]},{\"@type\":\"WebSite\",\"@id\":\"https:\/\/onlineharassmentfieldmanual.pen.org\/#website\",\"url\":\"https:\/\/onlineharassmentfieldmanual.pen.org\/\",\"name\":\"Manuel de d\u00e9fense contre le cyberharc\u00e8lement\",\"description\":\"PEN America\",\"publisher\":{\"@id\":\"https:\/\/onlineharassmentfieldmanual.pen.org\/#organization\"},\"potentialAction\":[{\"@type\":\"SearchAction\",\"target\":{\"@type\":\"EntryPoint\",\"urlTemplate\":\"https:\/\/onlineharassmentfieldmanual.pen.org\/?s={search_term_string}\"},\"query-input\":{\"@type\":\"PropertyValueSpecification\",\"valueRequired\":true,\"valueName\":\"search_term_string\"}}],\"inLanguage\":\"fr-FR\"},{\"@type\":\"Organization\",\"@id\":\"https:\/\/onlineharassmentfieldmanual.pen.org\/#organization\",\"name\":\"Manuel de d\u00e9fense contre le cyberharc\u00e8lement\",\"url\":\"https:\/\/onlineharassmentfieldmanual.pen.org\/\",\"logo\":{\"@type\":\"ImageObject\",\"inLanguage\":\"fr-FR\",\"@id\":\"https:\/\/onlineharassmentfieldmanual.pen.org\/#\/schema\/logo\/image\/\",\"url\":\"https:\/\/onlineharassmentfieldmanual.pen.org\/wp-content\/uploads\/2018\/04\/pen-logo.png\",\"contentUrl\":\"https:\/\/onlineharassmentfieldmanual.pen.org\/wp-content\/uploads\/2018\/04\/pen-logo.png\",\"width\":552,\"height\":210,\"caption\":\"Manuel de d\u00e9fense contre le cyberharc\u00e8lement\"},\"image\":{\"@id\":\"https:\/\/onlineharassmentfieldmanual.pen.org\/#\/schema\/logo\/image\/\"}}]}<\/script>\n<!-- \/ Yoast SEO plugin. -->","yoast_head_json":{"title":"Manuel de d\u00e9fense contre le cyberharc\u00e8lement - PEN America","description":"Strat\u00e9gies et ressources pour les \u00e9crivains, les journalistes, leurs alli\u00e9s et les employeurs pour se d\u00e9fendre face au cyberharc\u00e8lement et \u00e0 la haine en ligne.","robots":{"index":"index","follow":"follow","max-snippet":"max-snippet:-1","max-image-preview":"max-image-preview:large","max-video-preview":"max-video-preview:-1"},"canonical":"https:\/\/onlineharassmentfieldmanual.pen.org\/fr\/","og_locale":"fr_FR","og_type":"article","og_title":"Manuel de d\u00e9fense contre le cyberharc\u00e8lement - PEN America","og_description":"Strat\u00e9gies et ressources pour les \u00e9crivains, les journalistes, leurs alli\u00e9s et les employeurs pour se d\u00e9fendre face au cyberharc\u00e8lement et \u00e0 la haine en ligne.","og_url":"https:\/\/onlineharassmentfieldmanual.pen.org\/fr\/","og_site_name":"Manuel de d\u00e9fense contre le cyberharc\u00e8lement","article_modified_time":"2023-06-22T18:06:47+00:00","og_image":[{"width":720,"height":480,"url":"https:\/\/onlineharassmentfieldmanual.pen.org\/wp-content\/uploads\/2021\/10\/French-Field-Manual_Graphic_Featured-Image.png","type":"image\/png"}],"twitter_card":"summary_large_image","twitter_misc":{"Dur\u00e9e de lecture estim\u00e9e":"4 minutes"},"schema":{"@context":"https:\/\/schema.org","@graph":[{"@type":"WebPage","@id":"https:\/\/onlineharassmentfieldmanual.pen.org\/fr\/","url":"https:\/\/onlineharassmentfieldmanual.pen.org\/fr\/","name":"Manuel de d\u00e9fense contre le cyberharc\u00e8lement - PEN America","isPartOf":{"@id":"https:\/\/onlineharassmentfieldmanual.pen.org\/#website"},"primaryImageOfPage":{"@id":"https:\/\/onlineharassmentfieldmanual.pen.org\/fr\/#primaryimage"},"image":{"@id":"https:\/\/onlineharassmentfieldmanual.pen.org\/fr\/#primaryimage"},"thumbnailUrl":"https:\/\/onlineharassmentfieldmanual.pen.org\/wp-content\/uploads\/2021\/10\/French-Field-Manual_Graphic_Featured-Image.png","datePublished":"2021-08-01T16:56:52+00:00","dateModified":"2023-06-22T18:06:47+00:00","description":"Strat\u00e9gies et ressources pour les \u00e9crivains, les journalistes, leurs alli\u00e9s et les employeurs pour se d\u00e9fendre face au cyberharc\u00e8lement et \u00e0 la haine en ligne.","breadcrumb":{"@id":"https:\/\/onlineharassmentfieldmanual.pen.org\/fr\/#breadcrumb"},"inLanguage":"fr-FR","potentialAction":[{"@type":"ReadAction","target":["https:\/\/onlineharassmentfieldmanual.pen.org\/fr\/"]}]},{"@type":"ImageObject","inLanguage":"fr-FR","@id":"https:\/\/onlineharassmentfieldmanual.pen.org\/fr\/#primaryimage","url":"https:\/\/onlineharassmentfieldmanual.pen.org\/wp-content\/uploads\/2021\/10\/French-Field-Manual_Graphic_Featured-Image.png","contentUrl":"https:\/\/onlineharassmentfieldmanual.pen.org\/wp-content\/uploads\/2021\/10\/French-Field-Manual_Graphic_Featured-Image.png","width":720,"height":480,"caption":"Manuel de d\u00e9fense contre le cyberharc\u00e8lement"},{"@type":"BreadcrumbList","@id":"https:\/\/onlineharassmentfieldmanual.pen.org\/fr\/#breadcrumb","itemListElement":[{"@type":"ListItem","position":1,"name":"Home","item":"https:\/\/onlineharassmentfieldmanual.pen.org\/fr\/"},{"@type":"ListItem","position":2,"name":"French Home Page"}]},{"@type":"WebSite","@id":"https:\/\/onlineharassmentfieldmanual.pen.org\/#website","url":"https:\/\/onlineharassmentfieldmanual.pen.org\/","name":"Manuel de d\u00e9fense contre le cyberharc\u00e8lement","description":"PEN America","publisher":{"@id":"https:\/\/onlineharassmentfieldmanual.pen.org\/#organization"},"potentialAction":[{"@type":"SearchAction","target":{"@type":"EntryPoint","urlTemplate":"https:\/\/onlineharassmentfieldmanual.pen.org\/?s={search_term_string}"},"query-input":{"@type":"PropertyValueSpecification","valueRequired":true,"valueName":"search_term_string"}}],"inLanguage":"fr-FR"},{"@type":"Organization","@id":"https:\/\/onlineharassmentfieldmanual.pen.org\/#organization","name":"Manuel de d\u00e9fense contre le cyberharc\u00e8lement","url":"https:\/\/onlineharassmentfieldmanual.pen.org\/","logo":{"@type":"ImageObject","inLanguage":"fr-FR","@id":"https:\/\/onlineharassmentfieldmanual.pen.org\/#\/schema\/logo\/image\/","url":"https:\/\/onlineharassmentfieldmanual.pen.org\/wp-content\/uploads\/2018\/04\/pen-logo.png","contentUrl":"https:\/\/onlineharassmentfieldmanual.pen.org\/wp-content\/uploads\/2018\/04\/pen-logo.png","width":552,"height":210,"caption":"Manuel de d\u00e9fense contre le cyberharc\u00e8lement"},"image":{"@id":"https:\/\/onlineharassmentfieldmanual.pen.org\/#\/schema\/logo\/image\/"}}]}},"_links":{"self":[{"href":"https:\/\/onlineharassmentfieldmanual.pen.org\/fr\/wp-json\/wp\/v2\/pages\/2996","targetHints":{"allow":["GET"]}}],"collection":[{"href":"https:\/\/onlineharassmentfieldmanual.pen.org\/fr\/wp-json\/wp\/v2\/pages"}],"about":[{"href":"https:\/\/onlineharassmentfieldmanual.pen.org\/fr\/wp-json\/wp\/v2\/types\/page"}],"author":[{"embeddable":true,"href":"https:\/\/onlineharassmentfieldmanual.pen.org\/fr\/wp-json\/wp\/v2\/users\/23"}],"replies":[{"embeddable":true,"href":"https:\/\/onlineharassmentfieldmanual.pen.org\/fr\/wp-json\/wp\/v2\/comments?post=2996"}],"version-history":[{"count":21,"href":"https:\/\/onlineharassmentfieldmanual.pen.org\/fr\/wp-json\/wp\/v2\/pages\/2996\/revisions"}],"predecessor-version":[{"id":4722,"href":"https:\/\/onlineharassmentfieldmanual.pen.org\/fr\/wp-json\/wp\/v2\/pages\/2996\/revisions\/4722"}],"wp:featuredmedia":[{"embeddable":true,"href":"https:\/\/onlineharassmentfieldmanual.pen.org\/fr\/wp-json\/wp\/v2\/media\/3325"}],"wp:attachment":[{"href":"https:\/\/onlineharassmentfieldmanual.pen.org\/fr\/wp-json\/wp\/v2\/media?parent=2996"}],"wp:term":[{"taxonomy":"category","embeddable":true,"href":"https:\/\/onlineharassmentfieldmanual.pen.org\/fr\/wp-json\/wp\/v2\/categories?post=2996"},{"taxonomy":"post_tag","embeddable":true,"href":"https:\/\/onlineharassmentfieldmanual.pen.org\/fr\/wp-json\/wp\/v2\/tags?post=2996"}],"curies":[{"name":"wp","href":"https:\/\/api.w.org\/{rel}","templated":true}]}}