{"id":2792,"date":"2021-06-26T16:56:52","date_gmt":"2021-06-26T16:56:52","guid":{"rendered":"https:\/\/onlineharassmentfieldmanual.pen.org\/tools-to-fight-online-harassment\/"},"modified":"2023-02-23T18:38:50","modified_gmt":"2023-02-23T18:38:50","slug":"tools-to-fight-online-harassment","status":"publish","type":"page","link":"https:\/\/onlineharassmentfieldmanual.pen.org\/es\/","title":{"rendered":"Inicio"},"content":{"rendered":"<div class=\"wpb-content-wrapper\">[vc_row full_width=\u00bbstretch_row\u00bb css=\u00bb.vc_custom_1523646435546{background-color: #ff7158 !important;}\u00bb][vc_column][vc_column_text responsive_text=\u00bbtrue\u00bb color=\u00bb#000000&#8243; font_size=\u00bb2em\u00bb css=\u00bb.vc_custom_1625079978478{padding-top: 1.5em !important;}\u00bb]\n<p style=\"text-align: center; font-size: 27px;\"><strong>Acoso en l\u00ednea: una amenaza urgente y creciente contra las mujeres, la democracia y la libertad de expresi\u00f3n<\/strong><\/p>\n[\/vc_column_text][\/vc_column][\/vc_row][vc_row full_width=\u00bbstretch_row_content\u00bb css=\u00bb.vc_custom_1523652584483{margin-top: 20px !important;border-bottom-width: 10px !important;}\u00bb][vc_column width=\u00bb1\/3&#8243;][vc_single_image image=\u00bb2514&#8243; onclick=\u00bbcustom_link\u00bb link=\u00bb\/es\/?page_id=2769&#8243;][vc_column_text]\n<h1 style=\"text-align: center;\"><a href=\"\/es\/?page_id=2769\">Estoy enfrentando acoso<\/a><\/h1>\n[\/vc_column_text][\/vc_column][vc_column width=\u00bb1\/3&#8243;][vc_single_image image=\u00bb2518&#8243; onclick=\u00bbcustom_link\u00bb link=\u00bb\/es\/?page_id=2750&#8243;][vc_column_text]\n<h1 style=\"text-align: center;\"><a href=\"\/es\/?page_id=2750\">Soy una persona aliada<br \/>\n<\/a><\/h1>\n[\/vc_column_text][\/vc_column][vc_column width=\u00bb1\/3&#8243;][vc_single_image image=\u00bb2516&#8243; onclick=\u00bbcustom_link\u00bb link=\u00bb\/es\/?page_id=2756&#8243;][vc_column_text]\n<h1 style=\"text-align: center;\"><a href=\"\/es\/?page_id=2756\">Soy una persona empleadora<\/a><\/h1>\n[\/vc_column_text][\/vc_column][\/vc_row][vc_row full_width=\u00bbstretch_row_content\u00bb][vc_column][vc_text_separator title=\u00bbSobre el Manual\u00bb color=\u00bbcustom\u00bb accent_color=\u00bb#ff7158&#8243;][\/vc_column][\/vc_row][vc_row][vc_column][vc_column_text responsive_text=\u00bbtrue\u00bb font_size=\u00bb1.2em\u00bb color=\u00bb#0a0a0a\u00bb]<span style=\"font-weight: 400;\">Ya sea que est\u00e9s experimentando o atestiguando acoso en l\u00ednea, el <\/span><span style=\"font-weight: 400;\">Manual contra el acoso en l\u00ednea <\/span><span style=\"font-weight: 400;\">\u00a0<\/span><span style=\"font-weight: 400;\">en l\u00ednea de PEN America ofrece estrategias espec\u00edficas de defensa, tanto para ti como para que las apliques al ayudar a otras personas. Est\u00e1n dirigidas particularmente a quienes enfrentan agresiones desproporcionadas: personas escritoras, periodistas, fotoperiodistas, activistas y artistas que se identifican como mujeres, personas racializadas, LGBT+ o con capacidades diferentes. Cualquiera que sea tu identidad o vocaci\u00f3n, si eres una persona activa en internet encontrar\u00e1s recursos y herramientas para enfrentar el hostigamiento virtual y robustecer tu seguridad digital. Recuerda: no por ser ataques en l\u00ednea son menos da\u00f1inos ni menos graves; es violencia y tiene efectos reales en tu vida emocional y f\u00edsica. Si en este momento est\u00e1s enfrentando un episodio de acoso, temes por tu seguridad, y requieres ayuda urgente, te recomendamos visitar ahora mismo la secci\u00f3n de <a href=\"https:\/\/onlineharassmentfieldmanual.pen.org\/es\/\">Evaluar las amenazas<\/a>.<\/span><\/p>\n<p><span style=\"font-weight: 400;\">Este manual fue escrito originalmente en ingl\u00e9s para personas en Estados Unidos. Al traducirlo y adaptarlo al espa\u00f1ol, decidimos enfocarnos en los peligros y experiencias que viven periodistas y personas escritoras en M\u00e9xico, porque en ese pa\u00eds se enfrentan a graves amenazas a la seguridad f\u00edsica y digital, incluido el incesante abuso en l\u00ednea. De cualquier modo, en algunas secciones del Manual permanecen citas de personas angloparlantes o recursos en ingl\u00e9s que, por su relevancia, son \u00fatiles a\u00fan para el contexto hispanoparlante.<\/span>[\/vc_column_text][\/vc_column][\/vc_row][vc_row css=\u00bb.vc_custom_1623207926232{background-color: #e4e4e4 !important;}\u00bb][vc_column][vc_column_text css=\u00bb.vc_custom_1677177442208{background-color: #e4e4e4 !important;}\u00bb]\n<h2><b>A prop\u00f3sito de los autores<\/b><\/h2>\n<p><span style=\"font-weight: 400;\">Revisada y reescrita junto con personas periodistas y expertas en M\u00e9xico, esta versi\u00f3n en espa\u00f1ol del Manual est\u00e1 dirigida espec\u00edficamente a escritoras y periodistas\u00a0 en M\u00e9xico, Estados Unidos y Am\u00e9rica Latina que enfrentan violencia de gobiernos, crimen organizado, grupos de inter\u00e9s y troles.<\/span><\/p>\n<p><span style=\"font-weight: 400;\">Indira Cornelio y Diego Mendiburu tradujeron y adaptaron el contenido original del Manual contra el acoso en l\u00ednea<\/span> <span style=\"font-weight: 400;\">de PEN America al espa\u00f1ol. El trabajo de edici\u00f3n y revisi\u00f3n como experta fue realizado por Vi\u00e9tnika Batres.\u00a0<\/span><\/p>\n<ul>\n<li><span style=\"font-weight: 400;\"><strong>Indira Cornelio<\/strong> es una consultora en seguridad digital para Ciberseguras y SeguDigital. Participa en comunidades de aprendizaje en torno al uso estrat\u00e9gico y seguro de la tecnolog\u00eda, y colabora con colectivas y personas de defensoras de derechos humanos. <\/span><\/li>\n<li><span style=\"font-weight: 400;\"><strong>Diego Mendiburu<\/strong> es experto en tecnolog\u00eda, innovaci\u00f3n y emprendimiento. Cofund\u00f3 la organizaci\u00f3n Factual, que crea espacios de discusi\u00f3n y aprendizaje entre personas directoras de medios, editoras, periodistas, y tecn\u00f3logas.\u00a0\u00a0<\/span><\/li>\n<li><span style=\"font-weight: 400;\"><span style=\"font-weight: 400;\"><strong>Vi\u00e9tnika Batres <\/strong><\/span><\/span>es periodista y artista pl\u00e1stica. Fundadora de prestigiosos medios mexicanos, se ha dedicado a temas de g\u00e9nero, sexualidad y derechos reproductivos. Ha<span class=\"Apple-converted-space\" style=\"letter-spacing: 0px;\">\u00a0<\/span><span style=\"letter-spacing: 0px;\">recibido amenazas en l\u00ednea por su labor period\u00edstica.<\/span><\/li>\n<\/ul>\n<p><span style=\"font-weight: 400;\">Agradecemos tambi\u00e9n las recomendaciones de personas y organizaciones como Access Now, Luchadoras, CIMAC, Article 19, la Fundaci\u00f3n para la Libertad de Prensa, Adriana Ram\u00edrez,\u00a0 Alberto Escorcia, Martha Tud\u00f3n, Vladimir Cort\u00e9s, Viviana Yanguma y Daniela Ospina, <\/span><span style=\"font-weight: 400;\">Dr. Luisa Ortiz P\u00e9rez, <\/span><span style=\"font-weight: 400;\">and Ela Stapley.<\/span><\/p>\n<h2><b>Organizaciones aliadas\u00a0<\/b><\/h2>\n<p><span style=\"font-weight: 400;\">PEN America agradece a <a href=\"https:\/\/luchadoras.mx\/\"><strong>Luchadoras<\/strong><\/a> y <a href=\"https:\/\/factual.com.mx\/\"><strong>Factual<\/strong><\/a> por su apoyo difundiendo este recurso para apoyar de mejor manera a personas escritoras, periodistas, artistas y activistas que enfrentan <\/span><span style=\"letter-spacing: 0px;\">acoso en l\u00ednea.<\/span><br \/>\n<img loading=\"lazy\" decoding=\"async\" class=\"size-medium wp-image-2923 alignnone\" src=\"https:\/\/onlineharassmentfieldmanual.pen.org\/wp-content\/uploads\/2021\/06\/Capture-de\u0301cran-2021-06-23-a\u0300-20.43.54-300x223.png\" alt=\"\" width=\"300\" height=\"223\" srcset=\"https:\/\/onlineharassmentfieldmanual.pen.org\/wp-content\/uploads\/2021\/06\/Capture-de\u0301cran-2021-06-23-a\u0300-20.43.54-300x223.png 300w, https:\/\/onlineharassmentfieldmanual.pen.org\/wp-content\/uploads\/2021\/06\/Capture-de\u0301cran-2021-06-23-a\u0300-20.43.54-768x570.png 768w, https:\/\/onlineharassmentfieldmanual.pen.org\/wp-content\/uploads\/2021\/06\/Capture-de\u0301cran-2021-06-23-a\u0300-20.43.54.png 822w\" sizes=\"auto, (max-width: 300px) 100vw, 300px\" \/>\u00a0 \u00a0 \u00a0 \u00a0 \u00a0 \u00a0 \u00a0 \u00a0 <img loading=\"lazy\" decoding=\"async\" class=\"aligntop wp-image-2920 size-medium alignnone\" src=\"https:\/\/onlineharassmentfieldmanual.pen.org\/wp-content\/uploads\/2021\/06\/logo_fondosClaros-300x76.png\" alt=\"\" width=\"300\" height=\"76\" srcset=\"https:\/\/onlineharassmentfieldmanual.pen.org\/wp-content\/uploads\/2021\/06\/logo_fondosClaros-300x76.png 300w, https:\/\/onlineharassmentfieldmanual.pen.org\/wp-content\/uploads\/2021\/06\/logo_fondosClaros-768x195.png 768w, https:\/\/onlineharassmentfieldmanual.pen.org\/wp-content\/uploads\/2021\/06\/logo_fondosClaros.png 916w\" sizes=\"auto, (max-width: 300px) 100vw, 300px\" \/>[\/vc_column_text][\/vc_column][\/vc_row]\n<\/div>","protected":false},"excerpt":{"rendered":"<p>[vc_row full_width=\u00bbstretch_row\u00bb css=\u00bb.vc_custom_1523646435546{background-color: #ff7158 !important;}\u00bb][vc_column][vc_column_text responsive_text=\u00bbtrue\u00bb color=\u00bb#000000&#8243; font_size=\u00bb2em\u00bb css=\u00bb.vc_custom_1625079978478{padding-top: 1.5em !important;}\u00bb] Acoso en l\u00ednea: una amenaza urgente y creciente contra las mujeres, la democracia y la libertad de expresi\u00f3n [\/vc_column_text][\/vc_column][\/vc_row][vc_row full_width=\u00bbstretch_row_content\u00bb css=\u00bb.vc_custom_1523652584483{margin-top: 20px !important;border-bottom-width: 10px !important;}\u00bb][vc_column width=\u00bb1\/3&#8243;][vc_single_image image=\u00bb2514&#8243; onclick=\u00bbcustom_link\u00bb link=\u00bb\/es\/?page_id=2769&#8243;][vc_column_text] Estoy enfrentando acoso [\/vc_column_text][\/vc_column][vc_column width=\u00bb1\/3&#8243;][vc_single_image image=\u00bb2518&#8243; onclick=\u00bbcustom_link\u00bb link=\u00bb\/es\/?page_id=2750&#8243;][vc_column_text] Soy una persona aliada [\/vc_column_text][\/vc_column][vc_column width=\u00bb1\/3&#8243;][vc_single_image image=\u00bb2516&#8243;&hellip;<\/p>\n","protected":false},"author":23,"featured_media":2979,"parent":0,"menu_order":0,"comment_status":"closed","ping_status":"closed","template":"templates\/no-sidebar.php","meta":{"footnotes":""},"categories":[],"tags":[305,206,306,307,225,308,309,310],"class_list":["post-2792","page","type-page","status-publish","has-post-thumbnail","hentry","tag-guidance-es","tag-guidelines-es","tag-online-abuse-es","tag-online-harassment-es","tag-resources-es","tag-self-defense-es","tag-strategies-es","tag-toolkit-es","entry","has-media"],"yoast_head":"<!-- This site is optimized with the Yoast SEO plugin v27.2 - https:\/\/yoast.com\/product\/yoast-seo-wordpress\/ -->\n<title>Manual contra el acoso en l\u00ednea - PEN America<\/title>\n<meta name=\"description\" content=\"Strategies and resources that writers, journalists, their allies, and their employers can use to defend against online harassment and hate.\" \/>\n<meta name=\"robots\" content=\"index, follow, max-snippet:-1, max-image-preview:large, max-video-preview:-1\" \/>\n<link rel=\"canonical\" href=\"https:\/\/onlineharassmentfieldmanual.pen.org\/es\/\" \/>\n<meta property=\"og:locale\" content=\"es_ES\" \/>\n<meta property=\"og:type\" content=\"article\" \/>\n<meta property=\"og:title\" content=\"Manual contra el acoso en l\u00ednea - PEN America\" \/>\n<meta property=\"og:description\" content=\"Strategies and resources that writers, journalists, their allies, and their employers can use to defend against online harassment and hate.\" \/>\n<meta property=\"og:url\" content=\"https:\/\/onlineharassmentfieldmanual.pen.org\/es\/\" \/>\n<meta property=\"og:site_name\" content=\"Manual contra el acoso en l\u00ednea\" \/>\n<meta property=\"article:modified_time\" content=\"2023-02-23T18:38:50+00:00\" \/>\n<meta property=\"og:image\" content=\"https:\/\/onlineharassmentfieldmanual.pen.org\/wp-content\/uploads\/2021\/07\/OHFM-Graphic-01-Featured-Image.png\" \/>\n\t<meta property=\"og:image:width\" content=\"720\" \/>\n\t<meta property=\"og:image:height\" content=\"480\" \/>\n\t<meta property=\"og:image:type\" content=\"image\/png\" \/>\n<meta name=\"twitter:card\" content=\"summary_large_image\" \/>\n<meta name=\"twitter:label1\" content=\"Tiempo de lectura\" \/>\n\t<meta name=\"twitter:data1\" content=\"3 minutos\" \/>\n<script type=\"application\/ld+json\" class=\"yoast-schema-graph\">{\"@context\":\"https:\/\/schema.org\",\"@graph\":[{\"@type\":\"WebPage\",\"@id\":\"https:\/\/onlineharassmentfieldmanual.pen.org\/es\/\",\"url\":\"https:\/\/onlineharassmentfieldmanual.pen.org\/es\/\",\"name\":\"Manual contra el acoso en l\u00ednea - PEN America\",\"isPartOf\":{\"@id\":\"https:\/\/onlineharassmentfieldmanual.pen.org\/#website\"},\"primaryImageOfPage\":{\"@id\":\"https:\/\/onlineharassmentfieldmanual.pen.org\/es\/#primaryimage\"},\"image\":{\"@id\":\"https:\/\/onlineharassmentfieldmanual.pen.org\/es\/#primaryimage\"},\"thumbnailUrl\":\"https:\/\/onlineharassmentfieldmanual.pen.org\/wp-content\/uploads\/2021\/07\/OHFM-Graphic-01-Featured-Image.png\",\"datePublished\":\"2021-06-26T16:56:52+00:00\",\"dateModified\":\"2023-02-23T18:38:50+00:00\",\"description\":\"Strategies and resources that writers, journalists, their allies, and their employers can use to defend against online harassment and hate.\",\"breadcrumb\":{\"@id\":\"https:\/\/onlineharassmentfieldmanual.pen.org\/es\/#breadcrumb\"},\"inLanguage\":\"es\",\"potentialAction\":[{\"@type\":\"ReadAction\",\"target\":[\"https:\/\/onlineharassmentfieldmanual.pen.org\/es\/\"]}]},{\"@type\":\"ImageObject\",\"inLanguage\":\"es\",\"@id\":\"https:\/\/onlineharassmentfieldmanual.pen.org\/es\/#primaryimage\",\"url\":\"https:\/\/onlineharassmentfieldmanual.pen.org\/wp-content\/uploads\/2021\/07\/OHFM-Graphic-01-Featured-Image.png\",\"contentUrl\":\"https:\/\/onlineharassmentfieldmanual.pen.org\/wp-content\/uploads\/2021\/07\/OHFM-Graphic-01-Featured-Image.png\",\"width\":720,\"height\":480,\"caption\":\"Manual contra el acoso en l\u00ednea\"},{\"@type\":\"BreadcrumbList\",\"@id\":\"https:\/\/onlineharassmentfieldmanual.pen.org\/es\/#breadcrumb\",\"itemListElement\":[{\"@type\":\"ListItem\",\"position\":1,\"name\":\"Inicio\",\"item\":\"https:\/\/onlineharassmentfieldmanual.pen.org\/es\/\"},{\"@type\":\"ListItem\",\"position\":2,\"name\":\"Inicio\"}]},{\"@type\":\"WebSite\",\"@id\":\"https:\/\/onlineharassmentfieldmanual.pen.org\/#website\",\"url\":\"https:\/\/onlineharassmentfieldmanual.pen.org\/\",\"name\":\"Manual contra el acoso en l\u00ednea\",\"description\":\"PEN America\",\"publisher\":{\"@id\":\"https:\/\/onlineharassmentfieldmanual.pen.org\/#organization\"},\"potentialAction\":[{\"@type\":\"SearchAction\",\"target\":{\"@type\":\"EntryPoint\",\"urlTemplate\":\"https:\/\/onlineharassmentfieldmanual.pen.org\/?s={search_term_string}\"},\"query-input\":{\"@type\":\"PropertyValueSpecification\",\"valueRequired\":true,\"valueName\":\"search_term_string\"}}],\"inLanguage\":\"es\"},{\"@type\":\"Organization\",\"@id\":\"https:\/\/onlineharassmentfieldmanual.pen.org\/#organization\",\"name\":\"Manual contra el acoso en l\u00ednea\",\"url\":\"https:\/\/onlineharassmentfieldmanual.pen.org\/\",\"logo\":{\"@type\":\"ImageObject\",\"inLanguage\":\"es\",\"@id\":\"https:\/\/onlineharassmentfieldmanual.pen.org\/#\/schema\/logo\/image\/\",\"url\":\"https:\/\/onlineharassmentfieldmanual.pen.org\/wp-content\/uploads\/2018\/04\/pen-logo.png\",\"contentUrl\":\"https:\/\/onlineharassmentfieldmanual.pen.org\/wp-content\/uploads\/2018\/04\/pen-logo.png\",\"width\":552,\"height\":210,\"caption\":\"Manual contra el acoso en l\u00ednea\"},\"image\":{\"@id\":\"https:\/\/onlineharassmentfieldmanual.pen.org\/#\/schema\/logo\/image\/\"}}]}<\/script>\n<!-- \/ Yoast SEO plugin. -->","yoast_head_json":{"title":"Manual contra el acoso en l\u00ednea - PEN America","description":"Strategies and resources that writers, journalists, their allies, and their employers can use to defend against online harassment and hate.","robots":{"index":"index","follow":"follow","max-snippet":"max-snippet:-1","max-image-preview":"max-image-preview:large","max-video-preview":"max-video-preview:-1"},"canonical":"https:\/\/onlineharassmentfieldmanual.pen.org\/es\/","og_locale":"es_ES","og_type":"article","og_title":"Manual contra el acoso en l\u00ednea - PEN America","og_description":"Strategies and resources that writers, journalists, their allies, and their employers can use to defend against online harassment and hate.","og_url":"https:\/\/onlineharassmentfieldmanual.pen.org\/es\/","og_site_name":"Manual contra el acoso en l\u00ednea","article_modified_time":"2023-02-23T18:38:50+00:00","og_image":[{"width":720,"height":480,"url":"https:\/\/onlineharassmentfieldmanual.pen.org\/wp-content\/uploads\/2021\/07\/OHFM-Graphic-01-Featured-Image.png","type":"image\/png"}],"twitter_card":"summary_large_image","twitter_misc":{"Tiempo de lectura":"3 minutos"},"schema":{"@context":"https:\/\/schema.org","@graph":[{"@type":"WebPage","@id":"https:\/\/onlineharassmentfieldmanual.pen.org\/es\/","url":"https:\/\/onlineharassmentfieldmanual.pen.org\/es\/","name":"Manual contra el acoso en l\u00ednea - PEN America","isPartOf":{"@id":"https:\/\/onlineharassmentfieldmanual.pen.org\/#website"},"primaryImageOfPage":{"@id":"https:\/\/onlineharassmentfieldmanual.pen.org\/es\/#primaryimage"},"image":{"@id":"https:\/\/onlineharassmentfieldmanual.pen.org\/es\/#primaryimage"},"thumbnailUrl":"https:\/\/onlineharassmentfieldmanual.pen.org\/wp-content\/uploads\/2021\/07\/OHFM-Graphic-01-Featured-Image.png","datePublished":"2021-06-26T16:56:52+00:00","dateModified":"2023-02-23T18:38:50+00:00","description":"Strategies and resources that writers, journalists, their allies, and their employers can use to defend against online harassment and hate.","breadcrumb":{"@id":"https:\/\/onlineharassmentfieldmanual.pen.org\/es\/#breadcrumb"},"inLanguage":"es","potentialAction":[{"@type":"ReadAction","target":["https:\/\/onlineharassmentfieldmanual.pen.org\/es\/"]}]},{"@type":"ImageObject","inLanguage":"es","@id":"https:\/\/onlineharassmentfieldmanual.pen.org\/es\/#primaryimage","url":"https:\/\/onlineharassmentfieldmanual.pen.org\/wp-content\/uploads\/2021\/07\/OHFM-Graphic-01-Featured-Image.png","contentUrl":"https:\/\/onlineharassmentfieldmanual.pen.org\/wp-content\/uploads\/2021\/07\/OHFM-Graphic-01-Featured-Image.png","width":720,"height":480,"caption":"Manual contra el acoso en l\u00ednea"},{"@type":"BreadcrumbList","@id":"https:\/\/onlineharassmentfieldmanual.pen.org\/es\/#breadcrumb","itemListElement":[{"@type":"ListItem","position":1,"name":"Inicio","item":"https:\/\/onlineharassmentfieldmanual.pen.org\/es\/"},{"@type":"ListItem","position":2,"name":"Inicio"}]},{"@type":"WebSite","@id":"https:\/\/onlineharassmentfieldmanual.pen.org\/#website","url":"https:\/\/onlineharassmentfieldmanual.pen.org\/","name":"Manual contra el acoso en l\u00ednea","description":"PEN America","publisher":{"@id":"https:\/\/onlineharassmentfieldmanual.pen.org\/#organization"},"potentialAction":[{"@type":"SearchAction","target":{"@type":"EntryPoint","urlTemplate":"https:\/\/onlineharassmentfieldmanual.pen.org\/?s={search_term_string}"},"query-input":{"@type":"PropertyValueSpecification","valueRequired":true,"valueName":"search_term_string"}}],"inLanguage":"es"},{"@type":"Organization","@id":"https:\/\/onlineharassmentfieldmanual.pen.org\/#organization","name":"Manual contra el acoso en l\u00ednea","url":"https:\/\/onlineharassmentfieldmanual.pen.org\/","logo":{"@type":"ImageObject","inLanguage":"es","@id":"https:\/\/onlineharassmentfieldmanual.pen.org\/#\/schema\/logo\/image\/","url":"https:\/\/onlineharassmentfieldmanual.pen.org\/wp-content\/uploads\/2018\/04\/pen-logo.png","contentUrl":"https:\/\/onlineharassmentfieldmanual.pen.org\/wp-content\/uploads\/2018\/04\/pen-logo.png","width":552,"height":210,"caption":"Manual contra el acoso en l\u00ednea"},"image":{"@id":"https:\/\/onlineharassmentfieldmanual.pen.org\/#\/schema\/logo\/image\/"}}]}},"_links":{"self":[{"href":"https:\/\/onlineharassmentfieldmanual.pen.org\/es\/wp-json\/wp\/v2\/pages\/2792","targetHints":{"allow":["GET"]}}],"collection":[{"href":"https:\/\/onlineharassmentfieldmanual.pen.org\/es\/wp-json\/wp\/v2\/pages"}],"about":[{"href":"https:\/\/onlineharassmentfieldmanual.pen.org\/es\/wp-json\/wp\/v2\/types\/page"}],"author":[{"embeddable":true,"href":"https:\/\/onlineharassmentfieldmanual.pen.org\/es\/wp-json\/wp\/v2\/users\/23"}],"replies":[{"embeddable":true,"href":"https:\/\/onlineharassmentfieldmanual.pen.org\/es\/wp-json\/wp\/v2\/comments?post=2792"}],"version-history":[{"count":48,"href":"https:\/\/onlineharassmentfieldmanual.pen.org\/es\/wp-json\/wp\/v2\/pages\/2792\/revisions"}],"predecessor-version":[{"id":4600,"href":"https:\/\/onlineharassmentfieldmanual.pen.org\/es\/wp-json\/wp\/v2\/pages\/2792\/revisions\/4600"}],"wp:featuredmedia":[{"embeddable":true,"href":"https:\/\/onlineharassmentfieldmanual.pen.org\/es\/wp-json\/wp\/v2\/media\/2979"}],"wp:attachment":[{"href":"https:\/\/onlineharassmentfieldmanual.pen.org\/es\/wp-json\/wp\/v2\/media?parent=2792"}],"wp:term":[{"taxonomy":"category","embeddable":true,"href":"https:\/\/onlineharassmentfieldmanual.pen.org\/es\/wp-json\/wp\/v2\/categories?post=2792"},{"taxonomy":"post_tag","embeddable":true,"href":"https:\/\/onlineharassmentfieldmanual.pen.org\/es\/wp-json\/wp\/v2\/tags?post=2792"}],"curies":[{"name":"wp","href":"https:\/\/api.w.org\/{rel}","templated":true}]}}