{"id":2780,"date":"2021-06-15T14:07:49","date_gmt":"2021-06-15T14:07:49","guid":{"rendered":"https:\/\/onlineharassmentfieldmanual.pen.org\/additional-online-harassment-resources\/"},"modified":"2023-06-26T01:22:17","modified_gmt":"2023-06-26T01:22:17","slug":"recursos-adicionales-acoso-en-linea","status":"publish","type":"page","link":"https:\/\/onlineharassmentfieldmanual.pen.org\/es\/recursos-adicionales-acoso-en-linea\/","title":{"rendered":"Recursos adicionales contra el acoso en l\u00ednea\u00a0"},"content":{"rendered":"<h2><a href=\"https:\/\/www.accessnow.org\/help-es\/\" target=\"_blank\" rel=\"noopener noreferrer\">L\u00ednea de Ayuda en Seguridad Digital<\/a><\/h2>\n<p>L\u00ednea de ayuda de la organizaci\u00f3n <a href=\"https:\/\/www.accessnow.org\" target=\"_blank\" rel=\"noopener noreferrer\">Access Now<\/a> que proporciona apoyo a periodistas de todo el mundo para proteger su seguridad en internet. Si est\u00e1s en riesgo, pueden ayudarte a mejorar tus pr\u00e1cticas de seguridad digital; si ya te encuentras bajo ataque, dan asistencia de emergencia de respuesta r\u00e1pida.<\/p>\n<h2><a href=\"https:\/\/seguridadintegral.articulo19.org\/guias\/protocolo-de-seguridad\/\">Gu\u00eda breve para hacer un protocolo de seguridad<\/a><\/h2>\n<p><span style=\"font-weight: 400;\">Esta gu\u00eda de Art\u00edculo 19 contiene informaci\u00f3n necesaria para que las personas dise\u00f1en e implementen protocolos de seguridad, ya sea individuales o colectivos. Puedes tambi\u00e9n consultar otras<\/span><a href=\"https:\/\/seguridadintegral.articulo19.org\/guias\/\" target=\"_blank\" rel=\"noopener noreferrer\"> gu\u00edas de seguridad digital de Art\u00edculo 19<span style=\"font-weight: 400;\">.<\/span><\/a><\/p>\n<h2><a href=\"https:\/\/learn.totem-project.org\/courses\/course-v1:IWMF+IWMF_OH_ES+001\/about\" target=\"_blank\" rel=\"noopener\"><em>Troles y acosadores<\/em>, curso de la IWMF<\/a><\/h2>\n<p>El objetivo de este curso es guiar a periodistas que necesiten identificar caracter\u00edsticas de violencia en l\u00ednea de la que pudieran ser v\u00edctimas, qui\u00e9nes suelen estar detr\u00e1s de las agresiones y ofrecerles estrategias b\u00e1sicas para una respuesta adecuada.<\/p>\n<h2><a href=\"https:\/\/learn.totem-project.org\/courses\/course-v1:IWMF+IWMF_KP_ES+001\/about\" target=\"_blank\" rel=\"noopener\"><em>Cuida tu privacidad<\/em>, curso de la IWMF<\/a><\/h2>\n<p>Aqu\u00ed hallar\u00e1s consejos pr\u00e1cticos para periodistas sobre c\u00f3mo protegerse mejor y proteger a su familia, adem\u00e1s de incentivarles a pensar en su privacidad y la informaci\u00f3n que comparten en internet.<\/p>\n<h2><a href=\"https:\/\/ssd.eff.org\/es\" target=\"_blank\" rel=\"noopener noreferrer\">Autoprotecci\u00f3n Digital Contra la Vigilancia<\/a><\/h2>\n<p>La Electronic Frontier Foundation (Fundaci\u00f3n Frontera Electr\u00f3nica o EFF) es la organizaci\u00f3n sin fines de lucro m\u00e1s importante de defensa de las libertades civiles en el mundo digital. La distingue su lucha por la privacidad de los usuarios, la libertad de expresi\u00f3n y la innovaci\u00f3n, as\u00ed como sus investigaciones a las pol\u00edticas que afectan el acceso a internet. Esta gu\u00eda provee recomendaciones, herramientas y lineamientos que podr\u00edan cubrir todas tus necesidades de ciberseguridad: desde c\u00f3mo eliminar la informaci\u00f3n en tu computadora hasta c\u00f3mo escoger una red privada virtual (VPN). Aunque fue dise\u00f1ada principalmente para quienes han sido objetivos de espionaje y no tanto para personas acosadas, s\u00ed ofrece una serie de valiosas medidas de seguridad para quien desee robustecer su seguridad digital durante un episodio de violencia en l\u00ednea.<\/p>\n<h2><a href=\"https:\/\/gendersec.tacticaltech.org\/wiki\/index.php\/Complete_manual\/es\" target=\"_blank\" rel=\"noopener noreferrer\">Zen y el arte de que la tecnolog\u00eda trabaje para ti<\/a><\/h2>\n<p>Creado con aportaciones de mujeres, activistas trans, personas defensoras de derechos humanos y tecn\u00f3logas, este manual fue editado por el Colectivo de Tecnolog\u00eda T\u00e1ctica (<a href=\"https:\/\/tacticaltech.org\" target=\"_blank\" rel=\"noopener noreferrer\">Tactical Technology Collective<\/a>) y la Asociaci\u00f3n de Comunicaciones Progresistas (<a href=\"https:\/\/www.apc.org\/es\" target=\"_blank\" rel=\"noopener noreferrer\">Association for Progressive Communications<\/a>). Re\u00fane una biblioteca virtual de informaci\u00f3n dedicada a fortalecer y proteger la presencia en l\u00ednea de los usuarios y crear espacios seguros y colaborativos en internet.<\/p>\n<h2><a href=\"http:\/\/hchr.org.mx\/puntal\/prevencion-y-proteccion\/prevencion\/seguridad-y-prevencion-de-riesgos\/manuales-de-seguridad\/\" target=\"_blank\" rel=\"noopener noreferrer\">Puntal<\/a><\/h2>\n<p>Es una plataforma en desarrollo impulsada por las representaciones en M\u00e9xico de la UNESCO, la Oficina del Alto Comisionado de las Naciones Unidas para los Derechos Humanos, el Centro de Informaci\u00f3n de las Naciones Unidas y la Entidad de la ONU para la Igualdad de G\u00e9nero y el Empoderamiento de la Mujer (ONU Mujeres). Re\u00fane herramientas de prevenci\u00f3n y protecci\u00f3n para que periodistas y personas defensoras de derechos humanos accedan a informaci\u00f3n que les permita resistir y actuar ante una situaci\u00f3n de riesgo desde una perspectiva integral. Aqu\u00ed podr\u00e1s ver, por ejemplo: <a href=\"https:\/\/dartcenter.org\/resources\/campa%C3%B1as-de-odio-%C2%BFqu%C3%A9-debes-hacer\" target=\"_blank\" rel=\"noopener noreferrer\">Campa\u00f1as de odio: \u00bfqu\u00e9 debes hacer?<\/a><\/p>\n<h2><a href=\"https:\/\/vita-activa.org\/\" target=\"_blank\" rel=\"noopener noreferrer\">L\u00ednea de ayuda de Vita Activa<\/a><\/h2>\n<p>Si est\u00e1s experimentando estr\u00e9s, trauma, crisis, cansancio cr\u00f3nico y\/o violencias de g\u00e9nero, puedes entrar en contacto con esta l\u00ednea de ayuda que apoya a mujeres, personas LGBT+, periodistas, activistas y defensores de derechos de g\u00e9nero, del trabajo, de la madre Tierra y de la libertad de expresi\u00f3n. Cuentan con audios que podr\u00edan ayudarte a realizar <a href=\"https:\/\/soundcloud.com\/vita-activa\" target=\"_blank\" rel=\"noopener noreferrer\">sesiones de meditaci\u00f3n<\/a>.<\/p>\n<h2><a href=\"https:\/\/www.takebackthetech.net\/es\" target=\"_blank\" rel=\"noopener noreferrer\">Dominemos la tecnolog\u00eda<\/a><\/h2>\n<p>Una campa\u00f1a y un centro de recursos de alcance internacional que re\u00fane recursos de apoyo, elaborados principalmente por mujeres y ni\u00f1as, para combatir la violencia contra las mujeres en plataformas tecnol\u00f3gicas. La campa\u00f1a busca crear espacios seguros en internet y obtener recursos para proteger la libertad de expresi\u00f3n, as\u00ed como la eliminaci\u00f3n del acoso y las amenazas a la seguridad. El centro realiza talleres sobre seguridad en internet, ofrece informaci\u00f3n sobre derechos y estrategias para afrontar el abuso; sirve tambi\u00e9n como fuente de solidaridad con la libertad de expresi\u00f3n y el derecho a la privacidad de las mujeres.<\/p>\n<h2><a href=\"https:\/\/ciberseguras.org\/\" target=\"_blank\" rel=\"noopener noreferrer\">Ciberseguras<\/a><\/h2>\n<p>Se trata de un esfuerzo colaborativo de <a href=\"https:\/\/www.clandestina.io\" target=\"_blank\" rel=\"noopener noreferrer\">Clandestina<\/a> (Brasil) [en portugu\u00e9s], <a href=\"https:\/\/ciberfemgt.org\" target=\"_blank\" rel=\"noopener noreferrer\">Ciberfeministas GT<\/a> (Guatemala), <a href=\"https:\/\/www.derechosdigitales.org\/\" target=\"_blank\" rel=\"noopener noreferrer\">Derechos Digitales<\/a> (Chile-M\u00e9xico), <a href=\"https:\/\/www.apc.org\/es\/project\/dominemos-la-tecnologia\" target=\"_blank\" rel=\"noopener noreferrer\">Dominemos la tecnolog\u00eda-APC<\/a>, <a href=\"https:\/\/luchadoras.mx\/\" target=\"_blank\" rel=\"noopener noreferrer\">Luchadoras<\/a> (M\u00e9xico), <a href=\"https:\/\/www.nodocomun.org\" target=\"_blank\" rel=\"noopener noreferrer\">Nodo Com\u00fan<\/a> (Bolivia), <a href=\"http:\/\/socialtic.org\" target=\"_blank\" rel=\"noopener noreferrer\">Social TIC<\/a> (M\u00e9xico), organizaciones que conforman una comunidad donde se invita a mujeres a apropiarse del espacio digital, a conocer bajo qu\u00e9 reglas operan las plataformas que utilizan, y a que exploren conceptos como privacidad, anonimato y cifrado.<\/p>\n<h2><a href=\"https:\/\/luchadoras.mx\/\" target=\"_blank\" rel=\"noopener noreferrer\">Luchadoras<\/a><\/h2>\n<p>Agrupaci\u00f3n feminista que impulsa procesos de transformaci\u00f3n pol\u00edtica personal y colectiva a trav\u00e9s de la difusi\u00f3n de historias, la apropiaci\u00f3n de las TIC (tecnolog\u00edas de la informaci\u00f3n y comunicaci\u00f3n), la construcci\u00f3n de un internet libre de violencias y la creaci\u00f3n de espacios de encuentro que reivindiquen y dignifiquen los saberes, la fuerza y el poder de las mujeres. En colaboraci\u00f3n con <a href=\"https:\/\/lasandiadigital.org.mx\" target=\"_blank\" rel=\"noopener noreferrer\">La Sand\u00eda Digital<\/a>, lanzaron <a href=\"https:\/\/www.libresenlinea.mx\/autodefensa\/\" target=\"_blank\" rel=\"noopener noreferrer\">La clika: libres en l\u00ednea<\/a><u>,<\/u> un portal que aporta recursos de autodefensa.<\/p>\n<h2><a href=\"https:\/\/digitalfirstaid.org\/es\/\" target=\"_blank\" rel=\"noopener noreferrer\">Botiqu\u00edn de primeros auxilios digitales<\/a><\/h2>\n<p>Breviario de libre uso desarrollado por <a href=\"https:\/\/www.rarenet.org\/\" target=\"_blank\" rel=\"noopener noreferrer\">Rapid Response Network<\/a> y el <a href=\"https:\/\/www.civicert.org\/\" target=\"_blank\" rel=\"noopener\">Computer Incident Response Center for Civil Society<\/a> [ambos en ingl\u00e9s] que ayuda a reconocer y afrontar, mediante preguntas y retos, el acoso en internet.<\/p>\n<h2><a href=\"https:\/\/acoso.online\/cl\/\" target=\"_blank\" rel=\"noopener noreferrer\">Acoso.Online<\/a><\/h2>\n<p>Plataforma con herramientas para combatir la publicaci\u00f3n no consentida de im\u00e1genes y videos \u00edntimos, con sugerencias sobre c\u00f3mo reportarlas en las plataformas web. Incluye una revisi\u00f3n de las leyes que protegen a las personas de estas violencias en diversos pa\u00edses de Am\u00e9rica Latina.<\/p>\n<h2 class=\"p1\"><a href=\"https:\/\/news.trust.org\/dA\/fed60767ed\/file\/TRF+KYR+Guide+OCT+2021+V8.pdf?language_id=1\" target=\"_blank\" rel=\"noopener\">Herramientas pr\u00e1cticas y legales<\/a><\/h2>\n<p class=\"p1\">La Fundaci\u00f3n Thomson Reuters colabor\u00f3 con la UNESCO, la IWMF y el Instituto Internacional de Seguridad de la Prensa (INSI) para desarrollar <a href=\"https:\/\/safetyofjournalists.trust.org\/#knowyourrightsguide\" target=\"_blank\" rel=\"noopener\">herramientas pr\u00e1cticas y legales<\/a> para periodistas, responsables de medios y las empresas editoriales para responder al acoso en l\u00ednea, cubriendo los derechos legales de la prensa en 13 pa\u00edses.<\/p>\n","protected":false},"excerpt":{"rendered":"<p>L\u00ednea de Ayuda en Seguridad Digital L\u00ednea de ayuda de la organizaci\u00f3n Access Now que proporciona apoyo a periodistas de todo el mundo para proteger su seguridad en internet. Si est\u00e1s en riesgo, pueden ayudarte a mejorar tus pr\u00e1cticas de seguridad digital; si ya te encuentras bajo ataque, dan asistencia de emergencia de respuesta r\u00e1pida.&hellip;<\/p>\n","protected":false},"author":10,"featured_media":0,"parent":0,"menu_order":0,"comment_status":"closed","ping_status":"closed","template":"","meta":{"footnotes":""},"categories":[],"tags":[300,202,301,302,206,303],"class_list":["post-2780","page","type-page","status-publish","hentry","tag-additional-resources-es","tag-advice-es","tag-considerations-es","tag-further-resources-es","tag-guidelines-es","tag-tips-es","entry","no-media"],"yoast_head":"<!-- This site is optimized with the Yoast SEO plugin v27.2 - https:\/\/yoast.com\/product\/yoast-seo-wordpress\/ -->\n<title>Recursos adicionales contra el acoso en l\u00ednea\u00a0 - Manual contra el acoso en l\u00ednea<\/title>\n<meta name=\"description\" content=\"Recursos adicionales sobre acoso en internet.\" \/>\n<meta name=\"robots\" content=\"index, follow, max-snippet:-1, max-image-preview:large, max-video-preview:-1\" \/>\n<link rel=\"canonical\" href=\"https:\/\/onlineharassmentfieldmanual.pen.org\/es\/recursos-adicionales-acoso-en-linea\/\" \/>\n<meta property=\"og:locale\" content=\"es_ES\" \/>\n<meta property=\"og:type\" content=\"article\" \/>\n<meta property=\"og:title\" content=\"Recursos adicionales contra el acoso en l\u00ednea\u00a0 - Manual contra el acoso en l\u00ednea\" \/>\n<meta property=\"og:description\" content=\"Recursos adicionales sobre acoso en internet.\" \/>\n<meta property=\"og:url\" content=\"https:\/\/onlineharassmentfieldmanual.pen.org\/es\/recursos-adicionales-acoso-en-linea\/\" \/>\n<meta property=\"og:site_name\" content=\"Manual contra el acoso en l\u00ednea\" \/>\n<meta property=\"article:modified_time\" content=\"2023-06-26T01:22:17+00:00\" \/>\n<meta name=\"twitter:card\" content=\"summary_large_image\" \/>\n<meta name=\"twitter:label1\" content=\"Tiempo de lectura\" \/>\n\t<meta name=\"twitter:data1\" content=\"5 minutos\" \/>\n<script type=\"application\/ld+json\" class=\"yoast-schema-graph\">{\"@context\":\"https:\/\/schema.org\",\"@graph\":[{\"@type\":\"WebPage\",\"@id\":\"https:\/\/onlineharassmentfieldmanual.pen.org\/es\/recursos-adicionales-acoso-en-linea\/\",\"url\":\"https:\/\/onlineharassmentfieldmanual.pen.org\/es\/recursos-adicionales-acoso-en-linea\/\",\"name\":\"Recursos adicionales contra el acoso en l\u00ednea\u00a0 - Manual contra el acoso en l\u00ednea\",\"isPartOf\":{\"@id\":\"https:\/\/onlineharassmentfieldmanual.pen.org\/#website\"},\"datePublished\":\"2021-06-15T14:07:49+00:00\",\"dateModified\":\"2023-06-26T01:22:17+00:00\",\"description\":\"Recursos adicionales sobre acoso en internet.\",\"breadcrumb\":{\"@id\":\"https:\/\/onlineharassmentfieldmanual.pen.org\/es\/recursos-adicionales-acoso-en-linea\/#breadcrumb\"},\"inLanguage\":\"es\",\"potentialAction\":[{\"@type\":\"ReadAction\",\"target\":[\"https:\/\/onlineharassmentfieldmanual.pen.org\/es\/recursos-adicionales-acoso-en-linea\/\"]}]},{\"@type\":\"BreadcrumbList\",\"@id\":\"https:\/\/onlineharassmentfieldmanual.pen.org\/es\/recursos-adicionales-acoso-en-linea\/#breadcrumb\",\"itemListElement\":[{\"@type\":\"ListItem\",\"position\":1,\"name\":\"Inicio\",\"item\":\"https:\/\/onlineharassmentfieldmanual.pen.org\/es\/\"},{\"@type\":\"ListItem\",\"position\":2,\"name\":\"Recursos adicionales contra el acoso en l\u00ednea\u00a0\"}]},{\"@type\":\"WebSite\",\"@id\":\"https:\/\/onlineharassmentfieldmanual.pen.org\/#website\",\"url\":\"https:\/\/onlineharassmentfieldmanual.pen.org\/\",\"name\":\"Manual contra el acoso en l\u00ednea\",\"description\":\"PEN America\",\"publisher\":{\"@id\":\"https:\/\/onlineharassmentfieldmanual.pen.org\/#organization\"},\"potentialAction\":[{\"@type\":\"SearchAction\",\"target\":{\"@type\":\"EntryPoint\",\"urlTemplate\":\"https:\/\/onlineharassmentfieldmanual.pen.org\/?s={search_term_string}\"},\"query-input\":{\"@type\":\"PropertyValueSpecification\",\"valueRequired\":true,\"valueName\":\"search_term_string\"}}],\"inLanguage\":\"es\"},{\"@type\":\"Organization\",\"@id\":\"https:\/\/onlineharassmentfieldmanual.pen.org\/#organization\",\"name\":\"Manual contra el acoso en l\u00ednea\",\"url\":\"https:\/\/onlineharassmentfieldmanual.pen.org\/\",\"logo\":{\"@type\":\"ImageObject\",\"inLanguage\":\"es\",\"@id\":\"https:\/\/onlineharassmentfieldmanual.pen.org\/#\/schema\/logo\/image\/\",\"url\":\"https:\/\/onlineharassmentfieldmanual.pen.org\/wp-content\/uploads\/2018\/04\/pen-logo.png\",\"contentUrl\":\"https:\/\/onlineharassmentfieldmanual.pen.org\/wp-content\/uploads\/2018\/04\/pen-logo.png\",\"width\":552,\"height\":210,\"caption\":\"Manual contra el acoso en l\u00ednea\"},\"image\":{\"@id\":\"https:\/\/onlineharassmentfieldmanual.pen.org\/#\/schema\/logo\/image\/\"}}]}<\/script>\n<!-- \/ Yoast SEO plugin. -->","yoast_head_json":{"title":"Recursos adicionales contra el acoso en l\u00ednea\u00a0 - Manual contra el acoso en l\u00ednea","description":"Recursos adicionales sobre acoso en internet.","robots":{"index":"index","follow":"follow","max-snippet":"max-snippet:-1","max-image-preview":"max-image-preview:large","max-video-preview":"max-video-preview:-1"},"canonical":"https:\/\/onlineharassmentfieldmanual.pen.org\/es\/recursos-adicionales-acoso-en-linea\/","og_locale":"es_ES","og_type":"article","og_title":"Recursos adicionales contra el acoso en l\u00ednea\u00a0 - Manual contra el acoso en l\u00ednea","og_description":"Recursos adicionales sobre acoso en internet.","og_url":"https:\/\/onlineharassmentfieldmanual.pen.org\/es\/recursos-adicionales-acoso-en-linea\/","og_site_name":"Manual contra el acoso en l\u00ednea","article_modified_time":"2023-06-26T01:22:17+00:00","twitter_card":"summary_large_image","twitter_misc":{"Tiempo de lectura":"5 minutos"},"schema":{"@context":"https:\/\/schema.org","@graph":[{"@type":"WebPage","@id":"https:\/\/onlineharassmentfieldmanual.pen.org\/es\/recursos-adicionales-acoso-en-linea\/","url":"https:\/\/onlineharassmentfieldmanual.pen.org\/es\/recursos-adicionales-acoso-en-linea\/","name":"Recursos adicionales contra el acoso en l\u00ednea\u00a0 - Manual contra el acoso en l\u00ednea","isPartOf":{"@id":"https:\/\/onlineharassmentfieldmanual.pen.org\/#website"},"datePublished":"2021-06-15T14:07:49+00:00","dateModified":"2023-06-26T01:22:17+00:00","description":"Recursos adicionales sobre acoso en internet.","breadcrumb":{"@id":"https:\/\/onlineharassmentfieldmanual.pen.org\/es\/recursos-adicionales-acoso-en-linea\/#breadcrumb"},"inLanguage":"es","potentialAction":[{"@type":"ReadAction","target":["https:\/\/onlineharassmentfieldmanual.pen.org\/es\/recursos-adicionales-acoso-en-linea\/"]}]},{"@type":"BreadcrumbList","@id":"https:\/\/onlineharassmentfieldmanual.pen.org\/es\/recursos-adicionales-acoso-en-linea\/#breadcrumb","itemListElement":[{"@type":"ListItem","position":1,"name":"Inicio","item":"https:\/\/onlineharassmentfieldmanual.pen.org\/es\/"},{"@type":"ListItem","position":2,"name":"Recursos adicionales contra el acoso en l\u00ednea\u00a0"}]},{"@type":"WebSite","@id":"https:\/\/onlineharassmentfieldmanual.pen.org\/#website","url":"https:\/\/onlineharassmentfieldmanual.pen.org\/","name":"Manual contra el acoso en l\u00ednea","description":"PEN America","publisher":{"@id":"https:\/\/onlineharassmentfieldmanual.pen.org\/#organization"},"potentialAction":[{"@type":"SearchAction","target":{"@type":"EntryPoint","urlTemplate":"https:\/\/onlineharassmentfieldmanual.pen.org\/?s={search_term_string}"},"query-input":{"@type":"PropertyValueSpecification","valueRequired":true,"valueName":"search_term_string"}}],"inLanguage":"es"},{"@type":"Organization","@id":"https:\/\/onlineharassmentfieldmanual.pen.org\/#organization","name":"Manual contra el acoso en l\u00ednea","url":"https:\/\/onlineharassmentfieldmanual.pen.org\/","logo":{"@type":"ImageObject","inLanguage":"es","@id":"https:\/\/onlineharassmentfieldmanual.pen.org\/#\/schema\/logo\/image\/","url":"https:\/\/onlineharassmentfieldmanual.pen.org\/wp-content\/uploads\/2018\/04\/pen-logo.png","contentUrl":"https:\/\/onlineharassmentfieldmanual.pen.org\/wp-content\/uploads\/2018\/04\/pen-logo.png","width":552,"height":210,"caption":"Manual contra el acoso en l\u00ednea"},"image":{"@id":"https:\/\/onlineharassmentfieldmanual.pen.org\/#\/schema\/logo\/image\/"}}]}},"_links":{"self":[{"href":"https:\/\/onlineharassmentfieldmanual.pen.org\/es\/wp-json\/wp\/v2\/pages\/2780","targetHints":{"allow":["GET"]}}],"collection":[{"href":"https:\/\/onlineharassmentfieldmanual.pen.org\/es\/wp-json\/wp\/v2\/pages"}],"about":[{"href":"https:\/\/onlineharassmentfieldmanual.pen.org\/es\/wp-json\/wp\/v2\/types\/page"}],"author":[{"embeddable":true,"href":"https:\/\/onlineharassmentfieldmanual.pen.org\/es\/wp-json\/wp\/v2\/users\/10"}],"replies":[{"embeddable":true,"href":"https:\/\/onlineharassmentfieldmanual.pen.org\/es\/wp-json\/wp\/v2\/comments?post=2780"}],"version-history":[{"count":13,"href":"https:\/\/onlineharassmentfieldmanual.pen.org\/es\/wp-json\/wp\/v2\/pages\/2780\/revisions"}],"predecessor-version":[{"id":4751,"href":"https:\/\/onlineharassmentfieldmanual.pen.org\/es\/wp-json\/wp\/v2\/pages\/2780\/revisions\/4751"}],"wp:attachment":[{"href":"https:\/\/onlineharassmentfieldmanual.pen.org\/es\/wp-json\/wp\/v2\/media?parent=2780"}],"wp:term":[{"taxonomy":"category","embeddable":true,"href":"https:\/\/onlineharassmentfieldmanual.pen.org\/es\/wp-json\/wp\/v2\/categories?post=2780"},{"taxonomy":"post_tag","embeddable":true,"href":"https:\/\/onlineharassmentfieldmanual.pen.org\/es\/wp-json\/wp\/v2\/tags?post=2780"}],"curies":[{"name":"wp","href":"https:\/\/api.w.org\/{rel}","templated":true}]}}