{"id":2765,"date":"2018-04-10T14:12:30","date_gmt":"2018-04-10T14:12:30","guid":{"rendered":"https:\/\/onlineharassmentfieldmanual.pen.org\/legal-resources-for-writers-and-journalists\/"},"modified":"2023-06-26T00:56:13","modified_gmt":"2023-06-26T00:56:13","slug":"recursos-legales-periodistas-escritores","status":"publish","type":"page","link":"https:\/\/onlineharassmentfieldmanual.pen.org\/es\/recursos-legales-periodistas-escritores\/","title":{"rendered":"Recursos legales para periodistas y escritores"},"content":{"rendered":"<p><em>Importante: la informaci\u00f3n incluida en este segmento tiene prop\u00f3sitos meramente educativos. No constituyen recomendaciones legales y no pretenden reemplazar la asesor\u00eda de una persona abogada. Cada pa\u00eds tiene sus propias leyes y mecanismos para proteger la libertad de expresi\u00f3n y penalizar distintos tipos de violencia o agresiones, tanto fuera como dentro de internet, por lo que se ofrecen recomendaciones generales que podr\u00edan ser v\u00e1lidas s\u00f3lo en algunos territorios, <\/em><a href=\"https:\/\/rsf.org\/es\/noticias\/balance-2020-de-rsf-50-periodistas-asesinados-dos-tercios-de-ellos-en-paises-en-paz\" target=\"_blank\" rel=\"noopener noreferrer\"><em>principalmente en M\u00e9xico<\/em><\/a><em>. Para recibir un acompa\u00f1amiento adecuado, contacta a alguna de las organizaciones enlistadas.<\/em><\/p>\n<p>Existen varias razones por las cuales podr\u00edas decidirte a buscar consejo o representaci\u00f3n legal si est\u00e1s enfrentando agresiones relacionadas con la tecnolog\u00eda. El ciberacoso, la difusi\u00f3n de im\u00e1genes \u00edntimas sin consentimiento, las amenazas de violencia f\u00edsica o aquellos casos en que el mismo atacante acosa de manera constante, podr\u00edan ameritar la intervenci\u00f3n de una o un abogado. Si deseas conocer la legislaci\u00f3n sobre el acoso en l\u00ednea en alg\u00fan lugar espec\u00edfico de Am\u00e9rica Latina, te recomendamos visitar el sitio <a href=\"https:\/\/acoso.online\/\" target=\"_blank\" rel=\"noopener noreferrer\">acoso.online<\/a>, un proyecto independiente de escala regional en el que organizaciones locales investigaron los contenidos legales y judiciales de distintos pa\u00edses.<\/p>\n<p>En el caso de M\u00e9xico, la mayor\u00eda de los c\u00f3digos penales tipifican como delitos las amenazas y la extorsi\u00f3n, as\u00ed como el abuso sexual y el acoso sexual. Sin embargo, colectivas feministas han luchado por la <a href=\"https:\/\/es.wikipedia.org\/wiki\/Ley_Olimpia_(M%C3%A9xico)\" target=\"_blank\" rel=\"noopener noreferrer\">aprobaci\u00f3n de reformas<\/a> que incorporen el delito contra la intimidad sexual, que incluye tanto la toma de video o fotograf\u00edas sin consentimiento, como la difusi\u00f3n no consentida de contenido sexual privado en internet. La colectiva feminista <a href=\"https:\/\/luchadoras.mx\/internetfeminista\/buscador\/\" target=\"_blank\" rel=\"noopener noreferrer\">Luchadoras cre\u00f3 un buscador<\/a> que permite conocer las distintas leyes estatales que reconocen distintos tipos de agresiones relacionadas con la tecnolog\u00eda.<\/p>\n<p>Existen organizaciones que ofrecen asesor\u00eda y, en algunos casos, acompa\u00f1amiento <em>pro bono<\/em> (sin retribuci\u00f3n monetaria). Sin embargo, debes considerar que M\u00e9xico es uno de los pa\u00edses <a href=\"https:\/\/rsf.org\/es\/mexico\" target=\"_blank\" rel=\"noopener noreferrer\">m\u00e1s peligrosos para ejercer el periodismo<\/a>, y que muchas de estas organizaciones son incapaces de dar atenci\u00f3n personalizada a todas las solicitudes de ayuda y acompa\u00f1amiento.<\/p>\n<p>Adem\u00e1s de la asesor\u00eda espec\u00edfica que una persona abogada podr\u00eda brindarte, en algunos estados existen polic\u00edas cibern\u00e9ticas, que se especializan en el combate de delitos realizados a trav\u00e9s de internet, as\u00ed como <a href=\"https:\/\/www.gob.mx\/policiafederal\/articulos\/centro-nacional-de-respuesta-a-incidentes-ciberneticos-de-la-policia-federal?idiom=es\" target=\"_blank\" rel=\"noopener noreferrer\">el Centro Especializado en Respuesta a Incidentes Cibern\u00e9ticos de la Guardia Nacional<\/a>. Antes de entrar en contacto con estos equipos, vale la pena recordar que en M\u00e9xico y otros pa\u00edses de Am\u00e9rica Latina gran parte de los ataques a periodistas provienen de funcionarios p\u00fablicos o actores de gobierno (<a href=\"https:\/\/articulo19.org\/sobre-articulo19\/\" target=\"_blank\" rel=\"noopener noreferrer\">ARTICLE 19<\/a> ha documentado que entre 49% y 53% de las agresiones en contra de periodistas en M\u00e9xico provienen de agentes del Estado). Por tanto, aseg\u00farate de <a href=\"https:\/\/onlineharassmentfieldmanual.pen.org\/es\/evaluar-amenazas\/\" rel=\"noopener noreferrer\">evaluar\u00a0las amenazas<\/a> primero.<\/p>\n<h2>ARTICLE 19 &#8211; M\u00e9xico y Centroam\u00e9rica<\/h2>\n<p>Es una organizaci\u00f3n que promueve y defiende el avance progresivo de la libertad de expresi\u00f3n y de acceso a la informaci\u00f3n de todas las personas. Su equipo de protecci\u00f3n y defensa documenta agresiones a periodistas, y cuenta con especialistas en derecho que pueden orientarte sobre la pertinencia de empezar un proceso legal por agresiones en l\u00ednea, aunque en M\u00e9xico se enfoca m\u00e1s al litigio estrat\u00e9gico; es decir, lleva casos de alto impacto que permitan impulsar reformas legales, adoptar o reformar pol\u00edticas p\u00fablicas o modificar la actitud de las autoridades, a fin de que las beneficiarias finales del litigio sean todas aquellas personas que se encuentren en una situaci\u00f3n similar. M\u00e1s informaci\u00f3n <a href=\"https:\/\/articulo19.org\/sobre-articulo19\/\">aqu\u00ed<\/a>.<\/p>\n<h2>Propuesta C\u00edvica<\/h2>\n<p>El Centro de Investigaci\u00f3n y Capacitaci\u00f3n Propuesta C\u00edvica es una organizaci\u00f3n mexicana que ofrece asesor\u00eda, representaci\u00f3n y acompa\u00f1amiento integral a personas defensoras de derechos humanos y periodistas. El acompa\u00f1amiento se realiza a trav\u00e9s de la vigilancia y participaci\u00f3n activa en juicios de amparo, adem\u00e1s del seguimiento de medidas de protecci\u00f3n y de investigaciones penales a personas defensoras de derechos humanos y periodistas en riesgo, as\u00ed como a sus familias. Si deseas contactarlos, puedes hacerlo <a href=\"https:\/\/propuestacivica.org.mx\/contacto\" target=\"_blank\" rel=\"noopener noreferrer\">aqu\u00ed<\/a>.<\/p>\n<h2>Fondo de defensa legal para periodistas de Free Press Unlimited<\/h2>\n<p>Es una iniciativa que otorga apoyo financiero a personas periodistas que han recibido amenazas de gobiernos que buscan llevarlas a juicio o encarcelarlas, y que no pueden cubrir por medios propios los costos de una representaci\u00f3n legal o de un proceso judicial. Pueden postular a este apoyo periodistas, trabajadores de medios y organizaciones que est\u00e9n en riesgo por su profesi\u00f3n. M\u00e1s informaci\u00f3n <a href=\"https:\/\/kq.freepressunlimited.org\/project\/legal-defense-fund\/\" target=\"_blank\" rel=\"noopener noreferrer\">aqu\u00ed <\/a>[en ingl\u00e9s].<\/p>\n<h2>FLIP<\/h2>\n<p>La Fundaci\u00f3n para la Libertad de Prensa (FLIP) cuenta con una red de 31 corresponsales distribuidos en todo Colombia, quienes documentan y denuncian casos de violaciones a la libertad de expresi\u00f3n y acceso a la informaci\u00f3n en ese pa\u00eds. Tambi\u00e9n prestan asesor\u00eda jur\u00eddica a periodistas v\u00edctimas de agresiones o sometidos a procesos judiciales de injuria y calumnia, mecanismos comunes para tratar de silenciarles. M\u00e1s informaci\u00f3n <a href=\"https:\/\/www.flip.org.co\/index.php\/es\/la-flip\" target=\"_blank\" rel=\"noopener noreferrer\">aqu\u00ed<\/a>.<\/p>\n<h2>Media Defense<\/h2>\n<p>Esta organizaci\u00f3n proporciona ayuda legal de emergencia a periodistas, medios independientes y periodistas ciudadanas en todo el mundo. Principalmente, se ocupa de casos en los que se enfrentan a un litigio costoso y complejo que busca silenciarlas; por lo general, se trata de demandas legales de autoridades contra publicaciones cr\u00edticas, u \u00f3rdenes judiciales para cerrar medios y peri\u00f3dicos. Tambi\u00e9n apoya a periodistas a quienes les han prohibido viajar, les han impuesto \u00f3rdenes para amordazarlas, o que han sido objeto de detenci\u00f3n y violencia f\u00edsica. Pueden ayudar con financiamiento para la defensa legal, ayudar a encontrar una persona abogada, u ofrecer soporte t\u00e9cnico legal. M\u00e1s informaci\u00f3n <a href=\"https:\/\/www.mediadefence.org\/apply-for-case-support\/\" target=\"_blank\" rel=\"noopener noreferrer\">aqu\u00ed<\/a> [en ingl\u00e9s].<\/p>\n<h2>Fundaci\u00f3n Thomson Reuters<\/h2>\n<p class=\"p1\">La Fundaci\u00f3n Thomson Reuters colabor\u00f3 con la UNESCO, la IWMF y el Instituto Internacional de Seguridad de la Prensa (INSI) para desarrollar <a href=\"https:\/\/news.trust.org\/dA\/fed60767ed\/file\/TRF+KYR+Guide+OCT+2021+V8.pdf?language_id=1\" target=\"_blank\" rel=\"noopener\">herramientas pr\u00e1cticas y legales<\/a> para periodistas, responsables de medios y las empresas editoriales para responder al acoso en l\u00ednea, cubriendo los derechos legales de la prensa en 13 pa\u00edses.<\/p>\n","protected":false},"excerpt":{"rendered":"<p>Importante: la informaci\u00f3n incluida en este segmento tiene prop\u00f3sitos meramente educativos. No constituyen recomendaciones legales y no pretenden reemplazar la asesor\u00eda de una persona abogada. Cada pa\u00eds tiene sus propias leyes y mecanismos para proteger la libertad de expresi\u00f3n y penalizar distintos tipos de violencia o agresiones, tanto fuera como dentro de internet, por lo&hellip;<\/p>\n","protected":false},"author":10,"featured_media":0,"parent":0,"menu_order":0,"comment_status":"closed","ping_status":"closed","template":"","meta":{"footnotes":""},"categories":[],"tags":[223,288,289,290,291,277],"class_list":["post-2765","page","type-page","status-publish","hentry","tag-help-es","tag-law-es","tag-lawyer-es","tag-policy-es","tag-recourse-es","tag-support-es","entry","no-media"],"yoast_head":"<!-- This site is optimized with the Yoast SEO plugin v27.2 - https:\/\/yoast.com\/product\/yoast-seo-wordpress\/ -->\n<title>Recursos legales para periodistas y escritores - Manual contra el acoso en l\u00ednea<\/title>\n<meta name=\"description\" content=\"Cada pa\u00eds tiene sus propias leyes y mecanismos para proteger la libertad de expresi\u00f3n y castigar distintos tipos de violencia o agresiones, tanto fuera como dentro de internet, por lo que aqu\u00ed se ofrecen recomendaciones generales que podr\u00edan ser v\u00e1lidas s\u00f3lo para algunos territorios.\" \/>\n<meta name=\"robots\" content=\"index, follow, max-snippet:-1, max-image-preview:large, max-video-preview:-1\" \/>\n<link rel=\"canonical\" href=\"https:\/\/onlineharassmentfieldmanual.pen.org\/es\/recursos-legales-periodistas-escritores\/\" \/>\n<meta property=\"og:locale\" content=\"es_ES\" \/>\n<meta property=\"og:type\" content=\"article\" \/>\n<meta property=\"og:title\" content=\"Recursos legales para periodistas y escritores - Manual contra el acoso en l\u00ednea\" \/>\n<meta property=\"og:description\" content=\"Cada pa\u00eds tiene sus propias leyes y mecanismos para proteger la libertad de expresi\u00f3n y castigar distintos tipos de violencia o agresiones, tanto fuera como dentro de internet, por lo que aqu\u00ed se ofrecen recomendaciones generales que podr\u00edan ser v\u00e1lidas s\u00f3lo para algunos territorios.\" \/>\n<meta property=\"og:url\" content=\"https:\/\/onlineharassmentfieldmanual.pen.org\/es\/recursos-legales-periodistas-escritores\/\" \/>\n<meta property=\"og:site_name\" content=\"Manual contra el acoso en l\u00ednea\" \/>\n<meta property=\"article:modified_time\" content=\"2023-06-26T00:56:13+00:00\" \/>\n<meta name=\"twitter:card\" content=\"summary_large_image\" \/>\n<meta name=\"twitter:label1\" content=\"Tiempo de lectura\" \/>\n\t<meta name=\"twitter:data1\" content=\"5 minutos\" \/>\n<script type=\"application\/ld+json\" class=\"yoast-schema-graph\">{\"@context\":\"https:\/\/schema.org\",\"@graph\":[{\"@type\":\"WebPage\",\"@id\":\"https:\/\/onlineharassmentfieldmanual.pen.org\/es\/recursos-legales-periodistas-escritores\/\",\"url\":\"https:\/\/onlineharassmentfieldmanual.pen.org\/es\/recursos-legales-periodistas-escritores\/\",\"name\":\"Recursos legales para periodistas y escritores - Manual contra el acoso en l\u00ednea\",\"isPartOf\":{\"@id\":\"https:\/\/onlineharassmentfieldmanual.pen.org\/#website\"},\"datePublished\":\"2018-04-10T14:12:30+00:00\",\"dateModified\":\"2023-06-26T00:56:13+00:00\",\"description\":\"Cada pa\u00eds tiene sus propias leyes y mecanismos para proteger la libertad de expresi\u00f3n y castigar distintos tipos de violencia o agresiones, tanto fuera como dentro de internet, por lo que aqu\u00ed se ofrecen recomendaciones generales que podr\u00edan ser v\u00e1lidas s\u00f3lo para algunos territorios.\",\"breadcrumb\":{\"@id\":\"https:\/\/onlineharassmentfieldmanual.pen.org\/es\/recursos-legales-periodistas-escritores\/#breadcrumb\"},\"inLanguage\":\"es\",\"potentialAction\":[{\"@type\":\"ReadAction\",\"target\":[\"https:\/\/onlineharassmentfieldmanual.pen.org\/es\/recursos-legales-periodistas-escritores\/\"]}]},{\"@type\":\"BreadcrumbList\",\"@id\":\"https:\/\/onlineharassmentfieldmanual.pen.org\/es\/recursos-legales-periodistas-escritores\/#breadcrumb\",\"itemListElement\":[{\"@type\":\"ListItem\",\"position\":1,\"name\":\"Inicio\",\"item\":\"https:\/\/onlineharassmentfieldmanual.pen.org\/es\/\"},{\"@type\":\"ListItem\",\"position\":2,\"name\":\"Recursos legales para periodistas y escritores\"}]},{\"@type\":\"WebSite\",\"@id\":\"https:\/\/onlineharassmentfieldmanual.pen.org\/#website\",\"url\":\"https:\/\/onlineharassmentfieldmanual.pen.org\/\",\"name\":\"Manual contra el acoso en l\u00ednea\",\"description\":\"PEN America\",\"publisher\":{\"@id\":\"https:\/\/onlineharassmentfieldmanual.pen.org\/#organization\"},\"potentialAction\":[{\"@type\":\"SearchAction\",\"target\":{\"@type\":\"EntryPoint\",\"urlTemplate\":\"https:\/\/onlineharassmentfieldmanual.pen.org\/?s={search_term_string}\"},\"query-input\":{\"@type\":\"PropertyValueSpecification\",\"valueRequired\":true,\"valueName\":\"search_term_string\"}}],\"inLanguage\":\"es\"},{\"@type\":\"Organization\",\"@id\":\"https:\/\/onlineharassmentfieldmanual.pen.org\/#organization\",\"name\":\"Manual contra el acoso en l\u00ednea\",\"url\":\"https:\/\/onlineharassmentfieldmanual.pen.org\/\",\"logo\":{\"@type\":\"ImageObject\",\"inLanguage\":\"es\",\"@id\":\"https:\/\/onlineharassmentfieldmanual.pen.org\/#\/schema\/logo\/image\/\",\"url\":\"https:\/\/onlineharassmentfieldmanual.pen.org\/wp-content\/uploads\/2018\/04\/pen-logo.png\",\"contentUrl\":\"https:\/\/onlineharassmentfieldmanual.pen.org\/wp-content\/uploads\/2018\/04\/pen-logo.png\",\"width\":552,\"height\":210,\"caption\":\"Manual contra el acoso en l\u00ednea\"},\"image\":{\"@id\":\"https:\/\/onlineharassmentfieldmanual.pen.org\/#\/schema\/logo\/image\/\"}}]}<\/script>\n<!-- \/ Yoast SEO plugin. -->","yoast_head_json":{"title":"Recursos legales para periodistas y escritores - Manual contra el acoso en l\u00ednea","description":"Cada pa\u00eds tiene sus propias leyes y mecanismos para proteger la libertad de expresi\u00f3n y castigar distintos tipos de violencia o agresiones, tanto fuera como dentro de internet, por lo que aqu\u00ed se ofrecen recomendaciones generales que podr\u00edan ser v\u00e1lidas s\u00f3lo para algunos territorios.","robots":{"index":"index","follow":"follow","max-snippet":"max-snippet:-1","max-image-preview":"max-image-preview:large","max-video-preview":"max-video-preview:-1"},"canonical":"https:\/\/onlineharassmentfieldmanual.pen.org\/es\/recursos-legales-periodistas-escritores\/","og_locale":"es_ES","og_type":"article","og_title":"Recursos legales para periodistas y escritores - Manual contra el acoso en l\u00ednea","og_description":"Cada pa\u00eds tiene sus propias leyes y mecanismos para proteger la libertad de expresi\u00f3n y castigar distintos tipos de violencia o agresiones, tanto fuera como dentro de internet, por lo que aqu\u00ed se ofrecen recomendaciones generales que podr\u00edan ser v\u00e1lidas s\u00f3lo para algunos territorios.","og_url":"https:\/\/onlineharassmentfieldmanual.pen.org\/es\/recursos-legales-periodistas-escritores\/","og_site_name":"Manual contra el acoso en l\u00ednea","article_modified_time":"2023-06-26T00:56:13+00:00","twitter_card":"summary_large_image","twitter_misc":{"Tiempo de lectura":"5 minutos"},"schema":{"@context":"https:\/\/schema.org","@graph":[{"@type":"WebPage","@id":"https:\/\/onlineharassmentfieldmanual.pen.org\/es\/recursos-legales-periodistas-escritores\/","url":"https:\/\/onlineharassmentfieldmanual.pen.org\/es\/recursos-legales-periodistas-escritores\/","name":"Recursos legales para periodistas y escritores - Manual contra el acoso en l\u00ednea","isPartOf":{"@id":"https:\/\/onlineharassmentfieldmanual.pen.org\/#website"},"datePublished":"2018-04-10T14:12:30+00:00","dateModified":"2023-06-26T00:56:13+00:00","description":"Cada pa\u00eds tiene sus propias leyes y mecanismos para proteger la libertad de expresi\u00f3n y castigar distintos tipos de violencia o agresiones, tanto fuera como dentro de internet, por lo que aqu\u00ed se ofrecen recomendaciones generales que podr\u00edan ser v\u00e1lidas s\u00f3lo para algunos territorios.","breadcrumb":{"@id":"https:\/\/onlineharassmentfieldmanual.pen.org\/es\/recursos-legales-periodistas-escritores\/#breadcrumb"},"inLanguage":"es","potentialAction":[{"@type":"ReadAction","target":["https:\/\/onlineharassmentfieldmanual.pen.org\/es\/recursos-legales-periodistas-escritores\/"]}]},{"@type":"BreadcrumbList","@id":"https:\/\/onlineharassmentfieldmanual.pen.org\/es\/recursos-legales-periodistas-escritores\/#breadcrumb","itemListElement":[{"@type":"ListItem","position":1,"name":"Inicio","item":"https:\/\/onlineharassmentfieldmanual.pen.org\/es\/"},{"@type":"ListItem","position":2,"name":"Recursos legales para periodistas y escritores"}]},{"@type":"WebSite","@id":"https:\/\/onlineharassmentfieldmanual.pen.org\/#website","url":"https:\/\/onlineharassmentfieldmanual.pen.org\/","name":"Manual contra el acoso en l\u00ednea","description":"PEN America","publisher":{"@id":"https:\/\/onlineharassmentfieldmanual.pen.org\/#organization"},"potentialAction":[{"@type":"SearchAction","target":{"@type":"EntryPoint","urlTemplate":"https:\/\/onlineharassmentfieldmanual.pen.org\/?s={search_term_string}"},"query-input":{"@type":"PropertyValueSpecification","valueRequired":true,"valueName":"search_term_string"}}],"inLanguage":"es"},{"@type":"Organization","@id":"https:\/\/onlineharassmentfieldmanual.pen.org\/#organization","name":"Manual contra el acoso en l\u00ednea","url":"https:\/\/onlineharassmentfieldmanual.pen.org\/","logo":{"@type":"ImageObject","inLanguage":"es","@id":"https:\/\/onlineharassmentfieldmanual.pen.org\/#\/schema\/logo\/image\/","url":"https:\/\/onlineharassmentfieldmanual.pen.org\/wp-content\/uploads\/2018\/04\/pen-logo.png","contentUrl":"https:\/\/onlineharassmentfieldmanual.pen.org\/wp-content\/uploads\/2018\/04\/pen-logo.png","width":552,"height":210,"caption":"Manual contra el acoso en l\u00ednea"},"image":{"@id":"https:\/\/onlineharassmentfieldmanual.pen.org\/#\/schema\/logo\/image\/"}}]}},"_links":{"self":[{"href":"https:\/\/onlineharassmentfieldmanual.pen.org\/es\/wp-json\/wp\/v2\/pages\/2765","targetHints":{"allow":["GET"]}}],"collection":[{"href":"https:\/\/onlineharassmentfieldmanual.pen.org\/es\/wp-json\/wp\/v2\/pages"}],"about":[{"href":"https:\/\/onlineharassmentfieldmanual.pen.org\/es\/wp-json\/wp\/v2\/types\/page"}],"author":[{"embeddable":true,"href":"https:\/\/onlineharassmentfieldmanual.pen.org\/es\/wp-json\/wp\/v2\/users\/10"}],"replies":[{"embeddable":true,"href":"https:\/\/onlineharassmentfieldmanual.pen.org\/es\/wp-json\/wp\/v2\/comments?post=2765"}],"version-history":[{"count":13,"href":"https:\/\/onlineharassmentfieldmanual.pen.org\/es\/wp-json\/wp\/v2\/pages\/2765\/revisions"}],"predecessor-version":[{"id":4747,"href":"https:\/\/onlineharassmentfieldmanual.pen.org\/es\/wp-json\/wp\/v2\/pages\/2765\/revisions\/4747"}],"wp:attachment":[{"href":"https:\/\/onlineharassmentfieldmanual.pen.org\/es\/wp-json\/wp\/v2\/media?parent=2765"}],"wp:term":[{"taxonomy":"category","embeddable":true,"href":"https:\/\/onlineharassmentfieldmanual.pen.org\/es\/wp-json\/wp\/v2\/categories?post=2765"},{"taxonomy":"post_tag","embeddable":true,"href":"https:\/\/onlineharassmentfieldmanual.pen.org\/es\/wp-json\/wp\/v2\/tags?post=2765"}],"curies":[{"name":"wp","href":"https:\/\/api.w.org\/{rel}","templated":true}]}}