{"id":2736,"date":"2021-06-15T14:00:49","date_gmt":"2021-06-15T14:00:49","guid":{"rendered":"https:\/\/onlineharassmentfieldmanual.pen.org\/deploying-supportive-cyber-communities\/"},"modified":"2021-06-22T12:01:36","modified_gmt":"2021-06-22T12:01:36","slug":"convocar-comunidades-apoyo-en-linea","status":"publish","type":"page","link":"https:\/\/onlineharassmentfieldmanual.pen.org\/es\/convocar-comunidades-apoyo-en-linea\/","title":{"rendered":"Convocar a comunidades de apoyo en l\u00ednea\u00a0"},"content":{"rendered":"<p><span class=\"coral\">Cuando enfrentas acoso en l\u00ednea, solicitar la ayuda de comunidades virtuales puede marcar una gran diferencia. Aqu\u00ed te damos algunas ideas de c\u00f3mo hacerlo.<\/span><\/p>\n[Para obtener m\u00e1s informaci\u00f3n sobre <a href=\"https:\/\/onlineharassmentfieldmanual.pen.org\/es\/establecer-comunidades-apoyo-en-linea\/\">c\u00f3mo establecer comunidades de apoyo en l\u00ednea, consulta esta secci\u00f3n del manual<\/a>.]\n<h2>1. Identifica personas cercanas a ti en las que puedas confiar<\/h2>\n<p>Si el acoso se vuelve tan grave que requieres tomar un descanso de tu actividad en l\u00ednea, pero tienes miedo de perder informaci\u00f3n relevante para tu vida personal\/profesional, pide a una persona cercana o familiar que te apoye monitoreando tu cuenta durante un tiempo. Si es preciso que tengan acceso a tus cuentas, acuerden reglas b\u00e1sicas antes de que entregues tus contrase\u00f1as.<\/p>\n<p>P\u00eddele a quienes hayas elegido que almacenen tus contrase\u00f1as e informaci\u00f3n de inicio de sesi\u00f3n de manera segura. Una vez que haya concluido la situaci\u00f3n de acoso, aseg\u00farate de que tus confidentes eliminen esa informaci\u00f3n. Despu\u00e9s deber\u00e1s cambiar tus contrase\u00f1as para que tu seguridad no se vea comprometida en una fecha posterior.<\/p>\n<p>Es posible que desees hablar sobre:<\/p>\n<ul>\n<li>C\u00f3mo documentar y almacenar la evidencia del ataque.<\/li>\n<li>Cu\u00e1ndo y c\u00f3mo quieres ser alertada sobre amenazas graves.<\/li>\n<li>Si deben denunciar las agresiones por ti o no, dentro de las plataformas en las que ocurran.<\/li>\n<\/ul>\n<p><strong>Escoge diferentes amistades para diferentes roles<\/strong>. Una persona puede monitorear tu correo electr\u00f3nico mientras que otra revisa las plataformas en l\u00ednea donde se est\u00e9n publicando mensajes de odio. Otras personas pueden estar al pendiente de ti y ser buenos escuchas en caso de que necesites desahogarte acerca de la situaci\u00f3n y c\u00f3mo afecta tu cotidianidad. <a href=\"https:\/\/www.wsj.com\/articles\/why-our-mental-health-takes-a-village-1516640136\" target=\"_blank\" rel=\"noopener noreferrer\">Este art\u00edculo del <em>Wall Street Journal<\/em><\/a> [en ingl\u00e9s] contiene informaci\u00f3n \u00fatil para obtener diversos tipos de apoyo emocional de distintas amistades. Consulta <a href=\"https:\/\/onlineharassmentfieldmanual.pen.org\/es\/procurar-autocuidado\/\">la secci\u00f3n sobre C\u00f3mo procurar el autocuidado de este manual<\/a>.<\/p>\n<h2>2. Publica un llamado de ayuda en tus grupos en l\u00ednea de confianza<\/h2>\n<p>Cuando te comuniques con personas de tus comunidades en l\u00ednea, aseg\u00farate de incluir una nota que:<\/p>\n<ul>\n<li><strong>Identifique el problema y d\u00f3nde se ubica.<\/strong> Por ejemplo: \u201cLas personas que siguen mi blog est\u00e1n recibiendo amenazas sexuales de troles en la secci\u00f3n de comentarios\u201d.<\/li>\n<li><strong>Indique claramente qu\u00e9 tipo de ayuda est\u00e1s buscando. <\/strong>Por ejemplo: \u201cCreo en mi trabajo y en su mensaje, pero necesito un descanso de estas amenazas. Si est\u00e1s interesada en prestar tu apoyo moderando por un turno, por favor env\u00edame un correo electr\u00f3nico y te agregar\u00e9 a mi lista de emergencia\u201d.<\/li>\n<\/ul>\n<p>Mant\u00e9n la nota lo m\u00e1s breve y directa posible, especialmente si la publicas en plataformas sociales donde las personas tienden a tener periodos de atenci\u00f3n cortos.<\/p>\n<h2>3. Moviliza a tu comunidad en l\u00ednea para responder a tipos espec\u00edficos de acoso con acciones estrat\u00e9gicas<\/h2>\n<p>Si bien las agresiones en internet se presentan en muchas formas y tama\u00f1os, tambi\u00e9n hay una variedad de formas en las que puedes reunir a tu red de apoyo en l\u00ednea para que respondan a \u00e9l. A continuaci\u00f3n, te compartimos varias ideas que PEN America ha obtenido de personas escritoras que enfrentan acoso en l\u00ednea.<\/p>\n<p>Recu\u00e9rdale a los integrantes de tu comunidad que si van a manifestar su respaldo en forma p\u00fablica, tomen medidas para proteger su privacidad y seguridad. Las personas que deciden demostrar su apoyo pueden convertirse en objeto de ataques tambi\u00e9n. Proponles formas espec\u00edficas de apoyo si es que no pueden solidarizarse contigo abiertamente.<\/p>\n<p><strong>Contrarrestar los mensajes de odio o difamatorios en redes sociales<\/strong><\/p>\n<ul>\n<li><strong>Re\u00fane a tu comunidad en l\u00ednea para publicar mensajes<\/strong> en la misma plataforma donde sucedi\u00f3 o est\u00e1 ocurriendo el ataque. An\u00edmales a que escriban mensajes que hagan contrapeso o condenen los mensajes de las personas acosadoras sin provocarlas directamente, lo que podr\u00eda generar m\u00e1s conflictos. El contradiscurso y las contranarrativas son herramientas poderosas para sofocar el odio en l\u00ednea. <a href=\"https:\/\/onlineharassmentfieldmanual.pen.org\/es\/practica-contradiscurso-forma-segura\/\">Obt\u00e9n m\u00e1s informaci\u00f3n aqu\u00ed<\/a>.<\/li>\n<li><strong>P\u00eddele a tu comunidad que publique sus mensajes usando los mismos <em>hashtags<\/em> <\/strong>empleados por las personas agresoras, para que puedan reapropiarse del mensaje original (a menos que el <em>hashtag<\/em> en s\u00ed mismo sea difamatorio u ofensivo, en cuyo caso conviene m\u00e1s bien deshacerse de \u00e9l por completo).<\/li>\n<li><strong>P\u00eddele a tu comunidad que etiquete tu nombre de usuario en los tuits o posts de respuesta<\/strong> si tu agresor lo est\u00e1 haciendo. Esto puede ayudar a contrarrestar el contenido relacionado con tu nombre de usuario en las b\u00fasquedas.<\/li>\n<li><strong>P\u00eddele a tu comunidad que informe del acoso a la plataforma <\/strong>y que etiqueten en posts o tuits a las cuentas regionales de la red donde los perpetradores del ataque est\u00e1n violando los t\u00e9rminos de uso. (Esto podr\u00eda ayudar a que personas en puestos claves de la empresa en tu pa\u00eds o regi\u00f3n sepan de la agresi\u00f3n y el contenido sea eliminado m\u00e1s r\u00e1pidamente). Cuando los mensajes poderosos provienen de una variedad de canales y voces, es m\u00e1s probable que sean escuchados.<\/li>\n<li><strong>Es m\u00e1s efectivo si los miembros de tu comunidad de apoyo difunden los mensajes en sus propias palabras,<\/strong> particularmente si has compartido con ellos una muestra de mensaje. Cuando una comunidad en l\u00ednea se une para condenar el odio de diversas maneras por parte de una variedad de usuarios, agrega legitimidad y autenticidad a una campa\u00f1a de contradiscurso en l\u00ednea y contrasta con las redes de bots y troles que intentan censurar el discurso en l\u00ednea.<\/li>\n<\/ul>\n<p><strong>Contrarrestar los comportamientos agresivos en las secciones de comentarios<\/strong><\/p>\n<ul>\n<li><strong>Convoca a tus seguidores para que te ayuden a establecer un tono civilizado<\/strong> en los comentarios inst\u00e1ndoles a publicar el suyo en tono cort\u00e9s y constructivo en el momento en que sea publicado tu art\u00edculo. Puedes comunicarte con tus seguidores con anticipaci\u00f3n, inform\u00e1ndoles cu\u00e1ndo y d\u00f3nde se har\u00e1 la publicaci\u00f3n.<\/li>\n<li><strong>Convoca a tus seguidores para que participen en los comentarios<\/strong> en los que est\u00e9s siendo objeto de ataques <em>ad hominem<\/em> o difamatorios. Exh\u00f3rtales a escribir mensajes que contradigan o condenen directamente los mensajes de los acosadores evitando provocar a los mismos acosadores.<\/li>\n<li><strong>Consigue un o una moderadora invitada.<\/strong> Si est\u00e1s en la posici\u00f3n de tener que moderar los comentarios que aparecen en relaci\u00f3n con los art\u00edculos que publicas, y te abruma el discurso de odio y\/o de amenazas, comun\u00edcate con tus grupos de apoyo virtual para ver si alguna persona se ofrece como voluntaria en las tareas de moderaci\u00f3n por un tiempo. Revisa que las normas comunitarias sean claras y que expliquen qu\u00e9 contenido es y cu\u00e1l no es bienvenido en la plataforma, para que tanto comentaristas como moderadores conozcan las reglas que rigen la conversaci\u00f3n.<strong style=\"letter-spacing: 0px;\">\u00a0<\/strong><\/li>\n<\/ul>\n<h2>4. Solicita ayuda antes de publicar<\/h2>\n<p>Cuando est\u00e9s a punto de publicar un art\u00edculo que sabes ser\u00e1 controvertido y\/o que puede recibir reacciones de acosadores, env\u00eda un mensaje a tu(s) grupo(s) de apoyo digital en el que les solicites participar en el <em>feed<\/em> de comentarios o en las redes sociales donde es probable que se d\u00e9 el ataque en l\u00ednea. Proporciona fecha, hora, plataforma, t\u00edtulo e hiperv\u00ednculo (si est\u00e1 disponible) con que se publicar\u00e1 el art\u00edculo, y avisa a tu comunidad en l\u00ednea qu\u00e9 tipo de apoyo necesitas. Por ejemplo: agregar comentarios constructivos en los comentarios, hacer una publicaci\u00f3n usando un <em>hashtag<\/em>, etc\u00e9tera.<\/p>\n<h2>5. Pregunta a tus comunidades de apoyo sus aportes e ideas<\/h2>\n<p>Re\u00fane ideas de tus comunidades de apoyo digital sobre la mejor manera de navegar un episodio de acoso en l\u00ednea. Empieza por describir la amenaza con tanto detalle como sea posible, sin que te haga sentir incomodidad. Luego pide a los miembros del grupo su opini\u00f3n. Uno de los objetivos de mantener una comunidad de apoyo en l\u00ednea es aprender de las experiencias de los dem\u00e1s y operar en solidaridad. Al compartir tus propias experiencias y pedir ayuda, est\u00e1s alentando a otras personas a hablar y buscar soluciones al ciberacoso.<\/p>\n<h2>6. Comprom\u00e9tete a dar tu apoyo a cambio<\/h2>\n<p>Lo que est\u00e1s pasando podr\u00eda pasarle en el futuro cercano a las mismas personas que ahora te respaldan. Aseg\u00farales que si llegan a enfrentar ataques en l\u00ednea, t\u00fa tambi\u00e9n intervendr\u00e1s para apoyarles, siempre que no sea traum\u00e1tico hacerlo. Es de esperar que nunca se llegue a esto, pero prometer tu respaldo a cambio puede generar un sentido de solidaridad y alianza que a menudo falta durante las situaciones de acoso.<\/p>\n<h2>7. Pasa tiempo con tus seres queridos en actividades fuera de internet que disfrutes<\/h2>\n<p>Una gran parte de nuestras vidas se desarrolla ahora en internet. Nuestros pasatiempos y conversaciones favoritas incluso pueden tener lugar en un foro en l\u00ednea. Pero no hay sustituto para el tiempo cara a cara con amistades, familiares y mascotas favoritas. Puede ser dif\u00edcil imaginar jugar al Monopoly cuando est\u00e1s en un estado de gran angustia, pero incluso elegir una actividad sencilla para hacer con una persona de confianza de tu comunidad, como ver una pel\u00edcula o hacer una caminata, puede contribuir mucho a aliviar tu ansiedad.<\/p>\n","protected":false},"excerpt":{"rendered":"<p>Cuando enfrentas acoso en l\u00ednea, solicitar la ayuda de comunidades virtuales puede marcar una gran diferencia. Aqu\u00ed te damos algunas ideas de c\u00f3mo hacerlo. [Para obtener m\u00e1s informaci\u00f3n sobre c\u00f3mo establecer comunidades de apoyo en l\u00ednea, consulta esta secci\u00f3n del manual.] 1. Identifica personas cercanas a ti en las que puedas confiar Si el acoso&hellip;<\/p>\n","protected":false},"author":10,"featured_media":0,"parent":0,"menu_order":0,"comment_status":"closed","ping_status":"closed","template":"","meta":{"footnotes":""},"categories":[],"tags":[271,272,264,273,239,231,240,241,244,274],"class_list":["post-2736","page","type-page","status-publish","hentry","tag-allies-es","tag-allyship-es","tag-cyber-communities-es","tag-families-es","tag-friends-es","tag-harassment-es","tag-loved-ones-es","tag-online-community-es","tag-support-group-es","tag-support-network-es","entry","no-media"],"yoast_head":"<!-- This site is optimized with the Yoast SEO plugin v27.2 - https:\/\/yoast.com\/product\/yoast-seo-wordpress\/ -->\n<title>Convocar a comunidades de apoyo en l\u00ednea\u00a0 - Manual contra el acoso en l\u00ednea<\/title>\n<meta name=\"description\" content=\"Durante los episodios de acoso en l\u00ednea, solicitar el apoyo de comunidades en l\u00ednea puede marcar una gran diferencia.\" \/>\n<meta name=\"robots\" content=\"index, follow, max-snippet:-1, max-image-preview:large, max-video-preview:-1\" \/>\n<link rel=\"canonical\" href=\"https:\/\/onlineharassmentfieldmanual.pen.org\/es\/convocar-comunidades-apoyo-en-linea\/\" \/>\n<meta property=\"og:locale\" content=\"es_ES\" \/>\n<meta property=\"og:type\" content=\"article\" \/>\n<meta property=\"og:title\" content=\"Convocar a comunidades de apoyo en l\u00ednea\u00a0 - Manual contra el acoso en l\u00ednea\" \/>\n<meta property=\"og:description\" content=\"Durante los episodios de acoso en l\u00ednea, solicitar el apoyo de comunidades en l\u00ednea puede marcar una gran diferencia.\" \/>\n<meta property=\"og:url\" content=\"https:\/\/onlineharassmentfieldmanual.pen.org\/es\/convocar-comunidades-apoyo-en-linea\/\" \/>\n<meta property=\"og:site_name\" content=\"Manual contra el acoso en l\u00ednea\" \/>\n<meta property=\"article:modified_time\" content=\"2021-06-22T12:01:36+00:00\" \/>\n<meta name=\"twitter:card\" content=\"summary_large_image\" \/>\n<meta name=\"twitter:label1\" content=\"Tiempo de lectura\" \/>\n\t<meta name=\"twitter:data1\" content=\"8 minutos\" \/>\n<script type=\"application\/ld+json\" class=\"yoast-schema-graph\">{\"@context\":\"https:\/\/schema.org\",\"@graph\":[{\"@type\":\"WebPage\",\"@id\":\"https:\/\/onlineharassmentfieldmanual.pen.org\/es\/convocar-comunidades-apoyo-en-linea\/\",\"url\":\"https:\/\/onlineharassmentfieldmanual.pen.org\/es\/convocar-comunidades-apoyo-en-linea\/\",\"name\":\"Convocar a comunidades de apoyo en l\u00ednea\u00a0 - Manual contra el acoso en l\u00ednea\",\"isPartOf\":{\"@id\":\"https:\/\/onlineharassmentfieldmanual.pen.org\/#website\"},\"datePublished\":\"2021-06-15T14:00:49+00:00\",\"dateModified\":\"2021-06-22T12:01:36+00:00\",\"description\":\"Durante los episodios de acoso en l\u00ednea, solicitar el apoyo de comunidades en l\u00ednea puede marcar una gran diferencia.\",\"breadcrumb\":{\"@id\":\"https:\/\/onlineharassmentfieldmanual.pen.org\/es\/convocar-comunidades-apoyo-en-linea\/#breadcrumb\"},\"inLanguage\":\"es\",\"potentialAction\":[{\"@type\":\"ReadAction\",\"target\":[\"https:\/\/onlineharassmentfieldmanual.pen.org\/es\/convocar-comunidades-apoyo-en-linea\/\"]}]},{\"@type\":\"BreadcrumbList\",\"@id\":\"https:\/\/onlineharassmentfieldmanual.pen.org\/es\/convocar-comunidades-apoyo-en-linea\/#breadcrumb\",\"itemListElement\":[{\"@type\":\"ListItem\",\"position\":1,\"name\":\"Inicio\",\"item\":\"https:\/\/onlineharassmentfieldmanual.pen.org\/es\/\"},{\"@type\":\"ListItem\",\"position\":2,\"name\":\"Convocar a comunidades de apoyo en l\u00ednea\u00a0\"}]},{\"@type\":\"WebSite\",\"@id\":\"https:\/\/onlineharassmentfieldmanual.pen.org\/#website\",\"url\":\"https:\/\/onlineharassmentfieldmanual.pen.org\/\",\"name\":\"Manual contra el acoso en l\u00ednea\",\"description\":\"PEN America\",\"publisher\":{\"@id\":\"https:\/\/onlineharassmentfieldmanual.pen.org\/#organization\"},\"potentialAction\":[{\"@type\":\"SearchAction\",\"target\":{\"@type\":\"EntryPoint\",\"urlTemplate\":\"https:\/\/onlineharassmentfieldmanual.pen.org\/?s={search_term_string}\"},\"query-input\":{\"@type\":\"PropertyValueSpecification\",\"valueRequired\":true,\"valueName\":\"search_term_string\"}}],\"inLanguage\":\"es\"},{\"@type\":\"Organization\",\"@id\":\"https:\/\/onlineharassmentfieldmanual.pen.org\/#organization\",\"name\":\"Manual contra el acoso en l\u00ednea\",\"url\":\"https:\/\/onlineharassmentfieldmanual.pen.org\/\",\"logo\":{\"@type\":\"ImageObject\",\"inLanguage\":\"es\",\"@id\":\"https:\/\/onlineharassmentfieldmanual.pen.org\/#\/schema\/logo\/image\/\",\"url\":\"https:\/\/onlineharassmentfieldmanual.pen.org\/wp-content\/uploads\/2018\/04\/pen-logo.png\",\"contentUrl\":\"https:\/\/onlineharassmentfieldmanual.pen.org\/wp-content\/uploads\/2018\/04\/pen-logo.png\",\"width\":552,\"height\":210,\"caption\":\"Manual contra el acoso en l\u00ednea\"},\"image\":{\"@id\":\"https:\/\/onlineharassmentfieldmanual.pen.org\/#\/schema\/logo\/image\/\"}}]}<\/script>\n<!-- \/ Yoast SEO plugin. -->","yoast_head_json":{"title":"Convocar a comunidades de apoyo en l\u00ednea\u00a0 - Manual contra el acoso en l\u00ednea","description":"Durante los episodios de acoso en l\u00ednea, solicitar el apoyo de comunidades en l\u00ednea puede marcar una gran diferencia.","robots":{"index":"index","follow":"follow","max-snippet":"max-snippet:-1","max-image-preview":"max-image-preview:large","max-video-preview":"max-video-preview:-1"},"canonical":"https:\/\/onlineharassmentfieldmanual.pen.org\/es\/convocar-comunidades-apoyo-en-linea\/","og_locale":"es_ES","og_type":"article","og_title":"Convocar a comunidades de apoyo en l\u00ednea\u00a0 - Manual contra el acoso en l\u00ednea","og_description":"Durante los episodios de acoso en l\u00ednea, solicitar el apoyo de comunidades en l\u00ednea puede marcar una gran diferencia.","og_url":"https:\/\/onlineharassmentfieldmanual.pen.org\/es\/convocar-comunidades-apoyo-en-linea\/","og_site_name":"Manual contra el acoso en l\u00ednea","article_modified_time":"2021-06-22T12:01:36+00:00","twitter_card":"summary_large_image","twitter_misc":{"Tiempo de lectura":"8 minutos"},"schema":{"@context":"https:\/\/schema.org","@graph":[{"@type":"WebPage","@id":"https:\/\/onlineharassmentfieldmanual.pen.org\/es\/convocar-comunidades-apoyo-en-linea\/","url":"https:\/\/onlineharassmentfieldmanual.pen.org\/es\/convocar-comunidades-apoyo-en-linea\/","name":"Convocar a comunidades de apoyo en l\u00ednea\u00a0 - Manual contra el acoso en l\u00ednea","isPartOf":{"@id":"https:\/\/onlineharassmentfieldmanual.pen.org\/#website"},"datePublished":"2021-06-15T14:00:49+00:00","dateModified":"2021-06-22T12:01:36+00:00","description":"Durante los episodios de acoso en l\u00ednea, solicitar el apoyo de comunidades en l\u00ednea puede marcar una gran diferencia.","breadcrumb":{"@id":"https:\/\/onlineharassmentfieldmanual.pen.org\/es\/convocar-comunidades-apoyo-en-linea\/#breadcrumb"},"inLanguage":"es","potentialAction":[{"@type":"ReadAction","target":["https:\/\/onlineharassmentfieldmanual.pen.org\/es\/convocar-comunidades-apoyo-en-linea\/"]}]},{"@type":"BreadcrumbList","@id":"https:\/\/onlineharassmentfieldmanual.pen.org\/es\/convocar-comunidades-apoyo-en-linea\/#breadcrumb","itemListElement":[{"@type":"ListItem","position":1,"name":"Inicio","item":"https:\/\/onlineharassmentfieldmanual.pen.org\/es\/"},{"@type":"ListItem","position":2,"name":"Convocar a comunidades de apoyo en l\u00ednea\u00a0"}]},{"@type":"WebSite","@id":"https:\/\/onlineharassmentfieldmanual.pen.org\/#website","url":"https:\/\/onlineharassmentfieldmanual.pen.org\/","name":"Manual contra el acoso en l\u00ednea","description":"PEN America","publisher":{"@id":"https:\/\/onlineharassmentfieldmanual.pen.org\/#organization"},"potentialAction":[{"@type":"SearchAction","target":{"@type":"EntryPoint","urlTemplate":"https:\/\/onlineharassmentfieldmanual.pen.org\/?s={search_term_string}"},"query-input":{"@type":"PropertyValueSpecification","valueRequired":true,"valueName":"search_term_string"}}],"inLanguage":"es"},{"@type":"Organization","@id":"https:\/\/onlineharassmentfieldmanual.pen.org\/#organization","name":"Manual contra el acoso en l\u00ednea","url":"https:\/\/onlineharassmentfieldmanual.pen.org\/","logo":{"@type":"ImageObject","inLanguage":"es","@id":"https:\/\/onlineharassmentfieldmanual.pen.org\/#\/schema\/logo\/image\/","url":"https:\/\/onlineharassmentfieldmanual.pen.org\/wp-content\/uploads\/2018\/04\/pen-logo.png","contentUrl":"https:\/\/onlineharassmentfieldmanual.pen.org\/wp-content\/uploads\/2018\/04\/pen-logo.png","width":552,"height":210,"caption":"Manual contra el acoso en l\u00ednea"},"image":{"@id":"https:\/\/onlineharassmentfieldmanual.pen.org\/#\/schema\/logo\/image\/"}}]}},"_links":{"self":[{"href":"https:\/\/onlineharassmentfieldmanual.pen.org\/es\/wp-json\/wp\/v2\/pages\/2736","targetHints":{"allow":["GET"]}}],"collection":[{"href":"https:\/\/onlineharassmentfieldmanual.pen.org\/es\/wp-json\/wp\/v2\/pages"}],"about":[{"href":"https:\/\/onlineharassmentfieldmanual.pen.org\/es\/wp-json\/wp\/v2\/types\/page"}],"author":[{"embeddable":true,"href":"https:\/\/onlineharassmentfieldmanual.pen.org\/es\/wp-json\/wp\/v2\/users\/10"}],"replies":[{"embeddable":true,"href":"https:\/\/onlineharassmentfieldmanual.pen.org\/es\/wp-json\/wp\/v2\/comments?post=2736"}],"version-history":[{"count":8,"href":"https:\/\/onlineharassmentfieldmanual.pen.org\/es\/wp-json\/wp\/v2\/pages\/2736\/revisions"}],"predecessor-version":[{"id":4985,"href":"https:\/\/onlineharassmentfieldmanual.pen.org\/es\/wp-json\/wp\/v2\/pages\/2736\/revisions\/4985"}],"wp:attachment":[{"href":"https:\/\/onlineharassmentfieldmanual.pen.org\/es\/wp-json\/wp\/v2\/media?parent=2736"}],"wp:term":[{"taxonomy":"category","embeddable":true,"href":"https:\/\/onlineharassmentfieldmanual.pen.org\/es\/wp-json\/wp\/v2\/categories?post=2736"},{"taxonomy":"post_tag","embeddable":true,"href":"https:\/\/onlineharassmentfieldmanual.pen.org\/es\/wp-json\/wp\/v2\/tags?post=2736"}],"curies":[{"name":"wp","href":"https:\/\/api.w.org\/{rel}","templated":true}]}}