{"id":2703,"date":"2021-06-15T14:04:19","date_gmt":"2021-06-15T14:04:19","guid":{"rendered":"https:\/\/onlineharassmentfieldmanual.pen.org\/establishing-supportive-cyber-communities\/"},"modified":"2023-06-21T18:45:18","modified_gmt":"2023-06-21T18:45:18","slug":"establecer-comunidades-apoyo-en-linea","status":"publish","type":"page","link":"https:\/\/onlineharassmentfieldmanual.pen.org\/es\/establecer-comunidades-apoyo-en-linea\/","title":{"rendered":"Establecer comunidades de apoyo en l\u00ednea"},"content":{"rendered":"<div class=\"wpb-content-wrapper\">[vc_row][vc_column][vc_column_text css=\u00bb.vc_custom_1523997235960{margin-bottom: 32px !important;}\u00bb]\n<p><span class=\"coral\">Es importante establecer comunidades en l\u00ednea que puedan respaldarte ante un ataque en l\u00ednea, especialmente en momentos en que suele haber mayor hostigamiento, como son los periodos electorales. Si tienes oportunidad de prepararte por si se presenta esta situaci\u00f3n, establece una comunidad virtual de apoyo integrada por amistades, colegas y personas aliadas que puedan acudir en tu ayuda, y a quienes podr\u00edas apoyar t\u00fa tambi\u00e9n en caso de que enfrenten episodios de ciberacoso.<\/span><\/p>\n<p>La siguiente informaci\u00f3n es espec\u00edficamente para la creaci\u00f3n de comunidades en l\u00ednea, que pueden contar con personas de otros c\u00edrculos de tu vida y ser un potencial grupo de soporte en el que podr\u00e1s confiar si la agresi\u00f3n en l\u00ednea se intensifica o se hace p\u00fablica.<\/p>\n<h2>1. Ubica a tu gente<\/h2>\n<p>Si eres una persona activa en redes sociales, es probable que ya participes en varias conversaciones, grupos de Facebook o foros dedicados a los temas y problemas que te interesan y sobre los que trabajas. Estos espacios en redes sociales son comunidades cruciales para aprovechar en caso de un ataque en l\u00ednea para ti o para llevar su apoyo a otras personas que padezcan acoso en l\u00ednea.<\/p>\n<p>Si no eres una persona muy activa en las redes sociales o en los foros, pero deseas encontrar una comunidad virtual de escritores o periodistas, por ejemplo, comienza con tus conexiones en el mundo f\u00edsico. Env\u00eda un mensaje de texto a tus amistades o un correo electr\u00f3nico a grupos de profesionales, editoriales o de ex estudiantes a los que pertenezcas y preg\u00fantales si participan en alguna comunidad en l\u00ednea a la cual puedas ingresar.<\/p>\n<p>Y si te encuentras en una circunstancia distinta a las anteriores\u2026 \u00a1inicia tu propio grupo! La vida de las personas escritoras y periodistas est\u00e1 llena de conexiones que vale la pena incorporar a los espacios en l\u00ednea. Algunas de las potenciales redes que podr\u00edas aprovechar son:<\/p>\n<ul>\n<li>Cualquier medio o editorial en el que alguna vez hayas publicado tu trabajo, dentro o fuera de internet.<\/li>\n<li>Personas que te admiran o que siguen tu trabajo.<\/li>\n<li>Personas editoras, correctoras de estilo e investigadoras con las que puedes haber colaborado en el pasado.<\/li>\n<li>Antiguos colegas con quienes te graduaste de una escuela de periodismo, un programa de redacci\u00f3n o un programa de maestr\u00eda.<\/li>\n<li>Ex participantes de un taller de escritura al que asististe.<\/li>\n<li>Asistentes a una conferencia reciente con quienes hiciste contacto personal.<\/li>\n<li>Cualquier grupo de identidad al que pertenezcas que comparta contigo un nexo religioso, \u00e9tnico, cultural, pol\u00edtico, f\u00edsico, sexual, ideol\u00f3gico u otra caracter\u00edstica de identificaci\u00f3n importante para ti.<\/li>\n<\/ul>\n<h2>2. Publica una nota en el grupo sobre la agresi\u00f3n en l\u00ednea<\/h2>\n<p>Es importante que las comunidades en l\u00ednea hablen y reconozcan las implicaciones del acoso en l\u00ednea <em>antes<\/em> de que \u00e9ste se d\u00e9. Si conf\u00edas en que determinado grupo en l\u00ednea \u2013o al menos varias personas clave que lo integran\u2013 te respaldar\u00e1n la pr\u00f3xima vez que seas agredida en l\u00ednea, no temas publicar un mensaje que contenga la siguiente informaci\u00f3n:<\/p>\n<ul>\n<li>Un reconocimiento expl\u00edcito de que el acoso en l\u00ednea existe y es incre\u00edblemente problem\u00e1tico para el di\u00e1logo productivo en <em>cualquier <\/em>foro en internet.<\/li>\n<li>Una breve an\u00e9cdota sobre c\u00f3mo el hostigamiento en l\u00ednea te ha afectado personalmente, para ayudar a personalizar y crear una narrativa alrededor del problema (s\u00f3lo si te sientes c\u00f3moda compartiendo esta informaci\u00f3n). Considera que mencionar el tema en forma p\u00fablica podr\u00eda traer respuestas distintas, incluso m\u00e1s acoso.<\/li>\n<li>Un llamado a la acci\u00f3n para el grupo. Esto podr\u00eda ser una invitaci\u00f3n a los integrantes de la comunidad a comprometerse a mantenerla como un espacio libre de acoso. O puedes publicar una solicitud m\u00e1s espec\u00edfica, pidi\u00e9ndoles que se comprometan a apoyar a cualquier persona del grupo que solicite ayuda o intervenci\u00f3n durante un embate en l\u00ednea. Puedes aprovechar este momento para recordar que su comunidad es un espacio seguro, y que se espera que se respete la confidencialidad de lo que se comparte adentro de ella.<\/li>\n<\/ul>\n<p>Una solicitud para recopilar informaci\u00f3n de contacto directo. Este paso es m\u00e1s delicado, ya que muchas personas tendr\u00e1n buenas razones para no querer entregar su informaci\u00f3n de contacto personal. Pero insiste en compartir la informaci\u00f3n de contacto al menos con quienes tienes relaciones de confianza, ya que puede facilitar su intervenci\u00f3n durante un episodio de acoso en l\u00ednea.<\/p>\n[\/vc_column_text][vc_cta h2=\u00bbConsejo para mujeres escritoras o periodistas:\u00bb shape=\u00bbsquare\u00bb css=\u00bb.vc_custom_1523997264637{background-color: #e4e4e4 !important;}\u00bb]El <a href=\"https:\/\/es.unesco.org\/news\/journaliststoo-73-mujeres-periodistas-que-participaron-encuesta-unescoicfj-experimento\" target=\"_blank\" rel=\"noopener noreferrer\">73% de las mujeres periodistas encuestadas por la UNESCO\/ICFJ<\/a> en 2020 enfrent\u00f3 violencia en l\u00ednea durante la realizaci\u00f3n de su trabajo e identific\u00f3 como perpetradores a desconocidos, servidores p\u00fablicos e incluso colegas de los mismos medios de comunicaci\u00f3n. \u00bfEres una escritora que busca apoyo fuera de sus comunidades en l\u00ednea habituales? Aqu\u00ed hay algunos lugares para comenzar.<\/p>\n<ul>\n<li>Coalition for Women in Journalism ofrece apoyo a trav\u00e9s de un <a href=\"https:\/\/www.womeninjournalism.org\/globalmentors\" target=\"_blank\" rel=\"noopener noreferrer\">programa de mentor\u00edas<\/a> [en ingl\u00e9s].<\/li>\n<li>Los <a href=\"https:\/\/www.somoselmedio.com\/con-el-hashtag-metooperiodistasmexicanos-mujeres-denuncian-acoso-en-medios-de-comunicacion\/\" target=\"_blank\" rel=\"noopener noreferrer\"><em>hashtags<\/em><\/a> pueden ser sorprendentemente efectivos para iniciar o encontrar comunidades de apoyo en l\u00ednea.<\/li>\n<li>Chicas Poderosas es una comunidad global de mujeres en medios de comunicaci\u00f3n con cap\u00edtulos en 17 pa\u00edses. Puedes seguirlas en <a href=\"https:\/\/twitter.com\/poderosaschicas\" target=\"_blank\" rel=\"noopener noreferrer\">Twitter<\/a>, <a href=\"https:\/\/www.instagram.com\/poderosaschicas\/?hl=es-la\" target=\"_blank\" rel=\"noopener noreferrer\">Instagram<\/a>, <a href=\"https:\/\/www.facebook.com\/chicaspoderosas.org\/\" target=\"_blank\" rel=\"noopener noreferrer\">Facebook<\/a>, <a href=\"https:\/\/medium.com\/chicas-poderosas\" target=\"_blank\" rel=\"noopener noreferrer\">Medium<\/a> y suscribirte a su <a href=\"https:\/\/chicaspoderosas.us14.list-manage.com\/subscribe?u=1382ff9819c2292b5293b1a04&amp;id=2ffedea432\" target=\"_blank\" rel=\"noopener noreferrer\">newsletter mensual<\/a> para enterarte de sus pr\u00f3ximos eventos.<\/li>\n<li><a href=\"https:\/\/www.mexico.frontlinefreelance.org\/formato-de-solicitud\/\" target=\"_blank\" rel=\"noopener noreferrer\">Frontline Freelance M\u00e9xico (FFM)<\/a> es una comunidad que recibe solicitudes de mujeres y hombres escritores, fot\u00f3grafos, videastas, sonidistas, documentalistas, caricaturistas, entre otras personas trabajadoras de medios de comunicaci\u00f3n en M\u00e9xico. [\/vc_cta][vc_column_text css=\u00bb.vc_custom_1523997302033{margin-bottom: 32px !important;}\u00bb]<\/li>\n<\/ul>\n<h2>3. Crea un espacio separado donde las personas de tu comunidad puedan ser contactadas f\u00e1cilmente en tiempos de crisis<\/h2>\n<p>Esto podr\u00eda ser un grupo privado de Facebook, una lista de correos, un grupo de Signal, Telegram o Whatsapp. En algunos casos, es posible que desees redactar una nota con anticipaci\u00f3n para compartir cuando se publique un texto tuyo y\/o comiencen las agresiones.<\/p>\n<p>Ejemplo de una nota de crisis: \u201cSOS. Hoy se publica un art\u00edculo acerca de las \u00faltimas acciones del presidente. La \u00faltima vez que publiqu\u00e9 sobre este tema recib\u00ed mucho odio en Twitter (hubo tuits donde expusieron mi domicilio y me enviaron una serie de insultos machistas). \u00bfPodr\u00edan acceder a la secci\u00f3n de comentarios del art\u00edculo y a la cuenta del medio en Twitter a las 12 pm y escribir algo positivo para ayudar a establecer el tono respetuoso de los comentarios? Si decides apoyarme p\u00fablicamente, toma unos minutos para revisar antes la seguridad y privacidad en tu cuenta. Recuerda tambi\u00e9n que no tienes que estar de acuerdo con lo que escribo, sino con un debate de buen nivel. \u00a1Cualquier cosa escrita en un tono respetuoso ayudar\u00e1! Gracias\u00bb.<\/p>\n[\/vc_column_text][vc_cta h2=\u00bbConsejo para periodistas:\u00bb shape=\u00bbsquare\u00bb css=\u00bb.vc_custom_1523996677612{background-color: #e4e4e4 !important;}\u00bb]Si sabes que el tema que est\u00e1s cubriendo es controvertido o propenso a recibir lenguaje agresivo en los comentarios, comun\u00edcate con tus colegas y p\u00eddeles que te apoyen haciendo un comentario tan pronto como se publique el texto. Investigaciones han demostrado que si los comentarios iniciales en un hilo de conversaci\u00f3n son corteses y educados, es m\u00e1s probable que las publicaciones subsiguientes retomen el tono de esos primeros comentarios. Quienes cubren temas controvertidos pueden considerar organizarse con periodistas de otros medios o agencias de noticias que trabajen en los mismos temas. Cuando comiencen las agresiones, pueden acudir a esta comunidad para participar en la conversaci\u00f3n en l\u00ednea.[\/vc_cta][vc_column_text]\n<h2>4. Retribuye a tu comunidad en l\u00ednea<\/h2>\n<p>En tiempos m\u00e1s tranquilos, cuando no est\u00e9s agotada por la situaci\u00f3n propia de acoso en l\u00ednea, aseg\u00farate de ofrecer tu respaldo y ser aliada de colegas u otras personas escritoras que sean blanco de ataques en l\u00ednea. El que las comunidades en internet se unan contra el comportamiento t\u00f3xico en l\u00ednea, constituye un esfuerzo importante para contrarrestar a grupos y personas que perpet\u00faan el odio en l\u00ednea.<\/p>\n<p>Si eres periodista o publicas en espacios virtuales, te recomendamos revisar <a href=\"https:\/\/simplementemj.com\/grupos-de-facebook-para-escritores\/\" target=\"_blank\" rel=\"noopener noreferrer\">este art\u00edculo<\/a> donde encontrar\u00e1s varias opciones de grupos de Facebook para ampliar tu red de contactos y las comunidades en l\u00ednea donde participas.<\/p>\n<p>Para obtener m\u00e1s informaci\u00f3n sobre c\u00f3mo activar tus comunidades de apoyo en l\u00ednea durante episodios de ciberacoso, <a href=\"https:\/\/onlineharassmentfieldmanual.pen.org\/es\/convocar-comunidades-apoyo-en-linea\/\">consulta la secci\u00f3n Convocar a comunidades de apoyo en l\u00ednea.<\/a><\/p>\n<h3><span style=\"color: #616161; font-size: 16px; letter-spacing: 0px;\">[\/vc_column_text][\/vc_column][\/vc_row] <\/span><\/h3>\n<\/div>","protected":false},"excerpt":{"rendered":"<p>[vc_row][vc_column][vc_column_text css=\u00bb.vc_custom_1523997235960{margin-bottom: 32px !important;}\u00bb] Es importante establecer comunidades en l\u00ednea que puedan respaldarte ante un ataque en l\u00ednea, especialmente en momentos en que suele haber mayor hostigamiento, como son los periodos electorales. Si tienes oportunidad de prepararte por si se presenta esta situaci\u00f3n, establece una comunidad virtual de apoyo integrada por amistades, colegas y personas&hellip;<\/p>\n","protected":false},"author":10,"featured_media":0,"parent":0,"menu_order":0,"comment_status":"closed","ping_status":"closed","template":"","meta":{"footnotes":""},"categories":[],"tags":[236,237,238,239,240,241,242,243,244],"class_list":["post-2703","page","type-page","status-publish","hentry","tag-ally-es","tag-cyber-community-es","tag-family-es","tag-friends-es","tag-loved-ones-es","tag-online-community-es","tag-peer-support-es","tag-support-community-es","tag-support-group-es","entry","no-media"],"yoast_head":"<!-- This site is optimized with the Yoast SEO plugin v27.2 - https:\/\/yoast.com\/product\/yoast-seo-wordpress\/ -->\n<title>Establecer comunidades de apoyo en l\u00ednea - Manual contra el acoso en l\u00ednea<\/title>\n<meta name=\"description\" content=\"Establece comunidades de apoyo en l\u00ednea a quienes puedas acudir durante episodios de acoso en l\u00ednea.\" \/>\n<meta name=\"robots\" content=\"index, follow, max-snippet:-1, max-image-preview:large, max-video-preview:-1\" \/>\n<link rel=\"canonical\" href=\"https:\/\/onlineharassmentfieldmanual.pen.org\/es\/establecer-comunidades-apoyo-en-linea\/\" \/>\n<meta property=\"og:locale\" content=\"es_ES\" \/>\n<meta property=\"og:type\" content=\"article\" \/>\n<meta property=\"og:title\" content=\"Establecer comunidades de apoyo en l\u00ednea - Manual contra el acoso en l\u00ednea\" \/>\n<meta property=\"og:description\" content=\"Establece comunidades de apoyo en l\u00ednea a quienes puedas acudir durante episodios de acoso en l\u00ednea.\" \/>\n<meta property=\"og:url\" content=\"https:\/\/onlineharassmentfieldmanual.pen.org\/es\/establecer-comunidades-apoyo-en-linea\/\" \/>\n<meta property=\"og:site_name\" content=\"Manual contra el acoso en l\u00ednea\" \/>\n<meta property=\"article:modified_time\" content=\"2023-06-21T18:45:18+00:00\" \/>\n<meta name=\"twitter:card\" content=\"summary_large_image\" \/>\n<meta name=\"twitter:label1\" content=\"Tiempo de lectura\" \/>\n\t<meta name=\"twitter:data1\" content=\"6 minutos\" \/>\n<script type=\"application\/ld+json\" class=\"yoast-schema-graph\">{\"@context\":\"https:\/\/schema.org\",\"@graph\":[{\"@type\":\"WebPage\",\"@id\":\"https:\/\/onlineharassmentfieldmanual.pen.org\/es\/establecer-comunidades-apoyo-en-linea\/\",\"url\":\"https:\/\/onlineharassmentfieldmanual.pen.org\/es\/establecer-comunidades-apoyo-en-linea\/\",\"name\":\"Establecer comunidades de apoyo en l\u00ednea - Manual contra el acoso en l\u00ednea\",\"isPartOf\":{\"@id\":\"https:\/\/onlineharassmentfieldmanual.pen.org\/#website\"},\"datePublished\":\"2021-06-15T14:04:19+00:00\",\"dateModified\":\"2023-06-21T18:45:18+00:00\",\"description\":\"Establece comunidades de apoyo en l\u00ednea a quienes puedas acudir durante episodios de acoso en l\u00ednea.\",\"breadcrumb\":{\"@id\":\"https:\/\/onlineharassmentfieldmanual.pen.org\/es\/establecer-comunidades-apoyo-en-linea\/#breadcrumb\"},\"inLanguage\":\"es\",\"potentialAction\":[{\"@type\":\"ReadAction\",\"target\":[\"https:\/\/onlineharassmentfieldmanual.pen.org\/es\/establecer-comunidades-apoyo-en-linea\/\"]}]},{\"@type\":\"BreadcrumbList\",\"@id\":\"https:\/\/onlineharassmentfieldmanual.pen.org\/es\/establecer-comunidades-apoyo-en-linea\/#breadcrumb\",\"itemListElement\":[{\"@type\":\"ListItem\",\"position\":1,\"name\":\"Inicio\",\"item\":\"https:\/\/onlineharassmentfieldmanual.pen.org\/es\/\"},{\"@type\":\"ListItem\",\"position\":2,\"name\":\"Establecer comunidades de apoyo en l\u00ednea\"}]},{\"@type\":\"WebSite\",\"@id\":\"https:\/\/onlineharassmentfieldmanual.pen.org\/#website\",\"url\":\"https:\/\/onlineharassmentfieldmanual.pen.org\/\",\"name\":\"Manual contra el acoso en l\u00ednea\",\"description\":\"PEN America\",\"publisher\":{\"@id\":\"https:\/\/onlineharassmentfieldmanual.pen.org\/#organization\"},\"potentialAction\":[{\"@type\":\"SearchAction\",\"target\":{\"@type\":\"EntryPoint\",\"urlTemplate\":\"https:\/\/onlineharassmentfieldmanual.pen.org\/?s={search_term_string}\"},\"query-input\":{\"@type\":\"PropertyValueSpecification\",\"valueRequired\":true,\"valueName\":\"search_term_string\"}}],\"inLanguage\":\"es\"},{\"@type\":\"Organization\",\"@id\":\"https:\/\/onlineharassmentfieldmanual.pen.org\/#organization\",\"name\":\"Manual contra el acoso en l\u00ednea\",\"url\":\"https:\/\/onlineharassmentfieldmanual.pen.org\/\",\"logo\":{\"@type\":\"ImageObject\",\"inLanguage\":\"es\",\"@id\":\"https:\/\/onlineharassmentfieldmanual.pen.org\/#\/schema\/logo\/image\/\",\"url\":\"https:\/\/onlineharassmentfieldmanual.pen.org\/wp-content\/uploads\/2018\/04\/pen-logo.png\",\"contentUrl\":\"https:\/\/onlineharassmentfieldmanual.pen.org\/wp-content\/uploads\/2018\/04\/pen-logo.png\",\"width\":552,\"height\":210,\"caption\":\"Manual contra el acoso en l\u00ednea\"},\"image\":{\"@id\":\"https:\/\/onlineharassmentfieldmanual.pen.org\/#\/schema\/logo\/image\/\"}}]}<\/script>\n<!-- \/ Yoast SEO plugin. -->","yoast_head_json":{"title":"Establecer comunidades de apoyo en l\u00ednea - Manual contra el acoso en l\u00ednea","description":"Establece comunidades de apoyo en l\u00ednea a quienes puedas acudir durante episodios de acoso en l\u00ednea.","robots":{"index":"index","follow":"follow","max-snippet":"max-snippet:-1","max-image-preview":"max-image-preview:large","max-video-preview":"max-video-preview:-1"},"canonical":"https:\/\/onlineharassmentfieldmanual.pen.org\/es\/establecer-comunidades-apoyo-en-linea\/","og_locale":"es_ES","og_type":"article","og_title":"Establecer comunidades de apoyo en l\u00ednea - Manual contra el acoso en l\u00ednea","og_description":"Establece comunidades de apoyo en l\u00ednea a quienes puedas acudir durante episodios de acoso en l\u00ednea.","og_url":"https:\/\/onlineharassmentfieldmanual.pen.org\/es\/establecer-comunidades-apoyo-en-linea\/","og_site_name":"Manual contra el acoso en l\u00ednea","article_modified_time":"2023-06-21T18:45:18+00:00","twitter_card":"summary_large_image","twitter_misc":{"Tiempo de lectura":"6 minutos"},"schema":{"@context":"https:\/\/schema.org","@graph":[{"@type":"WebPage","@id":"https:\/\/onlineharassmentfieldmanual.pen.org\/es\/establecer-comunidades-apoyo-en-linea\/","url":"https:\/\/onlineharassmentfieldmanual.pen.org\/es\/establecer-comunidades-apoyo-en-linea\/","name":"Establecer comunidades de apoyo en l\u00ednea - Manual contra el acoso en l\u00ednea","isPartOf":{"@id":"https:\/\/onlineharassmentfieldmanual.pen.org\/#website"},"datePublished":"2021-06-15T14:04:19+00:00","dateModified":"2023-06-21T18:45:18+00:00","description":"Establece comunidades de apoyo en l\u00ednea a quienes puedas acudir durante episodios de acoso en l\u00ednea.","breadcrumb":{"@id":"https:\/\/onlineharassmentfieldmanual.pen.org\/es\/establecer-comunidades-apoyo-en-linea\/#breadcrumb"},"inLanguage":"es","potentialAction":[{"@type":"ReadAction","target":["https:\/\/onlineharassmentfieldmanual.pen.org\/es\/establecer-comunidades-apoyo-en-linea\/"]}]},{"@type":"BreadcrumbList","@id":"https:\/\/onlineharassmentfieldmanual.pen.org\/es\/establecer-comunidades-apoyo-en-linea\/#breadcrumb","itemListElement":[{"@type":"ListItem","position":1,"name":"Inicio","item":"https:\/\/onlineharassmentfieldmanual.pen.org\/es\/"},{"@type":"ListItem","position":2,"name":"Establecer comunidades de apoyo en l\u00ednea"}]},{"@type":"WebSite","@id":"https:\/\/onlineharassmentfieldmanual.pen.org\/#website","url":"https:\/\/onlineharassmentfieldmanual.pen.org\/","name":"Manual contra el acoso en l\u00ednea","description":"PEN America","publisher":{"@id":"https:\/\/onlineharassmentfieldmanual.pen.org\/#organization"},"potentialAction":[{"@type":"SearchAction","target":{"@type":"EntryPoint","urlTemplate":"https:\/\/onlineharassmentfieldmanual.pen.org\/?s={search_term_string}"},"query-input":{"@type":"PropertyValueSpecification","valueRequired":true,"valueName":"search_term_string"}}],"inLanguage":"es"},{"@type":"Organization","@id":"https:\/\/onlineharassmentfieldmanual.pen.org\/#organization","name":"Manual contra el acoso en l\u00ednea","url":"https:\/\/onlineharassmentfieldmanual.pen.org\/","logo":{"@type":"ImageObject","inLanguage":"es","@id":"https:\/\/onlineharassmentfieldmanual.pen.org\/#\/schema\/logo\/image\/","url":"https:\/\/onlineharassmentfieldmanual.pen.org\/wp-content\/uploads\/2018\/04\/pen-logo.png","contentUrl":"https:\/\/onlineharassmentfieldmanual.pen.org\/wp-content\/uploads\/2018\/04\/pen-logo.png","width":552,"height":210,"caption":"Manual contra el acoso en l\u00ednea"},"image":{"@id":"https:\/\/onlineharassmentfieldmanual.pen.org\/#\/schema\/logo\/image\/"}}]}},"_links":{"self":[{"href":"https:\/\/onlineharassmentfieldmanual.pen.org\/es\/wp-json\/wp\/v2\/pages\/2703","targetHints":{"allow":["GET"]}}],"collection":[{"href":"https:\/\/onlineharassmentfieldmanual.pen.org\/es\/wp-json\/wp\/v2\/pages"}],"about":[{"href":"https:\/\/onlineharassmentfieldmanual.pen.org\/es\/wp-json\/wp\/v2\/types\/page"}],"author":[{"embeddable":true,"href":"https:\/\/onlineharassmentfieldmanual.pen.org\/es\/wp-json\/wp\/v2\/users\/10"}],"replies":[{"embeddable":true,"href":"https:\/\/onlineharassmentfieldmanual.pen.org\/es\/wp-json\/wp\/v2\/comments?post=2703"}],"version-history":[{"count":13,"href":"https:\/\/onlineharassmentfieldmanual.pen.org\/es\/wp-json\/wp\/v2\/pages\/2703\/revisions"}],"predecessor-version":[{"id":4677,"href":"https:\/\/onlineharassmentfieldmanual.pen.org\/es\/wp-json\/wp\/v2\/pages\/2703\/revisions\/4677"}],"wp:attachment":[{"href":"https:\/\/onlineharassmentfieldmanual.pen.org\/es\/wp-json\/wp\/v2\/media?parent=2703"}],"wp:term":[{"taxonomy":"category","embeddable":true,"href":"https:\/\/onlineharassmentfieldmanual.pen.org\/es\/wp-json\/wp\/v2\/categories?post=2703"},{"taxonomy":"post_tag","embeddable":true,"href":"https:\/\/onlineharassmentfieldmanual.pen.org\/es\/wp-json\/wp\/v2\/tags?post=2703"}],"curies":[{"name":"wp","href":"https:\/\/api.w.org\/{rel}","templated":true}]}}