{"id":2662,"date":"2021-06-15T15:08:13","date_gmt":"2021-06-15T15:08:13","guid":{"rendered":"https:\/\/onlineharassmentfieldmanual.pen.org\/advice-from-a-psychologist\/"},"modified":"2021-06-22T19:40:22","modified_gmt":"2021-06-22T19:40:22","slug":"consejos-psicologa","status":"publish","type":"page","link":"https:\/\/onlineharassmentfieldmanual.pen.org\/es\/consejos-psicologa\/","title":{"rendered":"Consejos de una psic\u00f3loga"},"content":{"rendered":"<p><span class=\"coral\">La psic\u00f3loga y neurocient\u00edfica Lisa Feldman Barret enfrent\u00f3 un episodio de acoso en internet luego de publicar una columna de opini\u00f3n en un popular medio noticioso estadounidense. Sorprendida por la brutalidad del ataque y las consecuencias que tuvo para ella y su familia, Barrett hizo lo que toda buena psic\u00f3loga har\u00eda: se concentr\u00f3 en entender y aliviar su ansiedad examinando su propia mente, tras la avalancha de angustia que padeci\u00f3.<\/span><\/p>\n<p>El libro de Feldman Barret, <a href=\"https:\/\/www.amazon.com.mx\/vida-secreta-del-cerebro-construyen-ebook\/dp\/B079KBGT3X\" target=\"_blank\" rel=\"noopener noreferrer\"><em>La vida secreta del cerebro: C\u00f3mo se construyen las emociones<\/em><\/a>, se enfoca en entender c\u00f3mo el cuerpo y el cerebro crean emociones y eventos para aliviar la ansiedad, la depresi\u00f3n y otras consecuencias del estr\u00e9s luego de un episodio de acoso en l\u00ednea. Esta b\u00fasqueda de conocimiento, combinada con otras medidas para fortalecer las defensas del cuerpo contra padecimientos f\u00edsicos y mentales, puede hacer que enfrentes el acoso con mayor determinaci\u00f3n.<\/p>\n<p>Lo que sigue es una lista de consejos adaptados a partir de una entrevista que PEN America le hizo a Feldman Barret.<\/p>\n<h2>1. Entiende qu\u00e9 est\u00e1 sucediendo a tu cuerpo<\/h2>\n<p>Las palabras son poderosas y pueden tener un impacto inmediato en tu cuerpo. Esto puede ocurrirle a cualquiera y no es una se\u00f1al de debilidad. Los sistemas del cerebro que permiten que entiendas palabras y su significado regulan al mismo tiempo otros sistemas que inciden en tu ritmo cardiaco, actividad respiratoria, respuesta inmunol\u00f3gica, metabolismo, etc\u00e9tera. Es por ello que el acoso en internet puede provocar una reacci\u00f3n psicol\u00f3gica poderosa.<\/p>\n<p>Apat\u00eda, fatiga, dolores de cabeza, dificultades para respirar, n\u00e1useas, dolores de est\u00f3mago y una sensaci\u00f3n de agon\u00eda f\u00edsica que es dif\u00edcil de describir pero que puede aparecer cada vez que se recuerda la agresi\u00f3n, son la posible consecuencia de un episodio de acoso en l\u00ednea. Quiz\u00e1s est\u00e1s reviviendo el acoso en tu mente de manera constante, como si fuera un di\u00e1logo invasivo y molesto del que no puedes escapar. Tal vez llegues a pensar que de alg\u00fan modo t\u00fa causaste el ataque, aunque una parte de ti sabe que este tipo de razonamientos no son l\u00f3gicos. Un recordatorio: nada de esto es tu culpa.<\/p>\n<p>Es importante entender que eso que experimentas \u2013furia, miedo, verg\u00fcenza\u2026\u2013 son sentimientos simples generados a partir de sensaciones y constituyen una r\u00e1pida s\u00edntesis de lo que est\u00e1 sucediendo dentro de tu cuerpo. No son siempre inc\u00f3modas, pueden ser hasta placenteras.<\/p>\n<p>Tu cerebro usa tres ingredientes para crear emociones: las sensaciones\u00a0 que generan en tu cuerpo esos sentimientos simples; tu contexto y lo que te rodea; lo que sabes sobre emociones. Si aprendes a cambiar los ingredientes que tu cerebro usa para crear emociones puedes tener un mayor control sobre ellas, y evitar que ellas te controlen a ti.<\/p>\n<h2>2. Duerme bien<\/h2>\n<p>Para una buena salud f\u00edsica y mental es fundamental tener suficientes horas de sue\u00f1o. Una buena noche de sue\u00f1o contribuye a que el cerebro mantenga el sistema nervioso balanceado. Dormir poco provoca malestar f\u00edsico y angustia, lo que deriva en que regresen a tu memoria recuerdos estresantes. Recibir suficiente luz del sol durante el d\u00eda, hacer ejercicio y comer adecuadamente son otras actividades que contribuyen a un sistema nervioso en armon\u00eda. Si tienes dificultad para dormir, habla con especialistas. Enfermar durante un episodio de acoso en l\u00ednea es lo que menos necesitas.<\/p>\n<h2>3. Prueba cambiar de contexto<\/h2>\n<p>Las situaciones cotidianas pueden provocar que ciertos pensamientos regresen a tu mente. Una manera f\u00e1cil de cambiar tus pensamientos es cambiar de entorno. Puedes hacerlo de forma literal, saliendo a caminar o a correr [desde PEN America te sugerimos que, si no te sientes c\u00f3moda en espacios p\u00fablicos abiertos, veas la posibilidad de pasar unos d\u00edas con personas cercanas a ti en su espacio]. Pero tambi\u00e9n puedes hacerlo en casa, tomando conciencia de los detalles que te rodean. Por ejemplo, intenta poner atenci\u00f3n a las nubes en el cielo, al color de una flor, a las hierbas silvestres que se asoman por la grieta de un muro. Busca aquello que te despierte asombro, curiosidad, eso le dar\u00e1 a tu cuerpo un descanso de los factores estresantes del d\u00eda.<\/p>\n<h2>4. Consigue apoyo comunitario<\/h2>\n<p>Los humanos somos una especie social, nos ayudamos mutuamente a regular nuestros sistemas nerviosos. Un abrazo o una palabra amable de parte de una persona querida puede darle a tu cuerpo un muy necesario impulso. Pasar tiempo con miembros de tu comunidad no evitar\u00e1 todos los sentimientos negativos, pero ser\u00e1 \u00fatil para aminorar la ansiedad y el riesgo de una enfermedad f\u00edsica. Habla con otras personas que hayan experimentado acoso en internet; puede ser que, gracias a su experiencia, encuentres consuelo.<\/p>\n<h2>5. Enriquece tu \u201cvocabulario emocional\u201d<\/h2>\n<p>Mientras m\u00e1s minuciosa seas al describir tu experiencia emocional a ra\u00edz de un episodio de acoso en l\u00ednea, estar\u00e1s mejor. Un vocabulario m\u00e1s amplio te proporciona m\u00e1s herramientas para lidiar con eventos estresantes: el lenguaje puede ser una fuente de resiliencia. Ponerle nombre a tus emociones te servir\u00e1 para articular las formas de violencia o acoso con que te puedes topar.<\/p>\n<h2>6. Descansa de tus dispositivos electr\u00f3nicos<\/h2>\n<p>Haz una pausa: no uses tu celular o tu computadora antes de dormir.<strong>\u00a0<\/strong>La frecuencia de la luz emitida por los dispositivos electr\u00f3nicos promueve un estado de alerta y desvelo, lo que interfiere con el ritmo circadiano natural del cuerpo. Aseg\u00farate de mantener lejos los dispositivos al menos una hora antes de dormir, s\u00f3lo as\u00ed lograr\u00e1s descansar bien.<\/p>\n<h2>7. Un d\u00eda a la vez<\/h2>\n<p>Podr\u00eda llegar a ser imposible que ejerzas control total o parcial sobre tus emociones. Si es el caso, no pelees contra ti. Acepta lo que sientes sin prejuicios y recuerda tomarlo un d\u00eda a la vez.<\/p>\n","protected":false},"excerpt":{"rendered":"<p>La psic\u00f3loga y neurocient\u00edfica Lisa Feldman Barret enfrent\u00f3 un episodio de acoso en internet luego de publicar una columna de opini\u00f3n en un popular medio noticioso estadounidense. Sorprendida por la brutalidad del ataque y las consecuencias que tuvo para ella y su familia, Barrett hizo lo que toda buena psic\u00f3loga har\u00eda: se concentr\u00f3 en entender&hellip;<\/p>\n","protected":false},"author":10,"featured_media":0,"parent":0,"menu_order":0,"comment_status":"closed","ping_status":"closed","template":"","meta":{"footnotes":""},"categories":[],"tags":[202,223,224,234,235,225,226],"class_list":["post-2662","page","type-page","status-publish","hentry","tag-advice-es","tag-help-es","tag-mental-health-es","tag-professional-es","tag-psychologist-es","tag-resources-es","tag-self-care-es","entry","no-media"],"yoast_head":"<!-- This site is optimized with the Yoast SEO plugin v27.2 - https:\/\/yoast.com\/product\/yoast-seo-wordpress\/ -->\n<title>Consejos de una psic\u00f3loga - Manual contra el acoso en l\u00ednea<\/title>\n<meta name=\"description\" content=\"Esta es una lista de los consejos para lidiar con las consecuencias del acoso adaptados a partir de una entrevista que PEN America le hizo a la psic\u00f3loga Feldman Barret.\" \/>\n<meta name=\"robots\" content=\"index, follow, max-snippet:-1, max-image-preview:large, max-video-preview:-1\" \/>\n<link rel=\"canonical\" href=\"https:\/\/onlineharassmentfieldmanual.pen.org\/es\/consejos-psicologa\/\" \/>\n<meta property=\"og:locale\" content=\"es_ES\" \/>\n<meta property=\"og:type\" content=\"article\" \/>\n<meta property=\"og:title\" content=\"Consejos de una psic\u00f3loga - Manual contra el acoso en l\u00ednea\" \/>\n<meta property=\"og:description\" content=\"Esta es una lista de los consejos para lidiar con las consecuencias del acoso adaptados a partir de una entrevista que PEN America le hizo a la psic\u00f3loga Feldman Barret.\" \/>\n<meta property=\"og:url\" content=\"https:\/\/onlineharassmentfieldmanual.pen.org\/es\/consejos-psicologa\/\" \/>\n<meta property=\"og:site_name\" content=\"Manual contra el acoso en l\u00ednea\" \/>\n<meta property=\"article:modified_time\" content=\"2021-06-22T19:40:22+00:00\" \/>\n<meta name=\"twitter:card\" content=\"summary_large_image\" \/>\n<meta name=\"twitter:label1\" content=\"Tiempo de lectura\" \/>\n\t<meta name=\"twitter:data1\" content=\"5 minutos\" \/>\n<script type=\"application\/ld+json\" class=\"yoast-schema-graph\">{\"@context\":\"https:\/\/schema.org\",\"@graph\":[{\"@type\":\"WebPage\",\"@id\":\"https:\/\/onlineharassmentfieldmanual.pen.org\/es\/consejos-psicologa\/\",\"url\":\"https:\/\/onlineharassmentfieldmanual.pen.org\/es\/consejos-psicologa\/\",\"name\":\"Consejos de una psic\u00f3loga - Manual contra el acoso en l\u00ednea\",\"isPartOf\":{\"@id\":\"https:\/\/onlineharassmentfieldmanual.pen.org\/#website\"},\"datePublished\":\"2021-06-15T15:08:13+00:00\",\"dateModified\":\"2021-06-22T19:40:22+00:00\",\"description\":\"Esta es una lista de los consejos para lidiar con las consecuencias del acoso adaptados a partir de una entrevista que PEN America le hizo a la psic\u00f3loga Feldman Barret.\",\"breadcrumb\":{\"@id\":\"https:\/\/onlineharassmentfieldmanual.pen.org\/es\/consejos-psicologa\/#breadcrumb\"},\"inLanguage\":\"es\",\"potentialAction\":[{\"@type\":\"ReadAction\",\"target\":[\"https:\/\/onlineharassmentfieldmanual.pen.org\/es\/consejos-psicologa\/\"]}]},{\"@type\":\"BreadcrumbList\",\"@id\":\"https:\/\/onlineharassmentfieldmanual.pen.org\/es\/consejos-psicologa\/#breadcrumb\",\"itemListElement\":[{\"@type\":\"ListItem\",\"position\":1,\"name\":\"Inicio\",\"item\":\"https:\/\/onlineharassmentfieldmanual.pen.org\/es\/\"},{\"@type\":\"ListItem\",\"position\":2,\"name\":\"Consejos de una psic\u00f3loga\"}]},{\"@type\":\"WebSite\",\"@id\":\"https:\/\/onlineharassmentfieldmanual.pen.org\/#website\",\"url\":\"https:\/\/onlineharassmentfieldmanual.pen.org\/\",\"name\":\"Manual contra el acoso en l\u00ednea\",\"description\":\"PEN America\",\"publisher\":{\"@id\":\"https:\/\/onlineharassmentfieldmanual.pen.org\/#organization\"},\"potentialAction\":[{\"@type\":\"SearchAction\",\"target\":{\"@type\":\"EntryPoint\",\"urlTemplate\":\"https:\/\/onlineharassmentfieldmanual.pen.org\/?s={search_term_string}\"},\"query-input\":{\"@type\":\"PropertyValueSpecification\",\"valueRequired\":true,\"valueName\":\"search_term_string\"}}],\"inLanguage\":\"es\"},{\"@type\":\"Organization\",\"@id\":\"https:\/\/onlineharassmentfieldmanual.pen.org\/#organization\",\"name\":\"Manual contra el acoso en l\u00ednea\",\"url\":\"https:\/\/onlineharassmentfieldmanual.pen.org\/\",\"logo\":{\"@type\":\"ImageObject\",\"inLanguage\":\"es\",\"@id\":\"https:\/\/onlineharassmentfieldmanual.pen.org\/#\/schema\/logo\/image\/\",\"url\":\"https:\/\/onlineharassmentfieldmanual.pen.org\/wp-content\/uploads\/2018\/04\/pen-logo.png\",\"contentUrl\":\"https:\/\/onlineharassmentfieldmanual.pen.org\/wp-content\/uploads\/2018\/04\/pen-logo.png\",\"width\":552,\"height\":210,\"caption\":\"Manual contra el acoso en l\u00ednea\"},\"image\":{\"@id\":\"https:\/\/onlineharassmentfieldmanual.pen.org\/#\/schema\/logo\/image\/\"}}]}<\/script>\n<!-- \/ Yoast SEO plugin. -->","yoast_head_json":{"title":"Consejos de una psic\u00f3loga - Manual contra el acoso en l\u00ednea","description":"Esta es una lista de los consejos para lidiar con las consecuencias del acoso adaptados a partir de una entrevista que PEN America le hizo a la psic\u00f3loga Feldman Barret.","robots":{"index":"index","follow":"follow","max-snippet":"max-snippet:-1","max-image-preview":"max-image-preview:large","max-video-preview":"max-video-preview:-1"},"canonical":"https:\/\/onlineharassmentfieldmanual.pen.org\/es\/consejos-psicologa\/","og_locale":"es_ES","og_type":"article","og_title":"Consejos de una psic\u00f3loga - Manual contra el acoso en l\u00ednea","og_description":"Esta es una lista de los consejos para lidiar con las consecuencias del acoso adaptados a partir de una entrevista que PEN America le hizo a la psic\u00f3loga Feldman Barret.","og_url":"https:\/\/onlineharassmentfieldmanual.pen.org\/es\/consejos-psicologa\/","og_site_name":"Manual contra el acoso en l\u00ednea","article_modified_time":"2021-06-22T19:40:22+00:00","twitter_card":"summary_large_image","twitter_misc":{"Tiempo de lectura":"5 minutos"},"schema":{"@context":"https:\/\/schema.org","@graph":[{"@type":"WebPage","@id":"https:\/\/onlineharassmentfieldmanual.pen.org\/es\/consejos-psicologa\/","url":"https:\/\/onlineharassmentfieldmanual.pen.org\/es\/consejos-psicologa\/","name":"Consejos de una psic\u00f3loga - Manual contra el acoso en l\u00ednea","isPartOf":{"@id":"https:\/\/onlineharassmentfieldmanual.pen.org\/#website"},"datePublished":"2021-06-15T15:08:13+00:00","dateModified":"2021-06-22T19:40:22+00:00","description":"Esta es una lista de los consejos para lidiar con las consecuencias del acoso adaptados a partir de una entrevista que PEN America le hizo a la psic\u00f3loga Feldman Barret.","breadcrumb":{"@id":"https:\/\/onlineharassmentfieldmanual.pen.org\/es\/consejos-psicologa\/#breadcrumb"},"inLanguage":"es","potentialAction":[{"@type":"ReadAction","target":["https:\/\/onlineharassmentfieldmanual.pen.org\/es\/consejos-psicologa\/"]}]},{"@type":"BreadcrumbList","@id":"https:\/\/onlineharassmentfieldmanual.pen.org\/es\/consejos-psicologa\/#breadcrumb","itemListElement":[{"@type":"ListItem","position":1,"name":"Inicio","item":"https:\/\/onlineharassmentfieldmanual.pen.org\/es\/"},{"@type":"ListItem","position":2,"name":"Consejos de una psic\u00f3loga"}]},{"@type":"WebSite","@id":"https:\/\/onlineharassmentfieldmanual.pen.org\/#website","url":"https:\/\/onlineharassmentfieldmanual.pen.org\/","name":"Manual contra el acoso en l\u00ednea","description":"PEN America","publisher":{"@id":"https:\/\/onlineharassmentfieldmanual.pen.org\/#organization"},"potentialAction":[{"@type":"SearchAction","target":{"@type":"EntryPoint","urlTemplate":"https:\/\/onlineharassmentfieldmanual.pen.org\/?s={search_term_string}"},"query-input":{"@type":"PropertyValueSpecification","valueRequired":true,"valueName":"search_term_string"}}],"inLanguage":"es"},{"@type":"Organization","@id":"https:\/\/onlineharassmentfieldmanual.pen.org\/#organization","name":"Manual contra el acoso en l\u00ednea","url":"https:\/\/onlineharassmentfieldmanual.pen.org\/","logo":{"@type":"ImageObject","inLanguage":"es","@id":"https:\/\/onlineharassmentfieldmanual.pen.org\/#\/schema\/logo\/image\/","url":"https:\/\/onlineharassmentfieldmanual.pen.org\/wp-content\/uploads\/2018\/04\/pen-logo.png","contentUrl":"https:\/\/onlineharassmentfieldmanual.pen.org\/wp-content\/uploads\/2018\/04\/pen-logo.png","width":552,"height":210,"caption":"Manual contra el acoso en l\u00ednea"},"image":{"@id":"https:\/\/onlineharassmentfieldmanual.pen.org\/#\/schema\/logo\/image\/"}}]}},"_links":{"self":[{"href":"https:\/\/onlineharassmentfieldmanual.pen.org\/es\/wp-json\/wp\/v2\/pages\/2662","targetHints":{"allow":["GET"]}}],"collection":[{"href":"https:\/\/onlineharassmentfieldmanual.pen.org\/es\/wp-json\/wp\/v2\/pages"}],"about":[{"href":"https:\/\/onlineharassmentfieldmanual.pen.org\/es\/wp-json\/wp\/v2\/types\/page"}],"author":[{"embeddable":true,"href":"https:\/\/onlineharassmentfieldmanual.pen.org\/es\/wp-json\/wp\/v2\/users\/10"}],"replies":[{"embeddable":true,"href":"https:\/\/onlineharassmentfieldmanual.pen.org\/es\/wp-json\/wp\/v2\/comments?post=2662"}],"version-history":[{"count":5,"href":"https:\/\/onlineharassmentfieldmanual.pen.org\/es\/wp-json\/wp\/v2\/pages\/2662\/revisions"}],"predecessor-version":[{"id":4988,"href":"https:\/\/onlineharassmentfieldmanual.pen.org\/es\/wp-json\/wp\/v2\/pages\/2662\/revisions\/4988"}],"wp:attachment":[{"href":"https:\/\/onlineharassmentfieldmanual.pen.org\/es\/wp-json\/wp\/v2\/media?parent=2662"}],"wp:term":[{"taxonomy":"category","embeddable":true,"href":"https:\/\/onlineharassmentfieldmanual.pen.org\/es\/wp-json\/wp\/v2\/categories?post=2662"},{"taxonomy":"post_tag","embeddable":true,"href":"https:\/\/onlineharassmentfieldmanual.pen.org\/es\/wp-json\/wp\/v2\/tags?post=2662"}],"curies":[{"name":"wp","href":"https:\/\/api.w.org\/{rel}","templated":true}]}}