{"id":2642,"date":"2021-06-15T14:56:40","date_gmt":"2021-06-15T14:56:40","guid":{"rendered":"https:\/\/onlineharassmentfieldmanual.pen.org\/self-care-2\/"},"modified":"2021-09-14T13:55:28","modified_gmt":"2021-09-14T13:55:28","slug":"procurar-autocuidado","status":"publish","type":"page","link":"https:\/\/onlineharassmentfieldmanual.pen.org\/es\/procurar-autocuidado\/","title":{"rendered":"C\u00f3mo procurar el autocuidado"},"content":{"rendered":"<p><span class=\"coral\">Es fundamental que <a href=\"https:\/\/onlineharassmentfieldmanual.pen.org\/es\/cuidado-salud-mental-servicios-de-atencion\/\">cuides de ti misma como persona<\/a>, para que sigas expres\u00e1ndote libremente en internet.\u00a0<\/span><\/p>\n<p>El autocuidado es, seg\u00fan la definici\u00f3n de colectivas como <a href=\"https:\/\/luchadoras.mx\/toolkit-de-cuidados-digitales\/\" target=\"_blank\" rel=\"noopener noreferrer\">Luchadoras<\/a>: el conjunto de \u201cacciones que podemos tomar de manera consciente para crear condiciones que nos permitan vivir con gozo y libertad. En el contexto de la libertad de expresi\u00f3n, son cuidados personales que le permiten a periodistas, escritores y activistas estar mejor f\u00edsica y emocionalmente\u201d.<\/p>\n<p>El mundo <em>online<\/em> y el mundo<em> offline <\/em>no est\u00e1n desconectados. Para que las personas se sientan seguras, deben tomar en cuenta los dos \u00e1mbitos, ya que las pr\u00e1cticas discriminatorias, sexistas o violentas se reproducen por igual dentro y fuera de la red, y pueden causar un fuerte desgaste emocional. Una quinta parte (20%) de las mujeres periodistas entrevistadas por la UNESCO para una <a href=\"https:\/\/en.unesco.org\/sites\/default\/files\/the-chilling_chapter2.pdf\" target=\"_blank\" rel=\"noopener noreferrer\"><span class=\"s1\">encuesta mundial sobre el acoso en l\u00ednea<\/span><\/a> informaron haber enfrentado acoso y ataques en el mundo f\u00edsico que, seg\u00fan creen, fueron provocados por violencia en internet. Seg\u00fan la UNESCO, \u201cCada vez hay m\u00e1s pruebas de que la violencia en l\u00ednea contra las mujeres periodistas se traslada fuera de l\u00ednea con un impacto significativo\u201d.<\/p>\n<p>Por ello, resulta esencial que las personas se cuiden a s\u00ed mismas antes, durante y despu\u00e9s de un episodio de acoso en l\u00ednea. Como mencionan especialistas de <a href=\"https:\/\/socialtic.org\/blog\/5-consejos-contra-el-acoso-en-linea\/\" target=\"_blank\" rel=\"noopener noreferrer\">Social TIC<\/a>, nunca olvides que:<\/p>\n<ol>\n<li>Si te acosan en internet no es tu culpa, no hiciste nada malo.<\/li>\n<li>No por ser ciberacoso es menos da\u00f1ino o menos grave; es violencia y tiene efectos reales en tu vida emocional y f\u00edsica.<\/li>\n<li>La mayor parte de las mujeres que viven acoso en l\u00ednea dejan de usar la tecnolog\u00eda. Seg\u00fan <a style=\"letter-spacing: 0px;\" href=\"https:\/\/www.iwmf.org\/wp-content\/uploads\/2018\/09\/Attacks-and-Harassment.pdf\" target=\"_blank\" rel=\"noopener noreferrer\"><span class=\"s1\">un estudio publicado en 2018 por la organizaci\u00f3n International Women&#8217;s Media Foundation (IWMF)<\/span><\/a>, un tercio de las mujeres periodistas consideran dejar la profesi\u00f3n debido al acoso en l\u00ednea. Adem\u00e1s, existe una brecha de digital de g\u00e9nero, ya que las mujeres enfrentan mayores barreras para acceder y usar internet, <a style=\"letter-spacing: 0px;\" href=\"https:\/\/webfoundation.org\/docs\/2020\/10\/Executive-Summary-Spanish.pdf\" target=\"_blank\" rel=\"noopener noreferrer\"><span class=\"s1\">de acuerdo con la World Wide Web Foundation. <\/span><\/a>Eso es exactamente lo que buscan los acosadores. Pase lo que pase, recuerda que ese espacio tambi\u00e9n es tuyo.<\/li>\n<\/ol>\n<p>Te recomendamos ver este video: <a href=\"https:\/\/www.youtube.com\/watch?list=PLeEzCJHXClX3B015QNTHJNtOzoP0_dYzr&amp;v=fH5tsWEi4co&amp;feature=emb_logo\" target=\"_blank\" rel=\"noopener noreferrer\">5 claves para evitar el acoso online.<\/a><\/p>\n<p>Si conservas la intenci\u00f3n de continuar generando textos y publicando, te vendr\u00e1 bien echar un vistazo a estas<strong> recomendaciones de la psic\u00f3loga Lisa Feldman Barret<\/strong>:<\/p>\n<ul>\n<li><strong>Lee y escribe.<\/strong> Para quienes escriben y hacen periodismo, esto parece una obviedad, pero leer y escribir contenidos distintos a los g\u00e9neros que consumes o produces a diario, puede aliviar el estr\u00e9s.<\/li>\n<\/ul>\n<ul>\n<li><strong>Lleva un diario.<\/strong> Convierte el recuento de tu vivencia en internet en un camino para procesar el trauma y distanciarte de lo negativo de esa experiencia.<\/li>\n<\/ul>\n<ul>\n<li><strong>Apaga tu tel\u00e9fono en las noches. <\/strong>Silencia tu celular, \u00e9chalo abajo de la cama, pon un temporizador y ponte a hacer otra cosa por un buen rato. Antes de acostarte deshabilita las notificaciones por completo para que puedas dormir sin interrupciones.<\/li>\n<\/ul>\n<ul>\n<li><strong>Trata bien a tu cuerpo.<\/strong> Los masajes y la acupuntura ayudan a reducir el estr\u00e9s relacionado con las emociones.<\/li>\n<\/ul>\n<ul>\n<li><strong>Cuida tu nutrici\u00f3n. <\/strong>Comer bien significa tener suficiente energ\u00eda para lidiar con una situaci\u00f3n tensa, como es un episodio de acoso. Conc\u00e9ntrate en alimentos sanos, que te gusten y te mantengan hidratada. Prep\u00e1rate algo especial, reconfortante. \u00bfQu\u00e9 tal una bebida caliente? T\u00e9 de hierbas, chocolate, ponche.<\/li>\n<\/ul>\n<ul>\n<li><strong>No dejes tus pr\u00e1cticas espirituales, si las tienes. <\/strong>Podr\u00edas hallar equilibrio o refugio dentro de una comunidad de personas que piensan igual.<\/li>\n<\/ul>\n<ul>\n<li><strong>Escucha m\u00fasica.<\/strong> La m\u00fasica modifica el estado de \u00e1nimo y ayuda a conectar con el resto del universo.<\/li>\n<\/ul>\n<ul>\n<li><strong>Convive con un ni\u00f1o o una ni\u00f1a que amas, o con una mascota.<\/strong> Sus vidas son menos complicadas, el tiempo compartido con ellos constituye un respiro que te aparta de lo destructivo que est\u00e1s enfrentando en tu vida.<\/li>\n<\/ul>\n<ul>\n<li><strong>Toma el sol.<\/strong> La exposici\u00f3n a los rayos del sol est\u00e1 vinculada a un buen descanso por la noche.\u00a0Intenta hacer caminatas en el campo, acercarte a la naturaleza.<\/li>\n<\/ul>\n<ul>\n<li><strong>Mu\u00e9vete.<\/strong> Bailar,\u00a0 hacer\u00a0 yoga,\u00a0 mover\u00a0 el\u00a0 cuerpo\u00a0 viene\u00a0 muy\u00a0 bien si pasas mucho tiempo trabajando desde casa o en una redacci\u00f3n.\u00a0Hay <a href=\"https:\/\/calala.org\/wp-content\/uploads\/2020\/03\/autocuidado-en-tiempos-de-pandemia.pdf\" target=\"_blank\" rel=\"noopener noreferrer\">ejercicios espec\u00edficos<\/a> para conectar\u00a0 con\u00a0 tu\u00a0 cuerpo,\u00a0 calmar\u00a0 la\u00a0 mente\u00a0 y\u00a0 dar lugar\u00a0 a\u00a0 tus\u00a0 sensaciones\u00a0 f\u00edsicas.\u00a0 A veces, algo tan simple como limpiar una rec\u00e1mara o hacer tu cama puede aliviar el estr\u00e9s.<\/li>\n<\/ul>\n<ul>\n<li><strong>Respira a conciencia.<\/strong> Respirar profundamente desacelera los latidos del coraz\u00f3n y estabiliza la presi\u00f3n arterial. <a href=\"https:\/\/www.elconfidencial.com\/alma-corazon-vida\/2015-02-03\/la-tecnica-4-7-8-que-te-ayuda-a-conciliar-el-sueno-en-tan-solo-un-minuto_653983\/\" target=\"_blank\" rel=\"noopener noreferrer\">Aqu\u00ed<\/a> puedes ver una lista de ejercicios de respiraci\u00f3n.<\/li>\n<\/ul>\n<ul>\n<li><strong>Medita<\/strong>. La meditaci\u00f3n se ha practicado durante miles de a\u00f1os y por una buena raz\u00f3n: induce un estado de profunda relajaci\u00f3n, alivia el estr\u00e9s y la ansiedad. Para comenzar, prueba uno de estos cursos de meditaci\u00f3n gratuitos:<\/li>\n<\/ul>\n<ul>\n<li style=\"list-style-type: none;\">\n<ul>\n<li><a href=\"https:\/\/activital.es\/recursos-psicologicos\/meditacion-guiada\/\" target=\"_blank\" rel=\"noopener noreferrer\">Activital<\/a><\/li>\n<li><a href=\"https:\/\/www.calm.com\/\" target=\"_blank\" rel=\"noopener noreferrer\">Calm\u00a0<\/a><\/li>\n<li><a href=\"https:\/\/www.headspace.com\/es\" target=\"_blank\" rel=\"noopener noreferrer\">Headspace\u2122<\/a><\/li>\n<\/ul>\n<\/li>\n<\/ul>\n<p>Aqu\u00ed, m\u00e1s sobre <a href=\"https:\/\/www.takebackthetech.net\/es\/be-safe\/cuidados-personales-sobrellevar-y-sanar\" target=\"_blank\" rel=\"noopener noreferrer\">cuidados personales: sobrellevar y sanar<\/a>.<\/p>\n<p>O consulta esta <a href=\"https:\/\/calala.org\/wp-content\/uploads\/2020\/03\/autocuidado-en-tiempos-de-pandemia.pdf\" target=\"_blank\" rel=\"noopener noreferrer\">Gu\u00eda de autocuidado f\u00edsico, emocional y digital en tiempos de pandemia<\/a>.<\/p>\n","protected":false},"excerpt":{"rendered":"<p>Es fundamental que cuides de ti misma como persona, para que sigas expres\u00e1ndote libremente en internet.\u00a0 El autocuidado es, seg\u00fan la definici\u00f3n de colectivas como Luchadoras: el conjunto de \u201cacciones que podemos tomar de manera consciente para crear condiciones que nos permitan vivir con gozo y libertad. En el contexto de la libertad de expresi\u00f3n,&hellip;<\/p>\n","protected":false},"author":10,"featured_media":0,"parent":0,"menu_order":0,"comment_status":"closed","ping_status":"closed","template":"","meta":{"footnotes":""},"categories":[],"tags":[206,223,224,225,226],"class_list":["post-2642","page","type-page","status-publish","hentry","tag-guidelines-es","tag-help-es","tag-mental-health-es","tag-resources-es","tag-self-care-es","entry","no-media"],"yoast_head":"<!-- This site is optimized with the Yoast SEO plugin v27.2 - https:\/\/yoast.com\/product\/yoast-seo-wordpress\/ -->\n<title>C\u00f3mo procurar el autocuidado - Manual contra el acoso en l\u00ednea<\/title>\n<meta name=\"description\" content=\"Cuidar de ti misma como persona, tanto emocional como f\u00edsicamente, es sumamente importante para permitir que sigas expres\u00e1ndote libremente en internet.\" \/>\n<meta name=\"robots\" content=\"index, follow, max-snippet:-1, max-image-preview:large, max-video-preview:-1\" \/>\n<link rel=\"canonical\" href=\"https:\/\/onlineharassmentfieldmanual.pen.org\/es\/procurar-autocuidado\/\" \/>\n<meta property=\"og:locale\" content=\"es_ES\" \/>\n<meta property=\"og:type\" content=\"article\" \/>\n<meta property=\"og:title\" content=\"C\u00f3mo procurar el autocuidado - Manual contra el acoso en l\u00ednea\" \/>\n<meta property=\"og:description\" content=\"Cuidar de ti misma como persona, tanto emocional como f\u00edsicamente, es sumamente importante para permitir que sigas expres\u00e1ndote libremente en internet.\" \/>\n<meta property=\"og:url\" content=\"https:\/\/onlineharassmentfieldmanual.pen.org\/es\/procurar-autocuidado\/\" \/>\n<meta property=\"og:site_name\" content=\"Manual contra el acoso en l\u00ednea\" \/>\n<meta property=\"article:modified_time\" content=\"2021-09-14T13:55:28+00:00\" \/>\n<meta name=\"twitter:card\" content=\"summary_large_image\" \/>\n<meta name=\"twitter:label1\" content=\"Tiempo de lectura\" \/>\n\t<meta name=\"twitter:data1\" content=\"4 minutos\" \/>\n<script type=\"application\/ld+json\" class=\"yoast-schema-graph\">{\"@context\":\"https:\/\/schema.org\",\"@graph\":[{\"@type\":\"WebPage\",\"@id\":\"https:\/\/onlineharassmentfieldmanual.pen.org\/es\/procurar-autocuidado\/\",\"url\":\"https:\/\/onlineharassmentfieldmanual.pen.org\/es\/procurar-autocuidado\/\",\"name\":\"C\u00f3mo procurar el autocuidado - Manual contra el acoso en l\u00ednea\",\"isPartOf\":{\"@id\":\"https:\/\/onlineharassmentfieldmanual.pen.org\/#website\"},\"datePublished\":\"2021-06-15T14:56:40+00:00\",\"dateModified\":\"2021-09-14T13:55:28+00:00\",\"description\":\"Cuidar de ti misma como persona, tanto emocional como f\u00edsicamente, es sumamente importante para permitir que sigas expres\u00e1ndote libremente en internet.\",\"breadcrumb\":{\"@id\":\"https:\/\/onlineharassmentfieldmanual.pen.org\/es\/procurar-autocuidado\/#breadcrumb\"},\"inLanguage\":\"es\",\"potentialAction\":[{\"@type\":\"ReadAction\",\"target\":[\"https:\/\/onlineharassmentfieldmanual.pen.org\/es\/procurar-autocuidado\/\"]}]},{\"@type\":\"BreadcrumbList\",\"@id\":\"https:\/\/onlineharassmentfieldmanual.pen.org\/es\/procurar-autocuidado\/#breadcrumb\",\"itemListElement\":[{\"@type\":\"ListItem\",\"position\":1,\"name\":\"Inicio\",\"item\":\"https:\/\/onlineharassmentfieldmanual.pen.org\/es\/\"},{\"@type\":\"ListItem\",\"position\":2,\"name\":\"C\u00f3mo procurar el autocuidado\"}]},{\"@type\":\"WebSite\",\"@id\":\"https:\/\/onlineharassmentfieldmanual.pen.org\/#website\",\"url\":\"https:\/\/onlineharassmentfieldmanual.pen.org\/\",\"name\":\"Manual contra el acoso en l\u00ednea\",\"description\":\"PEN America\",\"publisher\":{\"@id\":\"https:\/\/onlineharassmentfieldmanual.pen.org\/#organization\"},\"potentialAction\":[{\"@type\":\"SearchAction\",\"target\":{\"@type\":\"EntryPoint\",\"urlTemplate\":\"https:\/\/onlineharassmentfieldmanual.pen.org\/?s={search_term_string}\"},\"query-input\":{\"@type\":\"PropertyValueSpecification\",\"valueRequired\":true,\"valueName\":\"search_term_string\"}}],\"inLanguage\":\"es\"},{\"@type\":\"Organization\",\"@id\":\"https:\/\/onlineharassmentfieldmanual.pen.org\/#organization\",\"name\":\"Manual contra el acoso en l\u00ednea\",\"url\":\"https:\/\/onlineharassmentfieldmanual.pen.org\/\",\"logo\":{\"@type\":\"ImageObject\",\"inLanguage\":\"es\",\"@id\":\"https:\/\/onlineharassmentfieldmanual.pen.org\/#\/schema\/logo\/image\/\",\"url\":\"https:\/\/onlineharassmentfieldmanual.pen.org\/wp-content\/uploads\/2018\/04\/pen-logo.png\",\"contentUrl\":\"https:\/\/onlineharassmentfieldmanual.pen.org\/wp-content\/uploads\/2018\/04\/pen-logo.png\",\"width\":552,\"height\":210,\"caption\":\"Manual contra el acoso en l\u00ednea\"},\"image\":{\"@id\":\"https:\/\/onlineharassmentfieldmanual.pen.org\/#\/schema\/logo\/image\/\"}}]}<\/script>\n<!-- \/ Yoast SEO plugin. -->","yoast_head_json":{"title":"C\u00f3mo procurar el autocuidado - Manual contra el acoso en l\u00ednea","description":"Cuidar de ti misma como persona, tanto emocional como f\u00edsicamente, es sumamente importante para permitir que sigas expres\u00e1ndote libremente en internet.","robots":{"index":"index","follow":"follow","max-snippet":"max-snippet:-1","max-image-preview":"max-image-preview:large","max-video-preview":"max-video-preview:-1"},"canonical":"https:\/\/onlineharassmentfieldmanual.pen.org\/es\/procurar-autocuidado\/","og_locale":"es_ES","og_type":"article","og_title":"C\u00f3mo procurar el autocuidado - Manual contra el acoso en l\u00ednea","og_description":"Cuidar de ti misma como persona, tanto emocional como f\u00edsicamente, es sumamente importante para permitir que sigas expres\u00e1ndote libremente en internet.","og_url":"https:\/\/onlineharassmentfieldmanual.pen.org\/es\/procurar-autocuidado\/","og_site_name":"Manual contra el acoso en l\u00ednea","article_modified_time":"2021-09-14T13:55:28+00:00","twitter_card":"summary_large_image","twitter_misc":{"Tiempo de lectura":"4 minutos"},"schema":{"@context":"https:\/\/schema.org","@graph":[{"@type":"WebPage","@id":"https:\/\/onlineharassmentfieldmanual.pen.org\/es\/procurar-autocuidado\/","url":"https:\/\/onlineharassmentfieldmanual.pen.org\/es\/procurar-autocuidado\/","name":"C\u00f3mo procurar el autocuidado - Manual contra el acoso en l\u00ednea","isPartOf":{"@id":"https:\/\/onlineharassmentfieldmanual.pen.org\/#website"},"datePublished":"2021-06-15T14:56:40+00:00","dateModified":"2021-09-14T13:55:28+00:00","description":"Cuidar de ti misma como persona, tanto emocional como f\u00edsicamente, es sumamente importante para permitir que sigas expres\u00e1ndote libremente en internet.","breadcrumb":{"@id":"https:\/\/onlineharassmentfieldmanual.pen.org\/es\/procurar-autocuidado\/#breadcrumb"},"inLanguage":"es","potentialAction":[{"@type":"ReadAction","target":["https:\/\/onlineharassmentfieldmanual.pen.org\/es\/procurar-autocuidado\/"]}]},{"@type":"BreadcrumbList","@id":"https:\/\/onlineharassmentfieldmanual.pen.org\/es\/procurar-autocuidado\/#breadcrumb","itemListElement":[{"@type":"ListItem","position":1,"name":"Inicio","item":"https:\/\/onlineharassmentfieldmanual.pen.org\/es\/"},{"@type":"ListItem","position":2,"name":"C\u00f3mo procurar el autocuidado"}]},{"@type":"WebSite","@id":"https:\/\/onlineharassmentfieldmanual.pen.org\/#website","url":"https:\/\/onlineharassmentfieldmanual.pen.org\/","name":"Manual contra el acoso en l\u00ednea","description":"PEN America","publisher":{"@id":"https:\/\/onlineharassmentfieldmanual.pen.org\/#organization"},"potentialAction":[{"@type":"SearchAction","target":{"@type":"EntryPoint","urlTemplate":"https:\/\/onlineharassmentfieldmanual.pen.org\/?s={search_term_string}"},"query-input":{"@type":"PropertyValueSpecification","valueRequired":true,"valueName":"search_term_string"}}],"inLanguage":"es"},{"@type":"Organization","@id":"https:\/\/onlineharassmentfieldmanual.pen.org\/#organization","name":"Manual contra el acoso en l\u00ednea","url":"https:\/\/onlineharassmentfieldmanual.pen.org\/","logo":{"@type":"ImageObject","inLanguage":"es","@id":"https:\/\/onlineharassmentfieldmanual.pen.org\/#\/schema\/logo\/image\/","url":"https:\/\/onlineharassmentfieldmanual.pen.org\/wp-content\/uploads\/2018\/04\/pen-logo.png","contentUrl":"https:\/\/onlineharassmentfieldmanual.pen.org\/wp-content\/uploads\/2018\/04\/pen-logo.png","width":552,"height":210,"caption":"Manual contra el acoso en l\u00ednea"},"image":{"@id":"https:\/\/onlineharassmentfieldmanual.pen.org\/#\/schema\/logo\/image\/"}}]}},"_links":{"self":[{"href":"https:\/\/onlineharassmentfieldmanual.pen.org\/es\/wp-json\/wp\/v2\/pages\/2642","targetHints":{"allow":["GET"]}}],"collection":[{"href":"https:\/\/onlineharassmentfieldmanual.pen.org\/es\/wp-json\/wp\/v2\/pages"}],"about":[{"href":"https:\/\/onlineharassmentfieldmanual.pen.org\/es\/wp-json\/wp\/v2\/types\/page"}],"author":[{"embeddable":true,"href":"https:\/\/onlineharassmentfieldmanual.pen.org\/es\/wp-json\/wp\/v2\/users\/10"}],"replies":[{"embeddable":true,"href":"https:\/\/onlineharassmentfieldmanual.pen.org\/es\/wp-json\/wp\/v2\/comments?post=2642"}],"version-history":[{"count":11,"href":"https:\/\/onlineharassmentfieldmanual.pen.org\/es\/wp-json\/wp\/v2\/pages\/2642\/revisions"}],"predecessor-version":[{"id":3245,"href":"https:\/\/onlineharassmentfieldmanual.pen.org\/es\/wp-json\/wp\/v2\/pages\/2642\/revisions\/3245"}],"wp:attachment":[{"href":"https:\/\/onlineharassmentfieldmanual.pen.org\/es\/wp-json\/wp\/v2\/media?parent=2642"}],"wp:term":[{"taxonomy":"category","embeddable":true,"href":"https:\/\/onlineharassmentfieldmanual.pen.org\/es\/wp-json\/wp\/v2\/categories?post=2642"},{"taxonomy":"post_tag","embeddable":true,"href":"https:\/\/onlineharassmentfieldmanual.pen.org\/es\/wp-json\/wp\/v2\/tags?post=2642"}],"curies":[{"name":"wp","href":"https:\/\/api.w.org\/{rel}","templated":true}]}}