{"id":2634,"date":"2021-06-15T14:56:07","date_gmt":"2021-06-15T14:56:07","guid":{"rendered":"https:\/\/onlineharassmentfieldmanual.pen.org\/guidelines-for-safely-practicing-counterspeech\/"},"modified":"2023-02-23T16:04:39","modified_gmt":"2023-02-23T16:04:39","slug":"practica-contradiscurso-forma-segura","status":"publish","type":"page","link":"https:\/\/onlineharassmentfieldmanual.pen.org\/es\/practica-contradiscurso-forma-segura\/","title":{"rendered":"Practica el contradiscurso en forma segura"},"content":{"rendered":"<p><span class=\"coral\">Ante la pregunta de si es conveniente o no \u00abalimentar a los troles\u00bb, algunas personas afirman que no debe hacerse bajo ninguna circunstancia. Otras argumentan que el riesgo es mayor que la recompensa: una confrontaci\u00f3n puede intensificar el acoso o recompensar inadvertidamente al trol por su comportamiento (a menudo, quienes agreden por internet pueden tener como \u00fanico objetivo saber que arruinaron tu d\u00eda). Lo cierto es que en muchos casos resulta inseguro, m\u00e1s que improductivo, interactuar directamente con quien acosa en l\u00ednea.\u00a0\u00a0<\/span><\/p>\n<p><strong>Si deseas confrontar a una persona acosadora puedes escribirle de forma directa, pero esa no es la \u00fanica opci\u00f3n.<\/strong> Puedes hacer una declaraci\u00f3n en tus redes sociales, comunidades y\/o al p\u00fablico en la que expliques por qu\u00e9 el acoso en tu contra es inaceptable y debe parar. O puedes convocar a tus comunidades de apoyo en l\u00ednea para contestar. Practicar el contradiscurso es empoderante, siempre y cuando se realice de forma segura.<\/p>\n<p>Es imposible conocer las intenciones que mueven a cada agresor (o grupo de agresores) y prever c\u00f3mo reaccionar\u00e1 ante una respuesta directa. Identificar los tipos de agresiones y el tipo de agresor al que te enfrentas te har\u00e1 a valorar mejor qu\u00e9 tipo de respuesta debes articular.<\/p>\n<p>En opini\u00f3n de escritores y periodistas, desafiar la prepotencia de los troles en l\u00ednea, responder con un contradiscurso o confrontar directamente a quien est\u00e1 acosando es un paso importante, que te fortalece, para contrarrestar el acoso en l\u00ednea y recuperar el control de las narrativas sobre tu vida y tu trabajo.<\/p>\n<p>Por supuesto, responder o no y c\u00f3mo hacerlo es una elecci\u00f3n personal.<\/p>\n<p>Como organizaci\u00f3n que defiende la libertad de expresi\u00f3n, PEN America cree que usar tu voz en espacios en los que otras personas intentan censurarla constituye una de las herramientas m\u00e1s poderosas con que cuentas.<\/p>\n<p>A continuaci\u00f3n compartimos una serie de pautas que PEN America recomienda seguir al momento de decidir si se responde o no a una persona acosadora en l\u00ednea. Esta gu\u00eda se ha elaborado con la ayuda de profesionales de la salud mental, pensando en tu bienestar y seguridad.<\/p>\n<h2>1. Eval\u00faa el nivel de riesgo<\/h2>\n<p>Antes de optar por enfrentarte a una persona acosadora en internet, debes realizar una evaluaci\u00f3n honesta del nivel de la amenaza, tanto en t\u00e9rminos de seguridad f\u00edsica como digital. Trabaja con las preguntas de la secci\u00f3n <a href=\"https:\/\/onlineharassmentfieldmanual.pen.org\/es\/evaluar-amenazas\/\">Evaluar las amenazas<\/a>\u00a0y recuerda: conf\u00eda en tu criterio y sigue tus instintos. T\u00fa eres quien mejor puede determinar qu\u00e9 tanto la interacci\u00f3n con un trol acrecentar\u00e1 el acoso o pondr\u00e1 en peligro tu seguridad.<\/p>\n<p>Para tener m\u00e1s claro a qu\u00e9 nivel de amenaza te enfrentas, ten en cuenta estas pautas:<\/p>\n<ul>\n<li>Si crees que est\u00e1s enfrentando una amenaza leg\u00edtima a tu integridad f\u00edsica, no le respondas al agresor. Valora si es seguro levantar una denuncia y contacta a personas cercanas, a tus empleadores o a miembros de tu comunidad para que te proporcionen apoyo y, de ser necesario, vivienda segura temporalmente. (Considera lo anterior antes de comunicarte con la polic\u00eda y aseg\u00farate de documentar el acoso en tu contra).<\/li>\n<li>Si crees que la persona que te acosa no representa ning\u00fan riesgo para tu seguridad f\u00edsica pero parece lo suficientemente vol\u00e1til como para continuar con el acoso en l\u00ednea, no vale la pena responder.<\/li>\n<li>Si crees que la persona que te acosa no representa una amenaza f\u00edsica y que no aumentar\u00e1 el acoso una vez que lo confrontes, entonces contesta; lo m\u00e1s probable es que esa interacci\u00f3n sea \u00fatil para ti.<\/li>\n<li>Si crees que la persona que te acosa no representa una amenaza f\u00edsica y que el riesgo de acoso en l\u00ednea intensificado vale la pena por los beneficios emocionales que experimentar\u00e1s al confrontar a tu acosador en l\u00ednea, puede ser una interacci\u00f3n positiva para ti.<\/li>\n<\/ul>\n<p>Estas mismas valoraciones pueden servirte para deducir si vale la pena contestar o no a un ataque de un grupo de acosadores en l\u00ednea.<\/p>\n<h2>2. Eval\u00faa si est\u00e1s lista para una confrontaci\u00f3n<\/h2>\n<p>Piensa en enfrentar a un acosador en l\u00ednea hasta que te sientas emocionalmente preparada para hacerlo.\u00a0Interactuar con una persona acosadora cuando te encuentras muy alterada s\u00f3lo agudizar\u00e1 el acoso o facilitar\u00e1 que agresiones subsecuentes tengan un impacto a\u00fan m\u00e1s da\u00f1ino.<\/p>\n<p>\u00bfC\u00f3mo saber si est\u00e1s lista? Las siguientes preguntas te ayudar\u00e1n a evaluar tu estado emocional:<\/p>\n<ul>\n<li>\u00bfEst\u00e1s reflexionando o sobreanalizando el acoso constantemente? \u00bfDurante el d\u00eda tienes pensamientos sobre el acoso en l\u00ednea que est\u00e1s viviendo, lo que interfiere con tu trabajo o interrumpe tu vida social?<\/li>\n<li>\u00bfEst\u00e1s m\u00e1s interesada en tomar represalias y humillar al trol, que en defenderte y defender tus ideas?<\/li>\n<li>Cuando piensas en el acoso en l\u00ednea que padeces \u00bfte agitas?, \u00bfte enojas? De ser as\u00ed, \u00bflogras calmarte?<\/li>\n<\/ul>\n<p>Si te es dif\u00edcil encontrar la calma cada vez que surge en tu mente el acoso en l\u00ednea, o si tienes pensamientos obsesivos de venganza y represalia, no est\u00e1s lista para confrontar a tu acosador.<\/p>\n<p>Antes de ello debes recuperar tu serenidad; aqu\u00ed te damos recomendaciones sobre <a href=\"https:\/\/onlineharassmentfieldmanual.pen.org\/es\/procurar-autocuidado\/\">C\u00f3mo procurar el autocuidado<\/a>. Cuando tus mecanismos de defensa te permitan volver a la calma si est\u00e1s alterada, y te encuentres menos obsesionada con da\u00f1ar al trol y m\u00e1s decidida a terminar con el acoso, estar\u00e1s lista para el siguiente paso.<\/p>\n<h2>3. T\u00fa decides c\u00f3mo y d\u00f3nde confrontar al acosador<\/h2>\n<p>Dar la cara a quien te est\u00e1 acosando en l\u00ednea no significa que le env\u00edes un mensaje directo o que nombres de forma individual a la persona agresora (en un escenario en el que te atacan desde varias cuentas no podr\u00e1s dirigirte a personas espec\u00edficas, as\u00ed que deber\u00e1s enfrentar el acoso de manera general).<\/p>\n<p>La confrontaci\u00f3n con quien te acosa puede tomar varias formas. Por ejemplo, la publicaci\u00f3n en redes sociales de una declaraci\u00f3n en la que condenes la forma particular de violencia que est\u00e1s sufriendo. Tambi\u00e9n puedes convocar a comunidades de apoyo en l\u00ednea para desarrollar una estrategia que ayude a corregir una narrativa difamatoria en tu contra. Una opci\u00f3n m\u00e1s es hacer capturas de pantalla y difundir los mensajes de odio en tu contra para resaltar lo indignante de este comportamiento, como eligi\u00f3 hacer la periodista Julia Ioffe durante un episodio de acoso en l\u00ednea en 2016, cuando fue bombardeada con tuits antisemitas; sus esfuerzos sirvieron para resaltar la gravedad del acoso y le permitieron recuperar el control de al menos una parte de la narrativa.<\/p>\n<p>Si est\u00e1s sopesando denunciar p\u00fablicamente las agresiones, no olvides que quienes lo hacen suelen recibir nuevas oleadas de agresiones al visibilizar el acoso en plataformas con mayor alcance.<\/p>\n<p>Antes de confrontar a quien te est\u00e1 agrediendo hazte estas preguntas:<\/p>\n<ul>\n<li>\u00bfEs importante para ti posicionarte p\u00fablicamente contra el acoso en la misma plataforma donde ocurri\u00f3, o preferir\u00edas hacer una declaraci\u00f3n en una plataforma diferente?<\/li>\n<li>\u00bfTe preocupa m\u00e1s enfrentarte al trol directamente, o condenar su forma espec\u00edfica de comportamiento?<\/li>\n<li>\u00bfTu inter\u00e9s principal es desacreditar las falsas afirmaciones hechas en tu contra y dejar las cosas claras, o visibilizar este tipo de comportamientos da\u00f1inos?<\/li>\n<\/ul>\n<p>Recuerda: hablar sobre el acoso en l\u00ednea, incluso cuando no est\u00e1 involucrada directamente la persona agresora, es una forma efectiva de contraatacar. Condenar el acoso en lugar de al acosador es otro modo de prevenir una mayor escalada.<\/p>\n<h2>4. Establece tu objetivo final<\/h2>\n<p>Reflexiona y define para ti qu\u00e9 es lo que deseas lograr con tu contradiscurso:<\/p>\n<ul>\n<li>\u00bfSocavar el mensaje con humor?<\/li>\n<li>\u00bfCrear conciencia sobre una actitud o creencia espec\u00edfica que consideras da\u00f1ina?<\/li>\n<li>\u00bfInvolucrar a otras personas en la difusi\u00f3n de tu mensaje?<\/li>\n<\/ul>\n<p>Prep\u00e1rate, ya que podr\u00eda suceder que no cambies la opini\u00f3n de tu atacante. Sin embargo, lograr\u00e1s dejar las cosas claras y convertirte en un ejemplo positivo para las dem\u00e1s personas que reciben ataques en l\u00ednea.<\/p>\n<h2>5. Utiliza un lenguaje que desactive el acoso<\/h2>\n<p>Bajo un ataque es f\u00e1cil olvidar que quienes son culpables de deshumanizarte en internet son humanos tambi\u00e9n (a menos que sean bots). Puede parecerte imposible generar empat\u00eda con tu atacante, lo cual es comprensible. Sea que te resulte \u00fatil o no considerar al ser humano detr\u00e1s de los mensajes de odio, la siguiente informaci\u00f3n te servir\u00e1 para redactar mensajes destinados a suavizar \u2013en vez de exacerbar\u2013 una situaci\u00f3n tensa, y garantizar que transmitas tu punto de vista de manera clara y firme:<\/p>\n<ul>\n<li><strong>Condena el contenido de la agresi\u00f3n m\u00e1s que a la persona que acosa. <\/strong>Es probable que tengas una conversaci\u00f3n m\u00e1s productiva si quien te agrede en l\u00ednea no se siente directamente se\u00f1alado de vuelta.<\/li>\n<\/ul>\n<ul>\n<li><strong>Haz expl\u00edcitas las consecuencias del acoso y c\u00f3mo te afectan a ti o a tu comunidad.<\/strong> Mencionar expresamente c\u00f3mo una agresi\u00f3n te perjudica a ti o a la comunidad a la que perteneces da una idea precisa del impacto que tiene, y lleva a que el odio en l\u00ednea pase de representar un problema te\u00f3rico a hacer un da\u00f1o concreto. Adem\u00e1s, invita a quien te acosa a darse cuenta de que sus acciones tienen un impacto real, lo que le puede resultar dif\u00edcil de comprender cuando est\u00e1 al otro lado de una computadora, lejos del blanco de sus ataques.<\/li>\n<\/ul>\n<ul>\n<li><strong>Evita insultar, usar lenguaje hostil o amenazar a quien te acosa. <\/strong>Es tentador, pero, igualmente, es casi seguro que empeorar\u00e1 las cosas.<\/li>\n<\/ul>\n<ul>\n<li><strong>Busca una forma de expresar tu humanidad<\/strong>. Si existe un aspecto identificable de tu persona que est\u00e1 siendo atacado \u2013creencias, antecedentes, caracter\u00edsticas f\u00edsicas\u2013, manifiesta que a ti te hace sentir orgullo e int\u00e9gralo en tu reclamo.<\/li>\n<\/ul>\n<h2>6. Ejemplos de contradiscurso en acci\u00f3n<\/h2>\n<p>El contradiscurso es una herramienta \u00fatil tambi\u00e9n para quienes atestiguan un caso de acoso en l\u00ednea y desean ayudar. Algunas acciones con que pueden intervenir:<\/p>\n<ul>\n<li>Retuitear mensajes de odio junto con una declaraci\u00f3n expl\u00edcita sobre lo que hace que el mensaje sea tan nocivo, tan t\u00f3xico.<\/li>\n<li>Recuperar un <em>hashtag <\/em>utilizado para promover lenguaje discriminatorio, inund\u00e1ndolo con mensajes positivos.<\/li>\n<li>Convocar a comunidades de apoyo en l\u00ednea para redirigir la conversaci\u00f3n \u2013en una secci\u00f3n de comentarios o hilo de Twitter\u2013 con una serie de mensajes positivos y constructivos.<\/li>\n<\/ul>\n<p><a href=\"https:\/\/www.youtube.com\/watch?v=RZfaA4AQ9VU\" target=\"_blank\" rel=\"noopener noreferrer\">Campa\u00f1a \u201cVersus el abuso, la violencia y la discriminaci\u00f3n\u201d<\/a><br \/>\nEn 2017, Marion Reimers, Ver\u00f3nica Rodr\u00edguez y Jimena S\u00e1nchez, periodistas de deportes en M\u00e9xico, lanzaron la campa\u00f1a <a href=\"https:\/\/verne.elpais.com\/verne\/2017\/02\/27\/mexico\/1488150620_563816.html\" target=\"_blank\" rel=\"noopener noreferrer\">Versus para contrarrestar la violencia machista en internet<\/a>. El video de la campa\u00f1a muestra sin censura los mensajes sexistas, el acoso y las amenazas expl\u00edcitas que reciben frecuentemente, y hace un llamado a poner un alto a la violencia en l\u00ednea por razones de g\u00e9nero.<\/p>\n<p><a href=\"https:\/\/articulo19.org\/periodista-es-acosada-y-amenazada-por-redes-sociales-tras-hacer-publica-su-denuncia-por-acoso\/\" target=\"_blank\" rel=\"noopener noreferrer\">#TeamPlaqueta<\/a><br \/>\nTras las amenazas y agresiones que recibi\u00f3 la periodista Tamara de Anda \u2013conocida como Plaqueta\u2013 en redes sociales despu\u00e9s de compartir p\u00fablicamente una denuncia de acoso callejero, su comunidad, amistades y colegas publicaron mensajes de apoyo en redes sociales usando la etiqueta #TeamPlaqueta. Posteriormente la periodista difundi\u00f3 <a href=\"https:\/\/www.facebook.com\/Malvestida\/videos\/plaqueta-lee-mensajes-de-sus-haters\/1409382215750234\/\" target=\"_blank\" rel=\"noopener noreferrer\">un video en el medio Malvestida en el que lee con un poco de humor los mensajes dirigidos a ella<\/a>.<\/p>\n<p>Es posible que haya casos en los que respondas y no salgan tan bien como te gustar\u00eda, mientras que otros obtengas resultados sorprendentes. Si sigues las recomendaciones anteriores y una confrontaci\u00f3n no produce un resultado \u00fatil, si\u00e9ntete satisfecha por haber alzado la voz y porque la persona que te agredi\u00f3 en l\u00ednea no logr\u00f3 silenciarte.<\/p>\n","protected":false},"excerpt":{"rendered":"<p>Ante la pregunta de si es conveniente o no \u00abalimentar a los troles\u00bb, algunas personas afirman que no debe hacerse bajo ninguna circunstancia. Otras argumentan que el riesgo es mayor que la recompensa: una confrontaci\u00f3n puede intensificar el acoso o recompensar inadvertidamente al trol por su comportamiento (a menudo, quienes agreden por internet pueden tener&hellip;<\/p>\n","protected":false},"author":10,"featured_media":0,"parent":0,"menu_order":0,"comment_status":"closed","ping_status":"closed","template":"","meta":{"footnotes":""},"categories":[],"tags":[219,220,221,222,217,218],"class_list":["post-2634","page","type-page","status-publish","hentry","tag-confront-es","tag-counterspeech-es","tag-feeding-the-trolls-es","tag-react-es","tag-reply-es","tag-respond-es","entry","no-media"],"yoast_head":"<!-- This site is optimized with the Yoast SEO plugin v27.2 - https:\/\/yoast.com\/product\/yoast-seo-wordpress\/ -->\n<title>Practica el contradiscurso en forma segura - Manual contra el acoso en l\u00ednea<\/title>\n<meta name=\"description\" content=\"Ante la pregunta sobre si &quot;alimentar o no a los troles&quot;, hay mucha informaci\u00f3n contradictoria. Para algunas personas, el contra discurso puede empoderar, siempre y cuando sea seguro como respuesta.\" \/>\n<meta name=\"robots\" content=\"index, follow, max-snippet:-1, max-image-preview:large, max-video-preview:-1\" \/>\n<link rel=\"canonical\" href=\"https:\/\/onlineharassmentfieldmanual.pen.org\/es\/practica-contradiscurso-forma-segura\/\" \/>\n<meta property=\"og:locale\" content=\"es_ES\" \/>\n<meta property=\"og:type\" content=\"article\" \/>\n<meta property=\"og:title\" content=\"Practica el contradiscurso en forma segura - Manual contra el acoso en l\u00ednea\" \/>\n<meta property=\"og:description\" content=\"Ante la pregunta sobre si &quot;alimentar o no a los troles&quot;, hay mucha informaci\u00f3n contradictoria. Para algunas personas, el contra discurso puede empoderar, siempre y cuando sea seguro como respuesta.\" \/>\n<meta property=\"og:url\" content=\"https:\/\/onlineharassmentfieldmanual.pen.org\/es\/practica-contradiscurso-forma-segura\/\" \/>\n<meta property=\"og:site_name\" content=\"Manual contra el acoso en l\u00ednea\" \/>\n<meta property=\"article:modified_time\" content=\"2023-02-23T16:04:39+00:00\" \/>\n<meta name=\"twitter:card\" content=\"summary_large_image\" \/>\n<meta name=\"twitter:label1\" content=\"Tiempo de lectura\" \/>\n\t<meta name=\"twitter:data1\" content=\"9 minutos\" \/>\n<script type=\"application\/ld+json\" class=\"yoast-schema-graph\">{\"@context\":\"https:\/\/schema.org\",\"@graph\":[{\"@type\":\"WebPage\",\"@id\":\"https:\/\/onlineharassmentfieldmanual.pen.org\/es\/practica-contradiscurso-forma-segura\/\",\"url\":\"https:\/\/onlineharassmentfieldmanual.pen.org\/es\/practica-contradiscurso-forma-segura\/\",\"name\":\"Practica el contradiscurso en forma segura - Manual contra el acoso en l\u00ednea\",\"isPartOf\":{\"@id\":\"https:\/\/onlineharassmentfieldmanual.pen.org\/#website\"},\"datePublished\":\"2021-06-15T14:56:07+00:00\",\"dateModified\":\"2023-02-23T16:04:39+00:00\",\"description\":\"Ante la pregunta sobre si \\\"alimentar o no a los troles\\\", hay mucha informaci\u00f3n contradictoria. Para algunas personas, el contra discurso puede empoderar, siempre y cuando sea seguro como respuesta.\",\"breadcrumb\":{\"@id\":\"https:\/\/onlineharassmentfieldmanual.pen.org\/es\/practica-contradiscurso-forma-segura\/#breadcrumb\"},\"inLanguage\":\"es\",\"potentialAction\":[{\"@type\":\"ReadAction\",\"target\":[\"https:\/\/onlineharassmentfieldmanual.pen.org\/es\/practica-contradiscurso-forma-segura\/\"]}]},{\"@type\":\"BreadcrumbList\",\"@id\":\"https:\/\/onlineharassmentfieldmanual.pen.org\/es\/practica-contradiscurso-forma-segura\/#breadcrumb\",\"itemListElement\":[{\"@type\":\"ListItem\",\"position\":1,\"name\":\"Inicio\",\"item\":\"https:\/\/onlineharassmentfieldmanual.pen.org\/es\/\"},{\"@type\":\"ListItem\",\"position\":2,\"name\":\"Practica el contradiscurso en forma segura\"}]},{\"@type\":\"WebSite\",\"@id\":\"https:\/\/onlineharassmentfieldmanual.pen.org\/#website\",\"url\":\"https:\/\/onlineharassmentfieldmanual.pen.org\/\",\"name\":\"Manual contra el acoso en l\u00ednea\",\"description\":\"PEN America\",\"publisher\":{\"@id\":\"https:\/\/onlineharassmentfieldmanual.pen.org\/#organization\"},\"potentialAction\":[{\"@type\":\"SearchAction\",\"target\":{\"@type\":\"EntryPoint\",\"urlTemplate\":\"https:\/\/onlineharassmentfieldmanual.pen.org\/?s={search_term_string}\"},\"query-input\":{\"@type\":\"PropertyValueSpecification\",\"valueRequired\":true,\"valueName\":\"search_term_string\"}}],\"inLanguage\":\"es\"},{\"@type\":\"Organization\",\"@id\":\"https:\/\/onlineharassmentfieldmanual.pen.org\/#organization\",\"name\":\"Manual contra el acoso en l\u00ednea\",\"url\":\"https:\/\/onlineharassmentfieldmanual.pen.org\/\",\"logo\":{\"@type\":\"ImageObject\",\"inLanguage\":\"es\",\"@id\":\"https:\/\/onlineharassmentfieldmanual.pen.org\/#\/schema\/logo\/image\/\",\"url\":\"https:\/\/onlineharassmentfieldmanual.pen.org\/wp-content\/uploads\/2018\/04\/pen-logo.png\",\"contentUrl\":\"https:\/\/onlineharassmentfieldmanual.pen.org\/wp-content\/uploads\/2018\/04\/pen-logo.png\",\"width\":552,\"height\":210,\"caption\":\"Manual contra el acoso en l\u00ednea\"},\"image\":{\"@id\":\"https:\/\/onlineharassmentfieldmanual.pen.org\/#\/schema\/logo\/image\/\"}}]}<\/script>\n<!-- \/ Yoast SEO plugin. -->","yoast_head_json":{"title":"Practica el contradiscurso en forma segura - Manual contra el acoso en l\u00ednea","description":"Ante la pregunta sobre si \"alimentar o no a los troles\", hay mucha informaci\u00f3n contradictoria. Para algunas personas, el contra discurso puede empoderar, siempre y cuando sea seguro como respuesta.","robots":{"index":"index","follow":"follow","max-snippet":"max-snippet:-1","max-image-preview":"max-image-preview:large","max-video-preview":"max-video-preview:-1"},"canonical":"https:\/\/onlineharassmentfieldmanual.pen.org\/es\/practica-contradiscurso-forma-segura\/","og_locale":"es_ES","og_type":"article","og_title":"Practica el contradiscurso en forma segura - Manual contra el acoso en l\u00ednea","og_description":"Ante la pregunta sobre si \"alimentar o no a los troles\", hay mucha informaci\u00f3n contradictoria. Para algunas personas, el contra discurso puede empoderar, siempre y cuando sea seguro como respuesta.","og_url":"https:\/\/onlineharassmentfieldmanual.pen.org\/es\/practica-contradiscurso-forma-segura\/","og_site_name":"Manual contra el acoso en l\u00ednea","article_modified_time":"2023-02-23T16:04:39+00:00","twitter_card":"summary_large_image","twitter_misc":{"Tiempo de lectura":"9 minutos"},"schema":{"@context":"https:\/\/schema.org","@graph":[{"@type":"WebPage","@id":"https:\/\/onlineharassmentfieldmanual.pen.org\/es\/practica-contradiscurso-forma-segura\/","url":"https:\/\/onlineharassmentfieldmanual.pen.org\/es\/practica-contradiscurso-forma-segura\/","name":"Practica el contradiscurso en forma segura - Manual contra el acoso en l\u00ednea","isPartOf":{"@id":"https:\/\/onlineharassmentfieldmanual.pen.org\/#website"},"datePublished":"2021-06-15T14:56:07+00:00","dateModified":"2023-02-23T16:04:39+00:00","description":"Ante la pregunta sobre si \"alimentar o no a los troles\", hay mucha informaci\u00f3n contradictoria. Para algunas personas, el contra discurso puede empoderar, siempre y cuando sea seguro como respuesta.","breadcrumb":{"@id":"https:\/\/onlineharassmentfieldmanual.pen.org\/es\/practica-contradiscurso-forma-segura\/#breadcrumb"},"inLanguage":"es","potentialAction":[{"@type":"ReadAction","target":["https:\/\/onlineharassmentfieldmanual.pen.org\/es\/practica-contradiscurso-forma-segura\/"]}]},{"@type":"BreadcrumbList","@id":"https:\/\/onlineharassmentfieldmanual.pen.org\/es\/practica-contradiscurso-forma-segura\/#breadcrumb","itemListElement":[{"@type":"ListItem","position":1,"name":"Inicio","item":"https:\/\/onlineharassmentfieldmanual.pen.org\/es\/"},{"@type":"ListItem","position":2,"name":"Practica el contradiscurso en forma segura"}]},{"@type":"WebSite","@id":"https:\/\/onlineharassmentfieldmanual.pen.org\/#website","url":"https:\/\/onlineharassmentfieldmanual.pen.org\/","name":"Manual contra el acoso en l\u00ednea","description":"PEN America","publisher":{"@id":"https:\/\/onlineharassmentfieldmanual.pen.org\/#organization"},"potentialAction":[{"@type":"SearchAction","target":{"@type":"EntryPoint","urlTemplate":"https:\/\/onlineharassmentfieldmanual.pen.org\/?s={search_term_string}"},"query-input":{"@type":"PropertyValueSpecification","valueRequired":true,"valueName":"search_term_string"}}],"inLanguage":"es"},{"@type":"Organization","@id":"https:\/\/onlineharassmentfieldmanual.pen.org\/#organization","name":"Manual contra el acoso en l\u00ednea","url":"https:\/\/onlineharassmentfieldmanual.pen.org\/","logo":{"@type":"ImageObject","inLanguage":"es","@id":"https:\/\/onlineharassmentfieldmanual.pen.org\/#\/schema\/logo\/image\/","url":"https:\/\/onlineharassmentfieldmanual.pen.org\/wp-content\/uploads\/2018\/04\/pen-logo.png","contentUrl":"https:\/\/onlineharassmentfieldmanual.pen.org\/wp-content\/uploads\/2018\/04\/pen-logo.png","width":552,"height":210,"caption":"Manual contra el acoso en l\u00ednea"},"image":{"@id":"https:\/\/onlineharassmentfieldmanual.pen.org\/#\/schema\/logo\/image\/"}}]}},"_links":{"self":[{"href":"https:\/\/onlineharassmentfieldmanual.pen.org\/es\/wp-json\/wp\/v2\/pages\/2634","targetHints":{"allow":["GET"]}}],"collection":[{"href":"https:\/\/onlineharassmentfieldmanual.pen.org\/es\/wp-json\/wp\/v2\/pages"}],"about":[{"href":"https:\/\/onlineharassmentfieldmanual.pen.org\/es\/wp-json\/wp\/v2\/types\/page"}],"author":[{"embeddable":true,"href":"https:\/\/onlineharassmentfieldmanual.pen.org\/es\/wp-json\/wp\/v2\/users\/10"}],"replies":[{"embeddable":true,"href":"https:\/\/onlineharassmentfieldmanual.pen.org\/es\/wp-json\/wp\/v2\/comments?post=2634"}],"version-history":[{"count":11,"href":"https:\/\/onlineharassmentfieldmanual.pen.org\/es\/wp-json\/wp\/v2\/pages\/2634\/revisions"}],"predecessor-version":[{"id":4596,"href":"https:\/\/onlineharassmentfieldmanual.pen.org\/es\/wp-json\/wp\/v2\/pages\/2634\/revisions\/4596"}],"wp:attachment":[{"href":"https:\/\/onlineharassmentfieldmanual.pen.org\/es\/wp-json\/wp\/v2\/media?parent=2634"}],"wp:term":[{"taxonomy":"category","embeddable":true,"href":"https:\/\/onlineharassmentfieldmanual.pen.org\/es\/wp-json\/wp\/v2\/categories?post=2634"},{"taxonomy":"post_tag","embeddable":true,"href":"https:\/\/onlineharassmentfieldmanual.pen.org\/es\/wp-json\/wp\/v2\/tags?post=2634"}],"curies":[{"name":"wp","href":"https:\/\/api.w.org\/{rel}","templated":true}]}}