{"id":2626,"date":"2021-06-15T13:45:13","date_gmt":"2021-06-15T13:45:13","guid":{"rendered":"https:\/\/onlineharassmentfieldmanual.pen.org\/navigating-comments-sections-message-boards\/"},"modified":"2021-06-16T23:12:13","modified_gmt":"2021-06-16T23:12:13","slug":"navegar-secciones-comentarios-foros-discusion","status":"publish","type":"page","link":"https:\/\/onlineharassmentfieldmanual.pen.org\/es\/navegar-secciones-comentarios-foros-discusion\/","title":{"rendered":"Navegar en secciones de comentarios y foros\u00a0de discusi\u00f3n"},"content":{"rendered":"<p><span class=\"coral\">Las secciones de comentarios y los foros de discusi\u00f3n ofrecen espacios para participar en debates enriquecedores y conocer comunidades de personas con ideas afines. Pero tambi\u00e9n pueden ser invadidos por troles con la intenci\u00f3n de causar conflicto, o llegar a convertirse en espacios de ataques ad hominem: es decir, cuando una persona ataca directamente a quien presenta un argumento, en lugar de atacar el argumento que se ha presentado.<\/span><\/p>\n<p>A continuaci\u00f3n se sugieren medidas preventivas que mitigar\u00edan el impacto en caso de tener que enfrentar una situaci\u00f3n de acoso en dichos espacios.<\/p>\n<ul>\n<li><strong>Elige un nombre de usuario que no revele informaci\u00f3n de identificaci\u00f3n personal<\/strong> como tu nombre real, origen \u00e9tnico, edad, religi\u00f3n, g\u00e9nero, orientaci\u00f3n sexual, intereses espec\u00edficos. Algunas personas pueden estar orgullosas de las caracter\u00edsticas que las distinguen y querer mencionarlas en sus identidades en l\u00ednea, pero a otras les puede preocupar que esta informaci\u00f3n sea utilizada en su contra. S\u00f3lo t\u00fa puedes juzgar qu\u00e9 nombre de usuario es seguro y adecuado para ti, pero considera pros y contras.<\/li>\n<\/ul>\n<ul>\n<li><strong>Anota un correo electr\u00f3nico secundario <\/strong>en caso de que tengas que registrarlo \u2013y hacerlo p\u00fablico\u2013 para participar en un foro. Proporciona uno que no est\u00e9 vinculado a tu vida personal o profesional y que no revele informaci\u00f3n personal.<\/li>\n<\/ul>\n<ul>\n<li><strong>Ten en cuenta las pol\u00edticas de moderaci\u00f3n.<\/strong> Algunos foros cuentan con una <a href=\"https:\/\/motherboard.vice.com\/en_us\/article\/a3jkd4\/the-reddit-moderator-getting-a-phd-in-online-moderation\" target=\"_blank\" rel=\"noopener noreferrer\">persona que modera<\/a> [en ingl\u00e9s] y hace cumplir las reglas de conducta, otros no. Si eliges participar en debates o conversaciones en l\u00ednea no moderadas, piensa que es posible que el lenguaje violento, las im\u00e1genes, las intimidaciones o amenazas de violencia no se eliminen de inmediato, o en absoluto, incluso si violan los t\u00e9rminos de convivencia del foro.<\/li>\n<\/ul>\n<ul>\n<li><strong>Busca los procedimientos de queja.<\/strong> Si te atacan directamente en el foro, de una forma que infringe las condiciones del servicio, sabr\u00e1s a qui\u00e9n dirigir una denuncia. Para averiguar c\u00f3mo proceder si la agresi\u00f3n se da en los comentarios dentro de una red social, visita las secciones: \u201cReportar en plataformas\u201d y \u201cBloquear, silenciar y restringir\u201d de este manual.<\/li>\n<\/ul>\n<ul>\n<li><strong>Desescalar y seguir adelante.<\/strong> En la mayor\u00eda de los casos, interactuar con una persona agresora en l\u00ednea s\u00f3lo avivar\u00e1 las brasas y te har\u00e1 vulnerable a ataques fuera del foro donde comenz\u00f3 el intercambio. Lo mejor ser\u00e1 que te tomes un descanso de la conversaci\u00f3n y dejes atr\u00e1s al atacante. Pero si es un foro que te importa y no deseas salir de la conversaci\u00f3n, prueba estas estrategias:<\/li>\n<\/ul>\n<ul>\n<li style=\"list-style-type: none;\">\n<ul>\n<li><strong>Haz una declaraci\u00f3n contundente<\/strong>, con un lenguaje firme pero no inflamatorio, siguiendo las recomendaciones para confrontar de forma segura a quien te ha agredido. El objetivo es afirmar tu propia voz y establecer por qu\u00e9 el contenido del ataque es da\u00f1ino o inexacto, a la vez que ofreces un mensaje claro de que no te involucrar\u00e1s en un di\u00e1logo improductivo, y que te has comprometido con el contenido real del hilo de conversaci\u00f3n.<\/li>\n<\/ul>\n<\/li>\n<\/ul>\n<ul>\n<li style=\"list-style-type: none;\">\n<ul>\n<li><strong>Suma personas aliadas en el foro.<\/strong> Es m\u00e1s probable que los troles cesen y desistan cuando se enfrentan a la presi\u00f3n de la comunidad. Si la plataforma que hospeda el foro tarda demasiado en responder a la conducta que infringe las reglas de una persona agresora, intenta publicar en el hilo una petici\u00f3n a los dem\u00e1s participantes en la conversaci\u00f3n de que se opongan al comportamiento agresivo. Escribe un mensaje simple y directo, por ejemplo: \u00abMantengamos esta conversaci\u00f3n respetuosa. Demuestra que no toleras los comentarios racistas aqu\u00ed publicando #FinAlRacismo\u00bb. Lo m\u00e1s probable es que el trol no tenga la energ\u00eda o los recursos para enfrentarse a todas las personas que publiquen declaraciones relacionadas con su comportamiento. S\u00f3lo prep\u00e1rate para la posibilidad de que la ira de la persona acosadora aumente luego de ser se\u00f1alada, en cuyo caso podr\u00eda ser bueno tomar un descanso de la conversaci\u00f3n.<\/li>\n<\/ul>\n<\/li>\n<\/ul>\n","protected":false},"excerpt":{"rendered":"<p>Las secciones de comentarios y los foros de discusi\u00f3n ofrecen espacios para participar en debates enriquecedores y conocer comunidades de personas con ideas afines. Pero tambi\u00e9n pueden ser invadidos por troles con la intenci\u00f3n de causar conflicto, o llegar a convertirse en espacios de ataques ad hominem: es decir, cuando una persona ataca directamente a&hellip;<\/p>\n","protected":false},"author":10,"featured_media":0,"parent":0,"menu_order":0,"comment_status":"closed","ping_status":"closed","template":"","meta":{"footnotes":""},"categories":[],"tags":[216,217,218],"class_list":["post-2626","page","type-page","status-publish","hentry","tag-comments-es","tag-reply-es","tag-respond-es","entry","no-media"],"yoast_head":"<!-- This site is optimized with the Yoast SEO plugin v27.2 - https:\/\/yoast.com\/product\/yoast-seo-wordpress\/ -->\n<title>Navegar en secciones de comentarios y foros\u00a0de discusi\u00f3n - Manual contra el acoso en l\u00ednea<\/title>\n<meta name=\"description\" content=\"Aprende a navegar el acoso en l\u00ednea en las secciones de comentarios y foros de mensajes, que a menudo son invadidos por trolls abusivos interesados en generar conflictos.\" \/>\n<meta name=\"robots\" content=\"index, follow, max-snippet:-1, max-image-preview:large, max-video-preview:-1\" \/>\n<link rel=\"canonical\" href=\"https:\/\/onlineharassmentfieldmanual.pen.org\/es\/navegar-secciones-comentarios-foros-discusion\/\" \/>\n<meta property=\"og:locale\" content=\"es_ES\" \/>\n<meta property=\"og:type\" content=\"article\" \/>\n<meta property=\"og:title\" content=\"Navegar en secciones de comentarios y foros\u00a0de discusi\u00f3n - Manual contra el acoso en l\u00ednea\" \/>\n<meta property=\"og:description\" content=\"Aprende a navegar el acoso en l\u00ednea en las secciones de comentarios y foros de mensajes, que a menudo son invadidos por trolls abusivos interesados en generar conflictos.\" \/>\n<meta property=\"og:url\" content=\"https:\/\/onlineharassmentfieldmanual.pen.org\/es\/navegar-secciones-comentarios-foros-discusion\/\" \/>\n<meta property=\"og:site_name\" content=\"Manual contra el acoso en l\u00ednea\" \/>\n<meta property=\"article:modified_time\" content=\"2021-06-16T23:12:13+00:00\" \/>\n<meta name=\"twitter:card\" content=\"summary_large_image\" \/>\n<meta name=\"twitter:label1\" content=\"Tiempo de lectura\" \/>\n\t<meta name=\"twitter:data1\" content=\"3 minutos\" \/>\n<script type=\"application\/ld+json\" class=\"yoast-schema-graph\">{\"@context\":\"https:\/\/schema.org\",\"@graph\":[{\"@type\":\"WebPage\",\"@id\":\"https:\/\/onlineharassmentfieldmanual.pen.org\/es\/navegar-secciones-comentarios-foros-discusion\/\",\"url\":\"https:\/\/onlineharassmentfieldmanual.pen.org\/es\/navegar-secciones-comentarios-foros-discusion\/\",\"name\":\"Navegar en secciones de comentarios y foros\u00a0de discusi\u00f3n - Manual contra el acoso en l\u00ednea\",\"isPartOf\":{\"@id\":\"https:\/\/onlineharassmentfieldmanual.pen.org\/#website\"},\"datePublished\":\"2021-06-15T13:45:13+00:00\",\"dateModified\":\"2021-06-16T23:12:13+00:00\",\"description\":\"Aprende a navegar el acoso en l\u00ednea en las secciones de comentarios y foros de mensajes, que a menudo son invadidos por trolls abusivos interesados en generar conflictos.\",\"breadcrumb\":{\"@id\":\"https:\/\/onlineharassmentfieldmanual.pen.org\/es\/navegar-secciones-comentarios-foros-discusion\/#breadcrumb\"},\"inLanguage\":\"es\",\"potentialAction\":[{\"@type\":\"ReadAction\",\"target\":[\"https:\/\/onlineharassmentfieldmanual.pen.org\/es\/navegar-secciones-comentarios-foros-discusion\/\"]}]},{\"@type\":\"BreadcrumbList\",\"@id\":\"https:\/\/onlineharassmentfieldmanual.pen.org\/es\/navegar-secciones-comentarios-foros-discusion\/#breadcrumb\",\"itemListElement\":[{\"@type\":\"ListItem\",\"position\":1,\"name\":\"Inicio\",\"item\":\"https:\/\/onlineharassmentfieldmanual.pen.org\/es\/\"},{\"@type\":\"ListItem\",\"position\":2,\"name\":\"Navegar en secciones de comentarios y foros\u00a0de discusi\u00f3n\"}]},{\"@type\":\"WebSite\",\"@id\":\"https:\/\/onlineharassmentfieldmanual.pen.org\/#website\",\"url\":\"https:\/\/onlineharassmentfieldmanual.pen.org\/\",\"name\":\"Manual contra el acoso en l\u00ednea\",\"description\":\"PEN America\",\"publisher\":{\"@id\":\"https:\/\/onlineharassmentfieldmanual.pen.org\/#organization\"},\"potentialAction\":[{\"@type\":\"SearchAction\",\"target\":{\"@type\":\"EntryPoint\",\"urlTemplate\":\"https:\/\/onlineharassmentfieldmanual.pen.org\/?s={search_term_string}\"},\"query-input\":{\"@type\":\"PropertyValueSpecification\",\"valueRequired\":true,\"valueName\":\"search_term_string\"}}],\"inLanguage\":\"es\"},{\"@type\":\"Organization\",\"@id\":\"https:\/\/onlineharassmentfieldmanual.pen.org\/#organization\",\"name\":\"Manual contra el acoso en l\u00ednea\",\"url\":\"https:\/\/onlineharassmentfieldmanual.pen.org\/\",\"logo\":{\"@type\":\"ImageObject\",\"inLanguage\":\"es\",\"@id\":\"https:\/\/onlineharassmentfieldmanual.pen.org\/#\/schema\/logo\/image\/\",\"url\":\"https:\/\/onlineharassmentfieldmanual.pen.org\/wp-content\/uploads\/2018\/04\/pen-logo.png\",\"contentUrl\":\"https:\/\/onlineharassmentfieldmanual.pen.org\/wp-content\/uploads\/2018\/04\/pen-logo.png\",\"width\":552,\"height\":210,\"caption\":\"Manual contra el acoso en l\u00ednea\"},\"image\":{\"@id\":\"https:\/\/onlineharassmentfieldmanual.pen.org\/#\/schema\/logo\/image\/\"}}]}<\/script>\n<!-- \/ Yoast SEO plugin. -->","yoast_head_json":{"title":"Navegar en secciones de comentarios y foros\u00a0de discusi\u00f3n - Manual contra el acoso en l\u00ednea","description":"Aprende a navegar el acoso en l\u00ednea en las secciones de comentarios y foros de mensajes, que a menudo son invadidos por trolls abusivos interesados en generar conflictos.","robots":{"index":"index","follow":"follow","max-snippet":"max-snippet:-1","max-image-preview":"max-image-preview:large","max-video-preview":"max-video-preview:-1"},"canonical":"https:\/\/onlineharassmentfieldmanual.pen.org\/es\/navegar-secciones-comentarios-foros-discusion\/","og_locale":"es_ES","og_type":"article","og_title":"Navegar en secciones de comentarios y foros\u00a0de discusi\u00f3n - Manual contra el acoso en l\u00ednea","og_description":"Aprende a navegar el acoso en l\u00ednea en las secciones de comentarios y foros de mensajes, que a menudo son invadidos por trolls abusivos interesados en generar conflictos.","og_url":"https:\/\/onlineharassmentfieldmanual.pen.org\/es\/navegar-secciones-comentarios-foros-discusion\/","og_site_name":"Manual contra el acoso en l\u00ednea","article_modified_time":"2021-06-16T23:12:13+00:00","twitter_card":"summary_large_image","twitter_misc":{"Tiempo de lectura":"3 minutos"},"schema":{"@context":"https:\/\/schema.org","@graph":[{"@type":"WebPage","@id":"https:\/\/onlineharassmentfieldmanual.pen.org\/es\/navegar-secciones-comentarios-foros-discusion\/","url":"https:\/\/onlineharassmentfieldmanual.pen.org\/es\/navegar-secciones-comentarios-foros-discusion\/","name":"Navegar en secciones de comentarios y foros\u00a0de discusi\u00f3n - Manual contra el acoso en l\u00ednea","isPartOf":{"@id":"https:\/\/onlineharassmentfieldmanual.pen.org\/#website"},"datePublished":"2021-06-15T13:45:13+00:00","dateModified":"2021-06-16T23:12:13+00:00","description":"Aprende a navegar el acoso en l\u00ednea en las secciones de comentarios y foros de mensajes, que a menudo son invadidos por trolls abusivos interesados en generar conflictos.","breadcrumb":{"@id":"https:\/\/onlineharassmentfieldmanual.pen.org\/es\/navegar-secciones-comentarios-foros-discusion\/#breadcrumb"},"inLanguage":"es","potentialAction":[{"@type":"ReadAction","target":["https:\/\/onlineharassmentfieldmanual.pen.org\/es\/navegar-secciones-comentarios-foros-discusion\/"]}]},{"@type":"BreadcrumbList","@id":"https:\/\/onlineharassmentfieldmanual.pen.org\/es\/navegar-secciones-comentarios-foros-discusion\/#breadcrumb","itemListElement":[{"@type":"ListItem","position":1,"name":"Inicio","item":"https:\/\/onlineharassmentfieldmanual.pen.org\/es\/"},{"@type":"ListItem","position":2,"name":"Navegar en secciones de comentarios y foros\u00a0de discusi\u00f3n"}]},{"@type":"WebSite","@id":"https:\/\/onlineharassmentfieldmanual.pen.org\/#website","url":"https:\/\/onlineharassmentfieldmanual.pen.org\/","name":"Manual contra el acoso en l\u00ednea","description":"PEN America","publisher":{"@id":"https:\/\/onlineharassmentfieldmanual.pen.org\/#organization"},"potentialAction":[{"@type":"SearchAction","target":{"@type":"EntryPoint","urlTemplate":"https:\/\/onlineharassmentfieldmanual.pen.org\/?s={search_term_string}"},"query-input":{"@type":"PropertyValueSpecification","valueRequired":true,"valueName":"search_term_string"}}],"inLanguage":"es"},{"@type":"Organization","@id":"https:\/\/onlineharassmentfieldmanual.pen.org\/#organization","name":"Manual contra el acoso en l\u00ednea","url":"https:\/\/onlineharassmentfieldmanual.pen.org\/","logo":{"@type":"ImageObject","inLanguage":"es","@id":"https:\/\/onlineharassmentfieldmanual.pen.org\/#\/schema\/logo\/image\/","url":"https:\/\/onlineharassmentfieldmanual.pen.org\/wp-content\/uploads\/2018\/04\/pen-logo.png","contentUrl":"https:\/\/onlineharassmentfieldmanual.pen.org\/wp-content\/uploads\/2018\/04\/pen-logo.png","width":552,"height":210,"caption":"Manual contra el acoso en l\u00ednea"},"image":{"@id":"https:\/\/onlineharassmentfieldmanual.pen.org\/#\/schema\/logo\/image\/"}}]}},"_links":{"self":[{"href":"https:\/\/onlineharassmentfieldmanual.pen.org\/es\/wp-json\/wp\/v2\/pages\/2626","targetHints":{"allow":["GET"]}}],"collection":[{"href":"https:\/\/onlineharassmentfieldmanual.pen.org\/es\/wp-json\/wp\/v2\/pages"}],"about":[{"href":"https:\/\/onlineharassmentfieldmanual.pen.org\/es\/wp-json\/wp\/v2\/types\/page"}],"author":[{"embeddable":true,"href":"https:\/\/onlineharassmentfieldmanual.pen.org\/es\/wp-json\/wp\/v2\/users\/10"}],"replies":[{"embeddable":true,"href":"https:\/\/onlineharassmentfieldmanual.pen.org\/es\/wp-json\/wp\/v2\/comments?post=2626"}],"version-history":[{"count":10,"href":"https:\/\/onlineharassmentfieldmanual.pen.org\/es\/wp-json\/wp\/v2\/pages\/2626\/revisions"}],"predecessor-version":[{"id":2873,"href":"https:\/\/onlineharassmentfieldmanual.pen.org\/es\/wp-json\/wp\/v2\/pages\/2626\/revisions\/2873"}],"wp:attachment":[{"href":"https:\/\/onlineharassmentfieldmanual.pen.org\/es\/wp-json\/wp\/v2\/media?parent=2626"}],"wp:term":[{"taxonomy":"category","embeddable":true,"href":"https:\/\/onlineharassmentfieldmanual.pen.org\/es\/wp-json\/wp\/v2\/categories?post=2626"},{"taxonomy":"post_tag","embeddable":true,"href":"https:\/\/onlineharassmentfieldmanual.pen.org\/es\/wp-json\/wp\/v2\/tags?post=2626"}],"curies":[{"name":"wp","href":"https:\/\/api.w.org\/{rel}","templated":true}]}}